{"id":967,"date":"2024-03-25T15:38:21","date_gmt":"2024-03-25T19:38:21","guid":{"rendered":"https:\/\/lambolivia.com\/?post_type=product&#038;p=967"},"modified":"2025-10-25T11:49:46","modified_gmt":"2025-10-25T15:49:46","slug":"alpaca-scarf-teddy","status":"publish","type":"product","link":"https:\/\/lambolivia.com\/es\/producto\/alpaca-scarf-teddy\/","title":{"rendered":"Bufanda de Alpaca Teddy"},"content":{"rendered":"<h3><strong>Bufanda de Alpaca Teddy<\/strong><\/h3>\n<p>Sum\u00e9rgete en el acogedor abrazo del invierno con nuestra Bufanda de Alpaca Teddy, un lujoso accesorio dise\u00f1ado para elevar tu guardarropa de clima fr\u00edo a nuevos niveles de comodidad y estilo. Inspirada en el encanto atemporal de los abrazos de los osos de peluche, esta bufanda promete envolverte en calidez y suavidad, haciendo de cada salida un asunto deliciosamente acogedor.<\/p>\n<p>Confeccionado con la mejor lana de alpaca boliviana, cada Bufanda de Alpaca Teddy es un testimonio de la exquisita artesan\u00eda y la belleza natural de las fibras de alpaca. La textura lujosa y la sensaci\u00f3n placentera de la bufanda recuerdan a tu compa\u00f1ero de abrazos favorito de la infancia, brindando una sensaci\u00f3n de comodidad y seguridad dondequiera que vayas.<\/p>\n<p>Envu\u00e9lvete en la suntuosa suavidad de la Bufanda de Alpaca Teddy mientras navegas por las ma\u00f1anas heladas y las noches fr\u00edas. Su naturaleza liviana pero aislante lo convierte en el accesorio perfecto para desafiar los elementos con estilo y gracia, asegur\u00e1ndose de estar c\u00f3modo y con estilo durante toda la temporada.<\/p>\n<p>Eleva tu guardarropa de invierno con el encanto irresistible de la Bufanda de Alpaca Teddy. Ya sea que est\u00e9 haciendo recados por la ciudad o acurruc\u00e1ndose junto a la chimenea, deje que esta bufanda sea su compa\u00f1era ideal para disfrutar de una calidez indulgente y una elegancia atemporal.<\/p>","protected":false},"excerpt":{"rendered":"<h3><strong>Bufanda de Alpaca Teddy<\/strong><\/h3>\n<p>Experimente lo \u00faltimo en lujo acogedor con nuestra Bufanda de Alpaca Teddy. Confeccionado con la mejor lana de alpaca boliviana, te envuelve en una suavidad y calidez afelpadas, que recuerdan a tu compa\u00f1ero de abrazos favorito de la infancia. Eleva tu estilo invernal con este accesorio irresistiblemente acogedor.<\/p>","protected":false},"featured_media":978,"comment_status":"open","ping_status":"closed","template":"","meta":{"_monsterinsights_skip_tracking":false,"_monsterinsights_sitenote_active":false,"_monsterinsights_sitenote_note":"","_monsterinsights_sitenote_category":0},"product_brand":[],"product_cat":[30,31],"product_tag":[125,124,122,51],"class_list":{"0":"post-967","1":"product","2":"type-product","3":"status-publish","4":"has-post-thumbnail","6":"product_cat-accessories","7":"product_cat-scarves","8":"product_tag-alpaca-accesories","9":"product_tag-alpaca-garments","10":"product_tag-alpaca-scarf","11":"product_tag-baby-alpaca","12":"pa_color-black","13":"pa_color-red","15":"first","16":"instock","17":"shipping-taxable","18":"purchasable","19":"product-type-variable","20":"has-default-attributes","21":"rtwpvg-product"},"_links":{"self":[{"href":"https:\/\/lambolivia.com\/es\/wp-json\/wp\/v2\/product\/967","targetHints":{"allow":["GET"]}}],"collection":[{"href":"https:\/\/lambolivia.com\/es\/wp-json\/wp\/v2\/product"}],"about":[{"href":"https:\/\/lambolivia.com\/es\/wp-json\/wp\/v2\/types\/product"}],"replies":[{"embeddable":true,"href":"https:\/\/lambolivia.com\/es\/wp-json\/wp\/v2\/comments?post=967"}],"wp:featuredmedia":[{"embeddable":true,"href":"https:\/\/lambolivia.com\/es\/wp-json\/wp\/v2\/media\/978"}],"wp:attachment":[{"href":"https:\/\/lambolivia.com\/es\/wp-json\/wp\/v2\/media?parent=967"}],"wp:term":[{"taxonomy":"product_brand","embeddable":true,"href":"https:\/\/lambolivia.com\/es\/wp-json\/wp\/v2\/product_brand?post=967"},{"taxonomy":"product_cat","embeddable":true,"href":"https:\/\/lambolivia.com\/es\/wp-json\/wp\/v2\/product_cat?post=967"},{"taxonomy":"product_tag","embeddable":true,"href":"https:\/\/lambolivia.com\/es\/wp-json\/wp\/v2\/product_tag?post=967"}],"curies":[{"name":"wp","href":"https:\/\/api.w.org\/{rel}","templated":true}]}}