{"id":945,"date":"2024-03-25T15:11:58","date_gmt":"2024-03-25T19:11:58","guid":{"rendered":"https:\/\/lambolivia.com\/?post_type=product&#038;p=945"},"modified":"2025-10-25T11:50:16","modified_gmt":"2025-10-25T15:50:16","slug":"alpaca-scarf-carnaval","status":"publish","type":"product","link":"https:\/\/lambolivia.com\/es\/producto\/alpaca-scarf-carnaval\/","title":{"rendered":"Bufanda de Alpaca Carnaval"},"content":{"rendered":"<h3><strong>Bufanda de Alpaca Carnaval<\/strong><\/h3>\n<p>Ingrese al exuberante mundo de las celebraciones de carnaval con nuestra Bufanda de Alpaca Carnaval, una vibrante expresi\u00f3n de alegr\u00eda y festividad. Inspirada en los ritmos animados y los coloridos espect\u00e1culos de los carnavales sudamericanos, esta bufanda captura la esencia de la juerga y la alegr\u00eda, invit\u00e1ndote a abrazar las festividades de la vida con estilo y estilo.<\/p>\n<p>Confeccionada con la mejor lana de alpaca boliviana, cada Bufanda de Alpaca Carnaval es una obra maestra de artesan\u00eda, meticulosamente tejida a mano por expertos artesanos. Los intrincados patrones y los tonos vivos del pa\u00f1uelo rinden homenaje a los trajes vibrantes y los bailes tradicionales que animan las celebraciones de carnaval en todo el continente.<\/p>\n<p>Envu\u00e9lvete en la energ\u00eda en\u00e9rgica del carnaval mientras te pones la Bufanda de Alpaca Carnaval. Su naturaleza liviana pero aislante lo convierte en el accesorio perfecto tanto para veladas en interiores como para desfiles al aire libre, lo que garantiza que se mantenga abrigado con estilo mientras se une a la juerga.<\/p>\n<p>Eleva tu guardarropa de invierno con el encanto festivo de la Bufanda de Alpaca Carnaval. Ya sea que est\u00e9s bailando en la calle o simplemente a\u00f1adiendo un toque de color a tu conjunto diario, deja que esta bufanda sea tu compa\u00f1era animada en cada celebraci\u00f3n.<\/p>","protected":false},"excerpt":{"rendered":"<h3><strong>Bufanda de Alpaca Carnaval<\/strong><\/h3>\n<p>Abraza el esp\u00edritu del carnaval con nuestra Bufanda de Alpaca Carnaval. Confeccionado con la mejor lana de alpaca boliviana, captura la exuberancia de las festividades sudamericanas con tonos vibrantes y patrones intrincados. Eleva tu estilo invernal con este accesorio festivo, perfecto para cualquier celebraci\u00f3n.<\/p>","protected":false},"featured_media":956,"comment_status":"open","ping_status":"closed","template":"","meta":{"_monsterinsights_skip_tracking":false,"_monsterinsights_sitenote_active":false,"_monsterinsights_sitenote_note":"","_monsterinsights_sitenote_category":0},"product_brand":[],"product_cat":[30,31],"product_tag":[],"class_list":{"0":"post-945","1":"product","2":"type-product","3":"status-publish","4":"has-post-thumbnail","6":"product_cat-accessories","7":"product_cat-scarves","8":"pa_color-black","9":"pa_color-burgundy","10":"pa_color-yellow","12":"first","13":"instock","14":"shipping-taxable","15":"purchasable","16":"product-type-variable","17":"has-default-attributes","18":"rtwpvg-product"},"_links":{"self":[{"href":"https:\/\/lambolivia.com\/es\/wp-json\/wp\/v2\/product\/945","targetHints":{"allow":["GET"]}}],"collection":[{"href":"https:\/\/lambolivia.com\/es\/wp-json\/wp\/v2\/product"}],"about":[{"href":"https:\/\/lambolivia.com\/es\/wp-json\/wp\/v2\/types\/product"}],"replies":[{"embeddable":true,"href":"https:\/\/lambolivia.com\/es\/wp-json\/wp\/v2\/comments?post=945"}],"wp:featuredmedia":[{"embeddable":true,"href":"https:\/\/lambolivia.com\/es\/wp-json\/wp\/v2\/media\/956"}],"wp:attachment":[{"href":"https:\/\/lambolivia.com\/es\/wp-json\/wp\/v2\/media?parent=945"}],"wp:term":[{"taxonomy":"product_brand","embeddable":true,"href":"https:\/\/lambolivia.com\/es\/wp-json\/wp\/v2\/product_brand?post=945"},{"taxonomy":"product_cat","embeddable":true,"href":"https:\/\/lambolivia.com\/es\/wp-json\/wp\/v2\/product_cat?post=945"},{"taxonomy":"product_tag","embeddable":true,"href":"https:\/\/lambolivia.com\/es\/wp-json\/wp\/v2\/product_tag?post=945"}],"curies":[{"name":"wp","href":"https:\/\/api.w.org\/{rel}","templated":true}]}}