{"id":930,"date":"2024-03-25T14:26:36","date_gmt":"2024-03-25T18:26:36","guid":{"rendered":"https:\/\/lambolivia.com\/?post_type=product&#038;p=930"},"modified":"2025-10-29T23:03:30","modified_gmt":"2025-10-30T03:03:30","slug":"alpaca-scarf-raymi","status":"publish","type":"product","link":"https:\/\/lambolivia.com\/es\/producto\/alpaca-scarf-raymi\/","title":{"rendered":"Bufanda de Alpaca Raymi"},"content":{"rendered":"<h3><strong>Bufanda de Alpaca Raymi<\/strong><\/h3>\n<p>Experimente la esencia de la celebraci\u00f3n y la festividad con nuestra Bufanda de Alpaca Raymi, un tributo vibrante al rico patrimonio cultural de Bolivia. Esta bufanda, que lleva el nombre de la tradicional fiesta andina del Raymi, encarna el esp\u00edritu de alegr\u00eda, color y comunidad, invit\u00e1ndote a abrazar las festividades de la vida con estilo y gracia.<\/p>\n<p>Confeccionada con la mejor lana de alpaca boliviana, cada Bufanda de Alpaca Raymi es una obra maestra de artesan\u00eda, meticulosamente tejida a mano por expertos artesanos. Inspirada en los tonos vibrantes de los textiles andinos y los ritmos de la m\u00fasica tradicional, esta bufanda irradia calidez y vitalidad con cada hilo.<\/p>\n<p>Envu\u00e9lvete en la vibrante energ\u00eda de los Andes mientras te pones la Bufanda de Alpaca Raymi. Su naturaleza liviana pero aislante lo convierte en el accesorio perfecto tanto para reuniones en interiores como para aventuras al aire libre, lo que garantiza que permanezca abrigado con estilo dondequiera que lo lleven las festividades.<\/p>\n<p>Realza tu guardarropa de invierno con el encanto festivo de la Bufanda de Alpaca Raymi. Ya sea que est\u00e9s celebrando con amigos y familiares o simplemente a\u00f1adiendo un toque de color a tu conjunto diario, deja que esta bufanda sea tu vibrante expresi\u00f3n de alegr\u00eda y tradici\u00f3n.<\/p>","protected":false},"excerpt":{"rendered":"<h3><strong>Bufanda de Alpaca Raymi<\/strong><\/h3>\n<p>Celebra las festividades de la vida con nuestra Bufanda de Alpaca Raymi. Confeccionado con la mejor lana de alpaca boliviana, irradia calidez y vitalidad con vibrantes tonos de inspiraci\u00f3n andina. Eleva tu estilo invernal con este accesorio festivo, perfecto para cualquier ocasi\u00f3n.<\/p>","protected":false},"featured_media":935,"comment_status":"open","ping_status":"closed","template":"","meta":{"_monsterinsights_skip_tracking":false,"_monsterinsights_sitenote_active":false,"_monsterinsights_sitenote_note":"","_monsterinsights_sitenote_category":0},"product_brand":[],"product_cat":[30,31],"product_tag":[125,124,122,51],"class_list":{"0":"post-930","1":"product","2":"type-product","3":"status-publish","4":"has-post-thumbnail","6":"product_cat-accessories","7":"product_cat-scarves","8":"product_tag-alpaca-accesories","9":"product_tag-alpaca-garments","10":"product_tag-alpaca-scarf","11":"product_tag-baby-alpaca","13":"first","14":"instock","15":"shipping-taxable","16":"purchasable","17":"product-type-simple"},"_links":{"self":[{"href":"https:\/\/lambolivia.com\/es\/wp-json\/wp\/v2\/product\/930","targetHints":{"allow":["GET"]}}],"collection":[{"href":"https:\/\/lambolivia.com\/es\/wp-json\/wp\/v2\/product"}],"about":[{"href":"https:\/\/lambolivia.com\/es\/wp-json\/wp\/v2\/types\/product"}],"replies":[{"embeddable":true,"href":"https:\/\/lambolivia.com\/es\/wp-json\/wp\/v2\/comments?post=930"}],"wp:featuredmedia":[{"embeddable":true,"href":"https:\/\/lambolivia.com\/es\/wp-json\/wp\/v2\/media\/935"}],"wp:attachment":[{"href":"https:\/\/lambolivia.com\/es\/wp-json\/wp\/v2\/media?parent=930"}],"wp:term":[{"taxonomy":"product_brand","embeddable":true,"href":"https:\/\/lambolivia.com\/es\/wp-json\/wp\/v2\/product_brand?post=930"},{"taxonomy":"product_cat","embeddable":true,"href":"https:\/\/lambolivia.com\/es\/wp-json\/wp\/v2\/product_cat?post=930"},{"taxonomy":"product_tag","embeddable":true,"href":"https:\/\/lambolivia.com\/es\/wp-json\/wp\/v2\/product_tag?post=930"}],"curies":[{"name":"wp","href":"https:\/\/api.w.org\/{rel}","templated":true}]}}