{"id":847,"date":"2024-03-25T13:00:56","date_gmt":"2024-03-25T17:00:56","guid":{"rendered":"https:\/\/lambolivia.com\/?post_type=product&#038;p=847"},"modified":"2025-10-25T11:50:39","modified_gmt":"2025-10-25T15:50:39","slug":"alpaca-scarf-muna","status":"publish","type":"product","link":"https:\/\/lambolivia.com\/es\/producto\/alpaca-scarf-muna\/","title":{"rendered":"Bufanda de Alpaca Muna"},"content":{"rendered":"<h3><strong>Bufanda de Alpaca Muna<\/strong><\/h3>\n<p>Ingrese al reino de la elegancia atemporal con nuestra exquisita Bufanda de Alpaca Muna, una obra maestra nacida del coraz\u00f3n del rico patrimonio textil de Bolivia. Confeccionada con meticulosa atenci\u00f3n al detalle, esta bufanda encarna la esencia del lujo, combinando tradici\u00f3n con estilo contempor\u00e1neo sin esfuerzo.<\/p>\n<p>Disfrute de la suavidad incomparable de la lana de alpaca boliviana, mientras cada toque susurra comodidad y calidez supremas. Tejida a mano por expertos artesanos utilizando t\u00e9cnicas ancestrales transmitidas de generaci\u00f3n en generaci\u00f3n, la Bufanda de Alpaca Muna es m\u00e1s que un simple accesorio: es un s\u00edmbolo de artesan\u00eda y tradici\u00f3n.<\/p>\n<p>Envu\u00e9lvete en el abrazo de la sofisticaci\u00f3n y la gracia mientras te colocas la Bufanda de Alpaca Muna alrededor de tu cuello. Su naturaleza liviana pero aislante lo convierte en el compa\u00f1ero perfecto para cualquier ocasi\u00f3n, ya sea que est\u00e9 recorriendo las bulliciosas calles de la ciudad o escapando a la tranquilidad de la naturaleza.<\/p>\n<p>Eleve su guardarropa de invierno con el encanto atemporal de la Bufanda de Alpaca Muna, un testimonio de la belleza perdurable de la artesan\u00eda boliviana y las notables cualidades de la lana de alpaca.<\/p>","protected":false},"excerpt":{"rendered":"<h3><strong>Bufanda de Alpaca Muna<\/strong><\/h3>\n<p>Abrace la sofisticaci\u00f3n y la calidez con nuestra Bufanda de Alpaca Muna, un s\u00edmbolo del rico patrimonio textil de Bolivia. Confeccionado a mano con meticuloso cuidado y tejido con la mejor lana de alpaca, ofrece comodidad y estilo incomparables. Eleva tu conjunto invernal con la elegancia atemporal de la bufanda de alpaca Muna.<\/p>","protected":false},"featured_media":869,"comment_status":"open","ping_status":"closed","template":"","meta":{"_monsterinsights_skip_tracking":false,"_monsterinsights_sitenote_active":false,"_monsterinsights_sitenote_note":"","_monsterinsights_sitenote_category":0},"product_brand":[],"product_cat":[31,30],"product_tag":[125,124,122,51],"class_list":{"0":"post-847","1":"product","2":"type-product","3":"status-publish","4":"has-post-thumbnail","6":"product_cat-scarves","7":"product_cat-accessories","8":"product_tag-alpaca-accesories","9":"product_tag-alpaca-garments","10":"product_tag-alpaca-scarf","11":"product_tag-baby-alpaca","12":"pa_color-orange","13":"pa_color-purple","14":"pa_color-red","15":"pa_color-white","17":"first","18":"instock","19":"shipping-taxable","20":"purchasable","21":"product-type-variable","22":"has-default-attributes","23":"rtwpvg-product"},"_links":{"self":[{"href":"https:\/\/lambolivia.com\/es\/wp-json\/wp\/v2\/product\/847","targetHints":{"allow":["GET"]}}],"collection":[{"href":"https:\/\/lambolivia.com\/es\/wp-json\/wp\/v2\/product"}],"about":[{"href":"https:\/\/lambolivia.com\/es\/wp-json\/wp\/v2\/types\/product"}],"replies":[{"embeddable":true,"href":"https:\/\/lambolivia.com\/es\/wp-json\/wp\/v2\/comments?post=847"}],"wp:featuredmedia":[{"embeddable":true,"href":"https:\/\/lambolivia.com\/es\/wp-json\/wp\/v2\/media\/869"}],"wp:attachment":[{"href":"https:\/\/lambolivia.com\/es\/wp-json\/wp\/v2\/media?parent=847"}],"wp:term":[{"taxonomy":"product_brand","embeddable":true,"href":"https:\/\/lambolivia.com\/es\/wp-json\/wp\/v2\/product_brand?post=847"},{"taxonomy":"product_cat","embeddable":true,"href":"https:\/\/lambolivia.com\/es\/wp-json\/wp\/v2\/product_cat?post=847"},{"taxonomy":"product_tag","embeddable":true,"href":"https:\/\/lambolivia.com\/es\/wp-json\/wp\/v2\/product_tag?post=847"}],"curies":[{"name":"wp","href":"https:\/\/api.w.org\/{rel}","templated":true}]}}