{"id":543,"date":"2024-03-19T15:51:01","date_gmt":"2024-03-19T19:51:01","guid":{"rendered":"https:\/\/lambolivia.com\/?post_type=product&#038;p=543"},"modified":"2025-11-26T12:54:16","modified_gmt":"2025-11-26T16:54:16","slug":"alpaca-socks-alpaquitas","status":"publish","type":"product","link":"https:\/\/lambolivia.com\/es\/producto\/alpaca-socks-alpaquitas\/","title":{"rendered":"Medias de Alpaca Alpaquitas"},"content":{"rendered":"<h3>Medias de Alpaca Alpaquitas<\/h3>\n<p>Mima tus pies con lo \u00faltimo en confort y lujo con nuestras Medias de Alpaca Alpaquitas. Confeccionados con la mejor fibra de alpaca, estos calcetines est\u00e1n dise\u00f1ados para proporcionar una suavidad y calidez incomparables. Las propiedades naturales de la fibra de alpaca garantizan la transpirabilidad y la evacuaci\u00f3n de la humedad, manteniendo sus pies secos y c\u00f3modos en cualquier clima. Tanto si est\u00e1 descansando en casa como desafiando a los elementos al aire libre, nuestras Medias de Alpaca Alpaquitas ofrecen la mezcla perfecta de estilo y funcionalidad. Diga adi\u00f3s a los pies fr\u00edos y hola a la comodidad durante todo el d\u00eda con estos calcetines de alpaca de primera calidad.<\/p>","protected":false},"excerpt":{"rendered":"<p>Entre en la comodidad y el calor con nuestras Medias de Alpaca Alpaquitas. Hechos de fibra de alpaca de primera calidad, estas medias ofrecen una suavidad lujosa y un aislamiento excepcional para unos pies acogedores durante todo el d\u00eda.<\/p>","protected":false},"featured_media":4730,"comment_status":"open","ping_status":"closed","template":"","meta":{"_monsterinsights_skip_tracking":false,"_monsterinsights_sitenote_active":false,"_monsterinsights_sitenote_note":"","_monsterinsights_sitenote_category":0},"product_brand":[],"product_cat":[30,34],"product_tag":[38,106,45,51,107],"class_list":{"0":"post-543","1":"product","2":"type-product","3":"status-publish","4":"has-post-thumbnail","6":"product_cat-accessories","7":"product_cat-socks","8":"product_tag-alpaca","9":"product_tag-alpaca-socks","10":"product_tag-alpaca-wool","11":"product_tag-baby-alpaca","12":"product_tag-socks","14":"first","15":"instock","16":"shipping-taxable","17":"purchasable","18":"product-type-simple"},"_links":{"self":[{"href":"https:\/\/lambolivia.com\/es\/wp-json\/wp\/v2\/product\/543","targetHints":{"allow":["GET"]}}],"collection":[{"href":"https:\/\/lambolivia.com\/es\/wp-json\/wp\/v2\/product"}],"about":[{"href":"https:\/\/lambolivia.com\/es\/wp-json\/wp\/v2\/types\/product"}],"replies":[{"embeddable":true,"href":"https:\/\/lambolivia.com\/es\/wp-json\/wp\/v2\/comments?post=543"}],"wp:featuredmedia":[{"embeddable":true,"href":"https:\/\/lambolivia.com\/es\/wp-json\/wp\/v2\/media\/4730"}],"wp:attachment":[{"href":"https:\/\/lambolivia.com\/es\/wp-json\/wp\/v2\/media?parent=543"}],"wp:term":[{"taxonomy":"product_brand","embeddable":true,"href":"https:\/\/lambolivia.com\/es\/wp-json\/wp\/v2\/product_brand?post=543"},{"taxonomy":"product_cat","embeddable":true,"href":"https:\/\/lambolivia.com\/es\/wp-json\/wp\/v2\/product_cat?post=543"},{"taxonomy":"product_tag","embeddable":true,"href":"https:\/\/lambolivia.com\/es\/wp-json\/wp\/v2\/product_tag?post=543"}],"curies":[{"name":"wp","href":"https:\/\/api.w.org\/{rel}","templated":true}]}}