{"id":3257,"date":"2024-07-02T15:58:21","date_gmt":"2024-07-02T19:58:21","guid":{"rendered":"https:\/\/lambolivia.com\/?post_type=product&#038;p=3257"},"modified":"2025-11-04T10:59:12","modified_gmt":"2025-11-04T14:59:12","slug":"alpaca-sweater-illimani","status":"publish","type":"product","link":"https:\/\/lambolivia.com\/es\/producto\/alpaca-sweater-illimani\/","title":{"rendered":"Su\u00e9ter de Alpaca Illimani"},"content":{"rendered":"<p>Presentamos el Su\u00e9ter de Alpaca Illimani, un s\u00edmbolo de artesan\u00eda premium y comodidad incomparable. Confeccionado con la mejor lana de alpaca, este su\u00e9ter ofrece una suavidad y calidez excepcionales, perfecto para d\u00edas fr\u00edos y noches acogedoras. El dise\u00f1o Illimani presenta una elegancia atemporal con su silueta cl\u00e1sica y detalles intrincados, inspirados en la majestuosa belleza de la cordillera Illimani.<\/p>\n<p>Las propiedades aislantes naturales de la lana de alpaca garantizan una calidez \u00f3ptima sin a\u00f1adir volumen, mientras que su naturaleza ligera y transpirable proporciona comodidad durante todo el d\u00eda. Hipoalerg\u00e9nico y suave para la piel, el Su\u00e9ter de Alpaca Illimani es ideal para personas con sensibilidades y brinda comodidad durante todo el d\u00eda sin irritaci\u00f3n. Sus fibras duraderas resisten la formaci\u00f3n de bolitas y mantienen su forma, lo que garantiza que este su\u00e9ter siga siendo un elemento b\u00e1sico en su guardarropa en los a\u00f1os venideros.<\/p>\n<p>Disponible en una selecci\u00f3n de colores refinados, el Su\u00e9ter de Alpaca Illimani complementa sin esfuerzo cualquier conjunto, desde salidas informales hasta ocasiones formales. Ya sea sobre una camisa o solo, su impecable artesan\u00eda y su discreta sofisticaci\u00f3n lo convierten en una opci\u00f3n vers\u00e1til y atemporal.<\/p>","protected":false},"excerpt":{"rendered":"<div class=\"flex flex-grow flex-col max-w-full\">\n<div class=\"min-h-[20px] text-message flex flex-col items-start whitespace-pre-wrap break-words [.text-message+&amp;]:mt-5 juice:w-full juice:items-end overflow-x-auto gap-2\" dir=\"auto\" data-message-author-role=\"assistant\" data-message-id=\"ffc9e22a-2b6b-4ff1-b7a1-84647f8d9070\">\n<div class=\"flex w-full flex-col gap-1 juice:empty:hidden juice:first:pt-[3px]\">\n<div class=\"markdown prose w-full break-words dark:prose-invert light\">\n<p>Experimente una comodidad lujosa con el Su\u00e9ter de Alpaca Illimani. Confeccionado con la mejor lana de alpaca, este su\u00e9ter ofrece una suavidad y calidez inigualables. Con una silueta cl\u00e1sica inspirada en la cordillera Illimani, es hipoalerg\u00e9nica, duradera y perfecta para cualquier ocasi\u00f3n. Disponible en colores refinados, pasa sin problemas de ambientes informales a formales.<\/p>\n<\/div>\n<\/div>\n<\/div>\n<\/div>","protected":false},"featured_media":3270,"comment_status":"open","ping_status":"closed","template":"","meta":{"_monsterinsights_skip_tracking":false,"_monsterinsights_sitenote_active":false,"_monsterinsights_sitenote_note":"","_monsterinsights_sitenote_category":0},"product_brand":[],"product_cat":[24,26,84],"product_tag":[82,45,51,39],"class_list":{"0":"post-3257","1":"product","2":"type-product","3":"status-publish","4":"has-post-thumbnail","6":"product_cat-men","7":"product_cat-men-sweaters","8":"product_cat-sweaters","9":"product_tag-alpaca-sweater","10":"product_tag-alpaca-wool","11":"product_tag-baby-alpaca","12":"product_tag-sweater","13":"pa_color-brown","14":"pa_color-white","16":"first","17":"instock","18":"shipping-taxable","19":"purchasable","20":"product-type-variable","21":"has-default-attributes","22":"rtwpvg-product"},"_links":{"self":[{"href":"https:\/\/lambolivia.com\/es\/wp-json\/wp\/v2\/product\/3257","targetHints":{"allow":["GET"]}}],"collection":[{"href":"https:\/\/lambolivia.com\/es\/wp-json\/wp\/v2\/product"}],"about":[{"href":"https:\/\/lambolivia.com\/es\/wp-json\/wp\/v2\/types\/product"}],"replies":[{"embeddable":true,"href":"https:\/\/lambolivia.com\/es\/wp-json\/wp\/v2\/comments?post=3257"}],"wp:featuredmedia":[{"embeddable":true,"href":"https:\/\/lambolivia.com\/es\/wp-json\/wp\/v2\/media\/3270"}],"wp:attachment":[{"href":"https:\/\/lambolivia.com\/es\/wp-json\/wp\/v2\/media?parent=3257"}],"wp:term":[{"taxonomy":"product_brand","embeddable":true,"href":"https:\/\/lambolivia.com\/es\/wp-json\/wp\/v2\/product_brand?post=3257"},{"taxonomy":"product_cat","embeddable":true,"href":"https:\/\/lambolivia.com\/es\/wp-json\/wp\/v2\/product_cat?post=3257"},{"taxonomy":"product_tag","embeddable":true,"href":"https:\/\/lambolivia.com\/es\/wp-json\/wp\/v2\/product_tag?post=3257"}],"curies":[{"name":"wp","href":"https:\/\/api.w.org\/{rel}","templated":true}]}}