{"id":3219,"date":"2024-07-02T15:17:04","date_gmt":"2024-07-02T19:17:04","guid":{"rendered":"https:\/\/lambolivia.com\/?post_type=product&#038;p=3219"},"modified":"2025-11-04T10:59:36","modified_gmt":"2025-11-04T14:59:36","slug":"alpaca-sweater-inca","status":"publish","type":"product","link":"https:\/\/lambolivia.com\/es\/producto\/alpaca-sweater-inca\/","title":{"rendered":"Su\u00e9ter de Alpaca Media Cremallera Inca"},"content":{"rendered":"<p>Presentamos el Su\u00e9ter de Alpaca Inca, un testimonio de la artesan\u00eda exquisita y la elegancia atemporal. Confeccionado con la mejor lana de alpaca, este su\u00e9ter encarna el lujo y ofrece una suavidad y calidez incomparables. El dise\u00f1o inca se inspira en antiguos motivos andinos, con patrones intrincados que reflejan la rica herencia cultural de la civilizaci\u00f3n inca. Las propiedades aislantes naturales de la lana de alpaca garantizan que te mantengas c\u00f3modo en climas m\u00e1s fr\u00edos, mientras que su naturaleza liviana y transpirable brinda comodidad durante todo el d\u00eda.<\/p>\n<p>Hipoalerg\u00e9nico y suave para la piel, el Su\u00e9ter de Alpaca Inca es perfecto para personas con sensibilidades y brinda comodidad durante todo el d\u00eda sin irritaci\u00f3n. Sus fibras duraderas resisten la formaci\u00f3n de bolitas y mantienen su forma, lo que garantiza que este su\u00e9ter siga siendo una pieza preciada en su guardarropa en los a\u00f1os venideros. Disponible en una selecci\u00f3n de tonos intensos y terrosos, el Inca complementa sin esfuerzo cualquier conjunto, desde conjuntos informales hasta ocasiones m\u00e1s formales.<\/p>\n<p>Eleva tu estilo con el Su\u00e9ter de Alpaca Inca, donde el arte antiguo se combina con la sofisticaci\u00f3n moderna en cada detalle.<\/p>","protected":false},"excerpt":{"rendered":"<p>Experimenta la elegancia atemporal con el Su\u00e9ter de Alpaca Inca. Confeccionado con la mejor lana de alpaca, ofrece una suavidad y calidez inigualables. Con intrincados patrones de inspiraci\u00f3n inca, este su\u00e9ter hipoalerg\u00e9nico es perfecto para cualquier ocasi\u00f3n. Durable y elegante, pasa sin problemas de ambientes informales a formales.<\/p>","protected":false},"featured_media":3227,"comment_status":"open","ping_status":"closed","template":"","meta":{"_monsterinsights_skip_tracking":false,"_monsterinsights_sitenote_active":false,"_monsterinsights_sitenote_note":"","_monsterinsights_sitenote_category":0},"product_brand":[],"product_cat":[24,26,84],"product_tag":[38,82,45,51,39],"class_list":{"0":"post-3219","1":"product","2":"type-product","3":"status-publish","4":"has-post-thumbnail","6":"product_cat-men","7":"product_cat-men-sweaters","8":"product_cat-sweaters","9":"product_tag-alpaca","10":"product_tag-alpaca-sweater","11":"product_tag-alpaca-wool","12":"product_tag-baby-alpaca","13":"product_tag-sweater","15":"first","16":"instock","17":"shipping-taxable","18":"purchasable","19":"product-type-variable","20":"has-default-attributes","21":"rtwpvg-product"},"_links":{"self":[{"href":"https:\/\/lambolivia.com\/es\/wp-json\/wp\/v2\/product\/3219","targetHints":{"allow":["GET"]}}],"collection":[{"href":"https:\/\/lambolivia.com\/es\/wp-json\/wp\/v2\/product"}],"about":[{"href":"https:\/\/lambolivia.com\/es\/wp-json\/wp\/v2\/types\/product"}],"replies":[{"embeddable":true,"href":"https:\/\/lambolivia.com\/es\/wp-json\/wp\/v2\/comments?post=3219"}],"wp:featuredmedia":[{"embeddable":true,"href":"https:\/\/lambolivia.com\/es\/wp-json\/wp\/v2\/media\/3227"}],"wp:attachment":[{"href":"https:\/\/lambolivia.com\/es\/wp-json\/wp\/v2\/media?parent=3219"}],"wp:term":[{"taxonomy":"product_brand","embeddable":true,"href":"https:\/\/lambolivia.com\/es\/wp-json\/wp\/v2\/product_brand?post=3219"},{"taxonomy":"product_cat","embeddable":true,"href":"https:\/\/lambolivia.com\/es\/wp-json\/wp\/v2\/product_cat?post=3219"},{"taxonomy":"product_tag","embeddable":true,"href":"https:\/\/lambolivia.com\/es\/wp-json\/wp\/v2\/product_tag?post=3219"}],"curies":[{"name":"wp","href":"https:\/\/api.w.org\/{rel}","templated":true}]}}