{"id":3197,"date":"2024-07-02T14:51:25","date_gmt":"2024-07-02T18:51:25","guid":{"rendered":"https:\/\/lambolivia.com\/?post_type=product&#038;p=3197"},"modified":"2025-10-24T16:43:56","modified_gmt":"2025-10-24T20:43:56","slug":"alpaca-sweater-navidad-half-zip","status":"publish","type":"product","link":"https:\/\/lambolivia.com\/es\/producto\/alpaca-sweater-navidad-half-zip\/","title":{"rendered":"Su\u00e9ter de Alpaca Media Cremallera Navidad"},"content":{"rendered":"<p>Presentamos el Su\u00e9ter de Alpaca Navidad con Medio Cierre, una lujosa combinaci\u00f3n de encanto festivo y elegancia cotidiana. Confeccionado con la mejor lana de alpaca, este su\u00e9ter ofrece una suavidad y calidez incomparables, lo que lo convierte en una incorporaci\u00f3n esencial a tu guardarropa de vacaciones. El dise\u00f1o navide\u00f1o presenta patrones intrincados inspirados en las fiestas que a\u00f1aden un toque de alegr\u00eda estacional, mientras que la c\u00f3moda media cremallera brinda calidez ajustable y opciones de estilo vers\u00e1tiles. Las propiedades aislantes naturales de la lana de alpaca garantizan que usted se mantenga c\u00f3modo en climas m\u00e1s fr\u00edos sin sentirse voluminoso, y su naturaleza liviana y transpirable garantiza comodidad en cualquier entorno. Hipoalerg\u00e9nico y suave para la piel, el Su\u00e9ter de Alpaca Navidad con Medio Cierre es perfecto para personas con sensibilidades, ya que brinda comodidad durante todo el d\u00eda sin irritaci\u00f3n. Sus fibras duraderas resisten la formaci\u00f3n de bolitas y mantienen su forma, lo que garantiza que este su\u00e9ter siga siendo uno de los favoritos en los a\u00f1os venideros. Disponible en una variedad de colores festivos, el modelo Navidad pasa sin esfuerzo de reuniones informales a celebraciones navide\u00f1as m\u00e1s refinadas, lo que lo convierte en una pieza vers\u00e1til y elegante. La impecable artesan\u00eda y la atenci\u00f3n al detalle en cada puntada reflejan la dedicaci\u00f3n y habilidad de los artesanos que crean esta obra maestra. Celebre la temporada navide\u00f1a con estilo con el Su\u00e9ter de Alpaca Navidad con Medio Cierre, donde el esp\u00edritu festivo se combina con una comodidad lujosa.<\/p>","protected":false},"excerpt":{"rendered":"<p>Celebre la temporada con el Su\u00e9ter de Alpaca Navidad con Medio Cierre. Confeccionado con lujosa lana de alpaca, este su\u00e9ter ofrece una suavidad y calidez inigualables. Con intrincados patrones inspirados en las fiestas y una c\u00f3moda media cremallera para mayor comodidad ajustable, es hipoalerg\u00e9nico, duradero y perfecto para ocasiones festivas. Disponible en varios colores festivos, combina perfectamente desde reuniones informales hasta celebraciones refinadas.<\/p>","protected":false},"featured_media":3215,"comment_status":"open","ping_status":"closed","template":"","meta":{"_monsterinsights_skip_tracking":false,"_monsterinsights_sitenote_active":false,"_monsterinsights_sitenote_note":"","_monsterinsights_sitenote_category":0},"product_brand":[],"product_cat":[24,26,84],"product_tag":[38,82,45,51,39],"class_list":{"0":"post-3197","1":"product","2":"type-product","3":"status-publish","4":"has-post-thumbnail","6":"product_cat-men","7":"product_cat-men-sweaters","8":"product_cat-sweaters","9":"product_tag-alpaca","10":"product_tag-alpaca-sweater","11":"product_tag-alpaca-wool","12":"product_tag-baby-alpaca","13":"product_tag-sweater","14":"pa_color-grey","15":"pa_color-white","17":"first","18":"instock","19":"shipping-taxable","20":"purchasable","21":"product-type-variable","22":"has-default-attributes","23":"rtwpvg-product"},"_links":{"self":[{"href":"https:\/\/lambolivia.com\/es\/wp-json\/wp\/v2\/product\/3197","targetHints":{"allow":["GET"]}}],"collection":[{"href":"https:\/\/lambolivia.com\/es\/wp-json\/wp\/v2\/product"}],"about":[{"href":"https:\/\/lambolivia.com\/es\/wp-json\/wp\/v2\/types\/product"}],"replies":[{"embeddable":true,"href":"https:\/\/lambolivia.com\/es\/wp-json\/wp\/v2\/comments?post=3197"}],"wp:featuredmedia":[{"embeddable":true,"href":"https:\/\/lambolivia.com\/es\/wp-json\/wp\/v2\/media\/3215"}],"wp:attachment":[{"href":"https:\/\/lambolivia.com\/es\/wp-json\/wp\/v2\/media?parent=3197"}],"wp:term":[{"taxonomy":"product_brand","embeddable":true,"href":"https:\/\/lambolivia.com\/es\/wp-json\/wp\/v2\/product_brand?post=3197"},{"taxonomy":"product_cat","embeddable":true,"href":"https:\/\/lambolivia.com\/es\/wp-json\/wp\/v2\/product_cat?post=3197"},{"taxonomy":"product_tag","embeddable":true,"href":"https:\/\/lambolivia.com\/es\/wp-json\/wp\/v2\/product_tag?post=3197"}],"curies":[{"name":"wp","href":"https:\/\/api.w.org\/{rel}","templated":true}]}}