{"id":3159,"date":"2024-06-28T13:44:36","date_gmt":"2024-06-28T17:44:36","guid":{"rendered":"https:\/\/lambolivia.com\/?post_type=product&#038;p=3159"},"modified":"2025-11-04T11:01:30","modified_gmt":"2025-11-04T15:01:30","slug":"alpaca-sweater-sagarnaga","status":"publish","type":"product","link":"https:\/\/lambolivia.com\/es\/producto\/alpaca-sweater-sagarnaga\/","title":{"rendered":"Su\u00e9ter de Alpaca Sagarnaga"},"content":{"rendered":"<p>Presentamos el Su\u00e9ter de Alpaca Sagarnaga, una obra maestra de comodidad lujosa y elegancia refinada. Confeccionado con la mejor lana de alpaca, este su\u00e9ter ofrece una suavidad y calidez excepcionales, lo que lo convierte en una incorporaci\u00f3n destacada a tu guardarropa. El dise\u00f1o de Sagarnaga presenta patrones intrincados inspirados en artesanos que reflejan la rica herencia cultural de la artesan\u00eda andina, agregando un toque de sofisticaci\u00f3n y singularidad a su estilo. Las propiedades aislantes naturales de la lana de alpaca garantizan que usted se mantenga c\u00f3modo en climas m\u00e1s fr\u00edos, mientras que su naturaleza liviana y transpirable brinda comodidad en cualquier entorno. Hipoalerg\u00e9nico y suave para la piel, el Su\u00e9ter de Alpaca Sagarnaga es perfecto para personas sensibles y ofrece comodidad durante todo el d\u00eda sin irritaci\u00f3n. Sus fibras duraderas resisten la formaci\u00f3n de bolitas y mantienen su forma, lo que garantiza que este su\u00e9ter siga siendo una pieza preciada en los a\u00f1os venideros. Disponible en una variedad de colores elegantes, el Sagarnaga pasa sin problemas de ocasiones informales a formales, lo que lo convierte en una adici\u00f3n vers\u00e1til y elegante a cualquier guardarropa. La impecable artesan\u00eda y la atenci\u00f3n al detalle en cada puntada reflejan la dedicaci\u00f3n y habilidad de los artesanos que crean esta obra maestra. Eleve su guardarropa con el Su\u00e9ter de Alpaca Sagarnaga, donde la herencia cultural se une a la sofisticaci\u00f3n moderna.<\/p>","protected":false},"excerpt":{"rendered":"<p>Experimente la elegancia refinada con el Su\u00e9ter de Alpaca Sagarnaga. Confeccionado con lujosa lana de alpaca, este su\u00e9ter ofrece una suavidad y calidez inigualables. Con patrones intrincados de inspiraci\u00f3n artesanal, es hipoalerg\u00e9nico, duradero y perfecto para cualquier ocasi\u00f3n. Disponible en varios colores elegantes, pasa sin problemas de ambientes informales a formales.<\/p>","protected":false},"featured_media":3182,"comment_status":"open","ping_status":"closed","template":"","meta":{"_monsterinsights_skip_tracking":false,"_monsterinsights_sitenote_active":false,"_monsterinsights_sitenote_note":"","_monsterinsights_sitenote_category":0},"product_brand":[],"product_cat":[24,26,84],"product_tag":[38,82,45,158,39],"class_list":{"0":"post-3159","1":"product","2":"type-product","3":"status-publish","4":"has-post-thumbnail","6":"product_cat-men","7":"product_cat-men-sweaters","8":"product_cat-sweaters","9":"product_tag-alpaca","10":"product_tag-alpaca-sweater","11":"product_tag-alpaca-wool","12":"product_tag-baby-alpaca-wool","13":"product_tag-sweater","14":"pa_color-black","15":"pa_color-brown","16":"pa_color-grey","18":"first","19":"instock","20":"shipping-taxable","21":"purchasable","22":"product-type-variable","23":"has-default-attributes","24":"rtwpvg-product"},"_links":{"self":[{"href":"https:\/\/lambolivia.com\/es\/wp-json\/wp\/v2\/product\/3159","targetHints":{"allow":["GET"]}}],"collection":[{"href":"https:\/\/lambolivia.com\/es\/wp-json\/wp\/v2\/product"}],"about":[{"href":"https:\/\/lambolivia.com\/es\/wp-json\/wp\/v2\/types\/product"}],"replies":[{"embeddable":true,"href":"https:\/\/lambolivia.com\/es\/wp-json\/wp\/v2\/comments?post=3159"}],"wp:featuredmedia":[{"embeddable":true,"href":"https:\/\/lambolivia.com\/es\/wp-json\/wp\/v2\/media\/3182"}],"wp:attachment":[{"href":"https:\/\/lambolivia.com\/es\/wp-json\/wp\/v2\/media?parent=3159"}],"wp:term":[{"taxonomy":"product_brand","embeddable":true,"href":"https:\/\/lambolivia.com\/es\/wp-json\/wp\/v2\/product_brand?post=3159"},{"taxonomy":"product_cat","embeddable":true,"href":"https:\/\/lambolivia.com\/es\/wp-json\/wp\/v2\/product_cat?post=3159"},{"taxonomy":"product_tag","embeddable":true,"href":"https:\/\/lambolivia.com\/es\/wp-json\/wp\/v2\/product_tag?post=3159"}],"curies":[{"name":"wp","href":"https:\/\/api.w.org\/{rel}","templated":true}]}}