{"id":3102,"date":"2024-06-28T11:20:57","date_gmt":"2024-06-28T15:20:57","guid":{"rendered":"https:\/\/lambolivia.com\/?post_type=product&#038;p=3102"},"modified":"2025-10-24T16:45:40","modified_gmt":"2025-10-24T20:45:40","slug":"alpaca-sweater-cochabamba-with-hood","status":"publish","type":"product","link":"https:\/\/lambolivia.com\/es\/producto\/alpaca-sweater-cochabamba-with-hood\/","title":{"rendered":"Su\u00e9ter de Alpaca con Capucha Cochabamba"},"content":{"rendered":"<p>Presentamos el Su\u00e9ter de Alpaca Cochabamba Con Capucha, una fusi\u00f3n perfecta de lujo, comodidad y practicidad. Confeccionado con la mejor lana de alpaca, este su\u00e9ter ofrece una suavidad y calidez inigualables, ideal para climas m\u00e1s fr\u00edos. El dise\u00f1o Cochabamba cuenta con una acogedora capucha que agrega una capa extra de comodidad y estilo, lo que lo convierte en una incorporaci\u00f3n vers\u00e1til a tu guardarropa. Las propiedades aislantes naturales de la lana de alpaca garantizan que usted se mantenga abrigado sin sentirse voluminoso, mientras que su naturaleza liviana y transpirable la hace adecuada tanto para uso en interiores como en exteriores. Hipoalerg\u00e9nico y suave para la piel, el su\u00e9ter de alpaca Cochabamba con capucha es perfecto para personas con sensibilidades, ya que brinda comodidad durante todo el d\u00eda sin irritaci\u00f3n. Sus fibras duraderas resisten la formaci\u00f3n de bolitas y mantienen su forma, lo que garantiza que este su\u00e9ter siga siendo una prenda b\u00e1sica en los a\u00f1os venideros. Disponible en una variedad de colores elegantes, Cochabamba con capucha complementa sin esfuerzo cualquier atuendo, desde salidas informales hasta ambientes m\u00e1s refinados. La impecable artesan\u00eda y la atenci\u00f3n al detalle en cada puntada reflejan la dedicaci\u00f3n y habilidad de los artesanos que crean esta obra maestra. Abrace la combinaci\u00f3n perfecta de estilo y comodidad con el Su\u00e9ter de Alpaca Cochabamba con Capucha, donde la practicidad cotidiana se combina con la elegancia atemporal.<\/p>","protected":false},"excerpt":{"rendered":"<p>Experimenta la combinaci\u00f3n perfecta de estilo y comodidad con el Su\u00e9ter de Alpaca Cochabamba con Capucha. Confeccionado con lujosa lana de alpaca, este su\u00e9ter ofrece una suavidad y calidez inigualables. Con una acogedora capucha, es hipoalerg\u00e9nica, duradera e ideal para cualquier \u00e9poca del a\u00f1o. Disponible en varios colores elegantes, pasa sin esfuerzo de ambientes informales a ambientes refinados.<\/p>","protected":false},"featured_media":3112,"comment_status":"open","ping_status":"closed","template":"","meta":{"_monsterinsights_skip_tracking":false,"_monsterinsights_sitenote_active":false,"_monsterinsights_sitenote_note":"","_monsterinsights_sitenote_category":0},"product_brand":[],"product_cat":[24,26,84],"product_tag":[38,119,82,45,39],"class_list":{"0":"post-3102","1":"product","2":"type-product","3":"status-publish","4":"has-post-thumbnail","6":"product_cat-men","7":"product_cat-men-sweaters","8":"product_cat-sweaters","9":"product_tag-alpaca","10":"product_tag-alpaca-clothing","11":"product_tag-alpaca-sweater","12":"product_tag-alpaca-wool","13":"product_tag-sweater","15":"first","16":"instock","17":"shipping-taxable","18":"purchasable","19":"product-type-variable","20":"has-default-attributes","21":"rtwpvg-product"},"_links":{"self":[{"href":"https:\/\/lambolivia.com\/es\/wp-json\/wp\/v2\/product\/3102","targetHints":{"allow":["GET"]}}],"collection":[{"href":"https:\/\/lambolivia.com\/es\/wp-json\/wp\/v2\/product"}],"about":[{"href":"https:\/\/lambolivia.com\/es\/wp-json\/wp\/v2\/types\/product"}],"replies":[{"embeddable":true,"href":"https:\/\/lambolivia.com\/es\/wp-json\/wp\/v2\/comments?post=3102"}],"wp:featuredmedia":[{"embeddable":true,"href":"https:\/\/lambolivia.com\/es\/wp-json\/wp\/v2\/media\/3112"}],"wp:attachment":[{"href":"https:\/\/lambolivia.com\/es\/wp-json\/wp\/v2\/media?parent=3102"}],"wp:term":[{"taxonomy":"product_brand","embeddable":true,"href":"https:\/\/lambolivia.com\/es\/wp-json\/wp\/v2\/product_brand?post=3102"},{"taxonomy":"product_cat","embeddable":true,"href":"https:\/\/lambolivia.com\/es\/wp-json\/wp\/v2\/product_cat?post=3102"},{"taxonomy":"product_tag","embeddable":true,"href":"https:\/\/lambolivia.com\/es\/wp-json\/wp\/v2\/product_tag?post=3102"}],"curies":[{"name":"wp","href":"https:\/\/api.w.org\/{rel}","templated":true}]}}