{"id":3060,"date":"2024-06-27T12:28:28","date_gmt":"2024-06-27T16:28:28","guid":{"rendered":"https:\/\/lambolivia.com\/?post_type=product&#038;p=3060"},"modified":"2025-10-24T16:46:05","modified_gmt":"2025-10-24T20:46:05","slug":"alpaca-sweater-half-christmas","status":"publish","type":"product","link":"https:\/\/lambolivia.com\/es\/producto\/alpaca-sweater-half-christmas\/","title":{"rendered":"Su\u00e9ter de Alpaca Media Navidad"},"content":{"rendered":"<p>Presentamos el Su\u00e9ter de Alpaca Media Navidad, una combinaci\u00f3n perfecta de encanto festivo y elegancia cotidiana. Confeccionado con lana de alpaca de primera calidad, este su\u00e9ter ofrece suavidad, calidez y comodidad incomparables. El exclusivo dise\u00f1o navide\u00f1o combina motivos navide\u00f1os tradicionales con un toque moderno, lo que lo convierte en una pieza destacada para la temporada. Con patrones intrincados inspirados en elementos navide\u00f1os cl\u00e1sicos, integrados con buen gusto en un dise\u00f1o vers\u00e1til que se puede usar m\u00e1s all\u00e1 de la temporada navide\u00f1a. Las propiedades aislantes naturales de la lana de alpaca garantizan que te mantengas c\u00f3modo durante los meses fr\u00edos, mientras que su naturaleza liviana evita el sobrecalentamiento, lo que la hace ideal para usar en capas. Reconocido por sus cualidades hipoalerg\u00e9nicas, este su\u00e9ter es adecuado para pieles sensibles. Su durabilidad y resistencia a las bolitas garantizan que el Su\u00e9ter de Alpaca Media Navidad mantenga su apariencia impecable y su sensaci\u00f3n de lujo a trav\u00e9s de muchos usos y lavados. Disponible en una variedad de colores festivos y neutros, este su\u00e9ter complementa sin esfuerzo tu guardarropa navide\u00f1o y al mismo tiempo hace una transici\u00f3n perfecta a tu estilo cotidiano. La impecable artesan\u00eda y la atenci\u00f3n al detalle en cada puntada reflejan la dedicaci\u00f3n y habilidad de los artesanos que crean esta obra maestra. Celebre la temporada navide\u00f1a con estilo con el Su\u00e9ter de Alpaca Media Navidad, donde el esp\u00edritu festivo se combina con la sofisticaci\u00f3n atemporal.<\/p>","protected":false},"excerpt":{"rendered":"<p>Celebre la temporada con el Su\u00e9ter de Alpaca Media Navidad, confeccionado con lujosa lana de alpaca para brindar una suavidad y calidez inigualables. Con un dise\u00f1o navide\u00f1o \u00fanico con motivos tradicionales y un toque moderno, este su\u00e9ter es perfecto para ocasiones festivas y para uso diario. Hipoalerg\u00e9nico y duradero, est\u00e1 disponible en varios colores para adaptarse a cualquier estilo.<\/p>","protected":false},"featured_media":3067,"comment_status":"open","ping_status":"closed","template":"","meta":{"_monsterinsights_skip_tracking":false,"_monsterinsights_sitenote_active":false,"_monsterinsights_sitenote_note":"","_monsterinsights_sitenote_category":0},"product_brand":[],"product_cat":[24,26,84],"product_tag":[38,82,51,39],"class_list":{"0":"post-3060","1":"product","2":"type-product","3":"status-publish","4":"has-post-thumbnail","6":"product_cat-men","7":"product_cat-men-sweaters","8":"product_cat-sweaters","9":"product_tag-alpaca","10":"product_tag-alpaca-sweater","11":"product_tag-baby-alpaca","12":"product_tag-sweater","14":"first","15":"instock","16":"shipping-taxable","17":"purchasable","18":"product-type-variable","19":"has-default-attributes","20":"rtwpvg-product"},"_links":{"self":[{"href":"https:\/\/lambolivia.com\/es\/wp-json\/wp\/v2\/product\/3060","targetHints":{"allow":["GET"]}}],"collection":[{"href":"https:\/\/lambolivia.com\/es\/wp-json\/wp\/v2\/product"}],"about":[{"href":"https:\/\/lambolivia.com\/es\/wp-json\/wp\/v2\/types\/product"}],"replies":[{"embeddable":true,"href":"https:\/\/lambolivia.com\/es\/wp-json\/wp\/v2\/comments?post=3060"}],"wp:featuredmedia":[{"embeddable":true,"href":"https:\/\/lambolivia.com\/es\/wp-json\/wp\/v2\/media\/3067"}],"wp:attachment":[{"href":"https:\/\/lambolivia.com\/es\/wp-json\/wp\/v2\/media?parent=3060"}],"wp:term":[{"taxonomy":"product_brand","embeddable":true,"href":"https:\/\/lambolivia.com\/es\/wp-json\/wp\/v2\/product_brand?post=3060"},{"taxonomy":"product_cat","embeddable":true,"href":"https:\/\/lambolivia.com\/es\/wp-json\/wp\/v2\/product_cat?post=3060"},{"taxonomy":"product_tag","embeddable":true,"href":"https:\/\/lambolivia.com\/es\/wp-json\/wp\/v2\/product_tag?post=3060"}],"curies":[{"name":"wp","href":"https:\/\/api.w.org\/{rel}","templated":true}]}}