{"id":3018,"date":"2024-06-27T11:22:33","date_gmt":"2024-06-27T15:22:33","guid":{"rendered":"https:\/\/lambolivia.com\/?post_type=product&#038;p=3018"},"modified":"2025-10-24T16:46:48","modified_gmt":"2025-10-24T20:46:48","slug":"alpaca-sweater-winter","status":"publish","type":"product","link":"https:\/\/lambolivia.com\/es\/producto\/alpaca-sweater-winter\/","title":{"rendered":"Su\u00e9ter de Alpaca Invierno"},"content":{"rendered":"<p>Adopte lo \u00faltimo en calidez y estilo lujosos con nuestro Su\u00e9ter de Alpaca Invierno. Confeccionado con la mejor lana de alpaca, este su\u00e9ter ofrece una suavidad y un aislamiento incomparables, lo que lo convierte en su opci\u00f3n ideal para los fr\u00edos meses de invierno. La lana de alpaca es conocida por sus propiedades t\u00e9rmicas superiores, que te mantienen abrigado sin abultar. Las fibras naturales son hipoalerg\u00e9nicas e incre\u00edblemente suaves para la piel, lo que garantiza la m\u00e1xima comodidad para usarlas durante todo el d\u00eda.<\/p>\n<p>Nuestro Su\u00e9ter de Alpaca Invierno presenta un dise\u00f1o atemporal que combina sin esfuerzo con cualquier guardarropa. El corte cl\u00e1sico, combinado con un patr\u00f3n sutil pero elegante, lo hace perfecto tanto para salidas informales como para ocasiones m\u00e1s formales. Disponible en una variedad de colores sofisticados, este su\u00e9ter es lo suficientemente vers\u00e1til como para combinarlo con tus jeans o pantalones de vestir favoritos.<\/p>\n<p>Cada su\u00e9ter, de origen sostenible y producido de forma \u00e9tica, es un testimonio de nuestro compromiso con la calidad y el medio ambiente. Las alpacas se esquilan suavemente sin sufrir da\u00f1os y la lana se procesa utilizando m\u00e9todos ecol\u00f3gicos. Al elegir nuestro Su\u00e9ter de Alpaca Invierno, no solo est\u00e1s invirtiendo en una prenda de alta calidad, sino que tambi\u00e9n apoyas pr\u00e1cticas de moda sostenibles.<\/p>\n<p>Ya sea que est\u00e9s desafiando los elementos o disfrutando de una noche acogedora junto al fuego, nuestro Su\u00e9ter de Alpaca Invierno te mantendr\u00e1 abrigado, elegante y c\u00f3modo. Reg\u00e1late a ti mismo o a alguien especial el lujo de la lana de alpaca esta temporada.<\/p>","protected":false},"excerpt":{"rendered":"<p>Mant\u00e9ngase abrigado y elegante este invierno con nuestro Su\u00e9ter de Alpaca Invierno. Confeccionado con la mejor lana de alpaca, este su\u00e9ter ofrece una suavidad y un aislamiento excepcionales. Su dise\u00f1o atemporal y su gama de colores lo convierten en una incorporaci\u00f3n vers\u00e1til a cualquier armario. Producido \u00e9ticamente y de origen sostenible, es la combinaci\u00f3n perfecta de lujo y conciencia ecol\u00f3gica. Abrace hoy la acogedora comodidad de la lana de alpaca.<\/p>","protected":false},"featured_media":3035,"comment_status":"open","ping_status":"closed","template":"","meta":{"_monsterinsights_skip_tracking":false,"_monsterinsights_sitenote_active":false,"_monsterinsights_sitenote_note":"","_monsterinsights_sitenote_category":0},"product_brand":[],"product_cat":[24,26,84],"product_tag":[38,82,45,51,39],"class_list":{"0":"post-3018","1":"product","2":"type-product","3":"status-publish","4":"has-post-thumbnail","6":"product_cat-men","7":"product_cat-men-sweaters","8":"product_cat-sweaters","9":"product_tag-alpaca","10":"product_tag-alpaca-sweater","11":"product_tag-alpaca-wool","12":"product_tag-baby-alpaca","13":"product_tag-sweater","14":"pa_color-red","15":"pa_color-white","17":"first","18":"instock","19":"shipping-taxable","20":"purchasable","21":"product-type-variable","22":"has-default-attributes","23":"rtwpvg-product"},"_links":{"self":[{"href":"https:\/\/lambolivia.com\/es\/wp-json\/wp\/v2\/product\/3018","targetHints":{"allow":["GET"]}}],"collection":[{"href":"https:\/\/lambolivia.com\/es\/wp-json\/wp\/v2\/product"}],"about":[{"href":"https:\/\/lambolivia.com\/es\/wp-json\/wp\/v2\/types\/product"}],"replies":[{"embeddable":true,"href":"https:\/\/lambolivia.com\/es\/wp-json\/wp\/v2\/comments?post=3018"}],"wp:featuredmedia":[{"embeddable":true,"href":"https:\/\/lambolivia.com\/es\/wp-json\/wp\/v2\/media\/3035"}],"wp:attachment":[{"href":"https:\/\/lambolivia.com\/es\/wp-json\/wp\/v2\/media?parent=3018"}],"wp:term":[{"taxonomy":"product_brand","embeddable":true,"href":"https:\/\/lambolivia.com\/es\/wp-json\/wp\/v2\/product_brand?post=3018"},{"taxonomy":"product_cat","embeddable":true,"href":"https:\/\/lambolivia.com\/es\/wp-json\/wp\/v2\/product_cat?post=3018"},{"taxonomy":"product_tag","embeddable":true,"href":"https:\/\/lambolivia.com\/es\/wp-json\/wp\/v2\/product_tag?post=3018"}],"curies":[{"name":"wp","href":"https:\/\/api.w.org\/{rel}","templated":true}]}}