{"id":2987,"date":"2024-06-26T13:54:44","date_gmt":"2024-06-26T17:54:44","guid":{"rendered":"https:\/\/lambolivia.com\/?post_type=product&#038;p=2987"},"modified":"2025-10-24T16:47:01","modified_gmt":"2025-10-24T20:47:01","slug":"alpaca-sweater-luis","status":"publish","type":"product","link":"https:\/\/lambolivia.com\/es\/producto\/alpaca-sweater-luis\/","title":{"rendered":"Su\u00e9ter de Alpaca Luis"},"content":{"rendered":"<p>Presentamos el Su\u00e9ter de Alpaca Luis, una obra maestra del lujo. Confeccionado con la mejor lana de alpaca, este su\u00e9ter es la personificaci\u00f3n de la comodidad y la elegancia. La lana de alpaca es reconocida por su suavidad superior, calidez y propiedades hipoalerg\u00e9nicas, lo que la convierte en una opci\u00f3n ideal para personas con piel sensible.<\/p>\n<p>El Su\u00e9ter de Alpaca Luis presenta un dise\u00f1o cl\u00e1sico que combina a la perfecci\u00f3n con cualquier atuendo. Su tejido liviano pero aislante garantiza que est\u00e9s c\u00f3modo sin sentirte voluminoso, ya sea que lo uses debajo de una chaqueta o lo uses solo. La transpirabilidad natural del su\u00e9ter permite una regulaci\u00f3n \u00f3ptima de la temperatura, manteni\u00e9ndote c\u00f3modo en diversos climas.<\/p>\n<p>Cada Su\u00e9ter de Alpaca Luis est\u00e1 meticulosamente elaborado, asegurando una calidad y durabilidad excepcionales. El estilo atemporal incluye detalles sutiles que a\u00f1aden un toque de sofisticaci\u00f3n, haci\u00e9ndolo adecuado tanto para salidas informales como para eventos m\u00e1s formales. Disponible en una variedad de colores, puedes encontrar f\u00e1cilmente el tono perfecto para complementar tu guardarropa.<\/p>\n<p>Eleva tu juego de moda con el Su\u00e9ter de Alpaca Luis, una adici\u00f3n vers\u00e1til y lujosa a cualquier colecci\u00f3n. Experimenta los inigualables beneficios de la lana de alpaca y disfruta de un su\u00e9ter que no solo luce genial sino que tambi\u00e9n se siente incre\u00edble. Reg\u00e1late a ti o a alguien especial la elegancia y comodidad del Su\u00e9ter de Alpaca Luis hoy.<\/p>","protected":false},"excerpt":{"rendered":"<p>Descubra la mejor combinaci\u00f3n de comodidad y estilo con el Su\u00e9ter de Alpaca Luis. Confeccionado con lujosa lana de alpaca, este su\u00e9ter ofrece calidez, suavidad y durabilidad inigualables. Su dise\u00f1o atemporal lo convierte en una incorporaci\u00f3n vers\u00e1til a cualquier guardarropa, perfecto tanto para ocasiones informales como formales. Experimenta la excepcional calidad y elegancia de la lana de alpaca con el Su\u00e9ter de Alpaca Luis.<\/p>","protected":false},"featured_media":2994,"comment_status":"open","ping_status":"closed","template":"","meta":{"_monsterinsights_skip_tracking":false,"_monsterinsights_sitenote_active":false,"_monsterinsights_sitenote_note":"","_monsterinsights_sitenote_category":0},"product_brand":[],"product_cat":[24,26,84],"product_tag":[38,82,45,51,39],"class_list":{"0":"post-2987","1":"product","2":"type-product","3":"status-publish","4":"has-post-thumbnail","6":"product_cat-men","7":"product_cat-men-sweaters","8":"product_cat-sweaters","9":"product_tag-alpaca","10":"product_tag-alpaca-sweater","11":"product_tag-alpaca-wool","12":"product_tag-baby-alpaca","13":"product_tag-sweater","15":"first","16":"instock","17":"shipping-taxable","18":"purchasable","19":"product-type-variable","20":"has-default-attributes","21":"rtwpvg-product"},"_links":{"self":[{"href":"https:\/\/lambolivia.com\/es\/wp-json\/wp\/v2\/product\/2987","targetHints":{"allow":["GET"]}}],"collection":[{"href":"https:\/\/lambolivia.com\/es\/wp-json\/wp\/v2\/product"}],"about":[{"href":"https:\/\/lambolivia.com\/es\/wp-json\/wp\/v2\/types\/product"}],"replies":[{"embeddable":true,"href":"https:\/\/lambolivia.com\/es\/wp-json\/wp\/v2\/comments?post=2987"}],"wp:featuredmedia":[{"embeddable":true,"href":"https:\/\/lambolivia.com\/es\/wp-json\/wp\/v2\/media\/2994"}],"wp:attachment":[{"href":"https:\/\/lambolivia.com\/es\/wp-json\/wp\/v2\/media?parent=2987"}],"wp:term":[{"taxonomy":"product_brand","embeddable":true,"href":"https:\/\/lambolivia.com\/es\/wp-json\/wp\/v2\/product_brand?post=2987"},{"taxonomy":"product_cat","embeddable":true,"href":"https:\/\/lambolivia.com\/es\/wp-json\/wp\/v2\/product_cat?post=2987"},{"taxonomy":"product_tag","embeddable":true,"href":"https:\/\/lambolivia.com\/es\/wp-json\/wp\/v2\/product_tag?post=2987"}],"curies":[{"name":"wp","href":"https:\/\/api.w.org\/{rel}","templated":true}]}}