{"id":2976,"date":"2024-06-26T13:31:21","date_gmt":"2024-06-26T17:31:21","guid":{"rendered":"https:\/\/lambolivia.com\/?post_type=product&#038;p=2976"},"modified":"2025-10-24T16:47:11","modified_gmt":"2025-10-24T20:47:11","slug":"alpaca-sweater-classic","status":"publish","type":"product","link":"https:\/\/lambolivia.com\/es\/producto\/alpaca-sweater-classic\/","title":{"rendered":"Su\u00e9ter de Alpaca Cl\u00e1sico"},"content":{"rendered":"<p>Disfrute de la lujosa calidez y suavidad de nuestro Su\u00e9ter de Alpaca Cl\u00e1sico, una pieza por excelencia para cualquier guardarropa. Confeccionado 100 % con lana de alpaca de primera calidad, este su\u00e9ter representa la combinaci\u00f3n perfecta de comodidad, estilo y durabilidad. La lana de alpaca es reconocida por sus excepcionales propiedades aislantes, lo que hace de este su\u00e9ter una opci\u00f3n ideal tanto para los fr\u00edos d\u00edas de invierno como para las frescas noches de verano.<\/p>\n<p>El dise\u00f1o atemporal del Su\u00e9ter de Alpaca Cl\u00e1sico presenta un ajuste vers\u00e1til que favorece a todo tipo de cuerpo, con pu\u00f1os y dobladillo acanalados para un acabado pulido. Su naturaleza transpirable e hipoalerg\u00e9nica garantiza un uso c\u00f3modo, incluso para personas con piel sensible. Ya sea que te est\u00e9s vistiendo para una ocasi\u00f3n formal o busques un compa\u00f1ero acogedor para tus salidas informales, este su\u00e9ter pasa sin esfuerzo de un ambiente a otro.<\/p>\n<p>Disponible en una gama de colores cl\u00e1sicos, el Su\u00e9ter de Alpaca Cl\u00e1sico es f\u00e1cil de combinar con cualquier conjunto y aporta un toque de sofisticaci\u00f3n a tu look diario. Invierte en una pieza que combine elegancia con practicidad y disfruta de la calidad perdurable de la lana de alpaca temporada tras temporada. Abrace el lujo discreto del Su\u00e9ter de Alpaca Cl\u00e1sico y mejore su guardarropa con este b\u00e1sico atemporal.<\/p>","protected":false},"excerpt":{"rendered":"<p>Experimente una elegancia atemporal y una comodidad incomparable con el Su\u00e9ter de Alpaca Cl\u00e1sico. Confeccionado 100 % con lana de alpaca de primera calidad, este su\u00e9ter ofrece calidez, suavidad y durabilidad excepcionales. Perfecto para cualquier ocasi\u00f3n, el dise\u00f1o cl\u00e1sico garantiza que te mantengas elegante y acogedor durante todas las estaciones.<\/p>","protected":false},"featured_media":2983,"comment_status":"open","ping_status":"closed","template":"","meta":{"_monsterinsights_skip_tracking":false,"_monsterinsights_sitenote_active":false,"_monsterinsights_sitenote_note":"","_monsterinsights_sitenote_category":0},"product_brand":[],"product_cat":[24,26,84],"product_tag":[38,82,45,51,39],"class_list":{"0":"post-2976","1":"product","2":"type-product","3":"status-publish","4":"has-post-thumbnail","6":"product_cat-men","7":"product_cat-men-sweaters","8":"product_cat-sweaters","9":"product_tag-alpaca","10":"product_tag-alpaca-sweater","11":"product_tag-alpaca-wool","12":"product_tag-baby-alpaca","13":"product_tag-sweater","15":"first","16":"instock","17":"shipping-taxable","18":"purchasable","19":"product-type-variable","20":"has-default-attributes","21":"rtwpvg-product"},"_links":{"self":[{"href":"https:\/\/lambolivia.com\/es\/wp-json\/wp\/v2\/product\/2976","targetHints":{"allow":["GET"]}}],"collection":[{"href":"https:\/\/lambolivia.com\/es\/wp-json\/wp\/v2\/product"}],"about":[{"href":"https:\/\/lambolivia.com\/es\/wp-json\/wp\/v2\/types\/product"}],"replies":[{"embeddable":true,"href":"https:\/\/lambolivia.com\/es\/wp-json\/wp\/v2\/comments?post=2976"}],"wp:featuredmedia":[{"embeddable":true,"href":"https:\/\/lambolivia.com\/es\/wp-json\/wp\/v2\/media\/2983"}],"wp:attachment":[{"href":"https:\/\/lambolivia.com\/es\/wp-json\/wp\/v2\/media?parent=2976"}],"wp:term":[{"taxonomy":"product_brand","embeddable":true,"href":"https:\/\/lambolivia.com\/es\/wp-json\/wp\/v2\/product_brand?post=2976"},{"taxonomy":"product_cat","embeddable":true,"href":"https:\/\/lambolivia.com\/es\/wp-json\/wp\/v2\/product_cat?post=2976"},{"taxonomy":"product_tag","embeddable":true,"href":"https:\/\/lambolivia.com\/es\/wp-json\/wp\/v2\/product_tag?post=2976"}],"curies":[{"name":"wp","href":"https:\/\/api.w.org\/{rel}","templated":true}]}}