{"id":278,"date":"2024-03-16T12:20:34","date_gmt":"2024-03-16T16:20:34","guid":{"rendered":"https:\/\/lambolivia.com\/?post_type=product&#038;p=278"},"modified":"2025-10-29T22:35:51","modified_gmt":"2025-10-30T02:35:51","slug":"alpaca-shawl-uyuni","status":"publish","type":"product","link":"https:\/\/lambolivia.com\/es\/producto\/alpaca-shawl-uyuni\/","title":{"rendered":"Chal de Alpaca Uyuni"},"content":{"rendered":"<h3>Chal de Alpaca Uyuni<\/h3>\n<p>Transp\u00f3rtate a los paisajes de otro mundo del Salar de Uyuni, en Bolivia, con nuestro chal de alpaca Uyuni. Bautizado con el nombre de una de las maravillas naturales m\u00e1s impresionantes del mundo, este chal captura la belleza et\u00e9rea y la inmensidad del salar. Meticulosamente elaborado por artesanos expertos, cada chal est\u00e1 hecho con la mejor lana de alpaca, apreciada por su excepcional suavidad y calidez. El sutil pero intrincado dise\u00f1o del chal refleja los fascinantes patrones que se encuentran en los cristales de sal del Salar de Uyuni, a\u00f1adiendo un toque de elegancia inspirada en la naturaleza a cualquier atuendo. Ya sea como un elegante accesorio o como un acogedor chal, el chal de alpaca Uyuni es una pieza vers\u00e1til que combina sin esfuerzo comodidad, estilo y el sobrecogedor esp\u00edritu de los paisajes naturales de Bolivia.<\/p>","protected":false},"excerpt":{"rendered":"<p>Eleva tu look con nuestro chal de alpaca Uyuni, inspirado en la impresionante belleza del Salar de Uyuni, en Bolivia. Confeccionado a mano con esmero, este chal combina la lujosa lana de alpaca con una elegancia atemporal, a\u00f1adiendo un toque de sofisticaci\u00f3n a cualquier conjunto.<\/p>","protected":false},"featured_media":284,"comment_status":"open","ping_status":"closed","template":"","meta":{"_monsterinsights_skip_tracking":false,"_monsterinsights_sitenote_active":false,"_monsterinsights_sitenote_note":"","_monsterinsights_sitenote_category":0},"product_brand":[],"product_cat":[17,22],"product_tag":[79,72,45,47],"class_list":{"0":"post-278","1":"product","2":"type-product","3":"status-publish","4":"has-post-thumbnail","6":"product_cat-women","7":"product_cat-shawls","8":"product_tag-alapca-shawl","9":"product_tag-alpaca-woman","10":"product_tag-alpaca-wool","11":"product_tag-shawl","12":"pa_color-black","13":"pa_color-blue-grey","15":"first","16":"instock","17":"shipping-taxable","18":"purchasable","19":"product-type-variable","20":"has-default-attributes","21":"rtwpvg-product"},"_links":{"self":[{"href":"https:\/\/lambolivia.com\/es\/wp-json\/wp\/v2\/product\/278","targetHints":{"allow":["GET"]}}],"collection":[{"href":"https:\/\/lambolivia.com\/es\/wp-json\/wp\/v2\/product"}],"about":[{"href":"https:\/\/lambolivia.com\/es\/wp-json\/wp\/v2\/types\/product"}],"replies":[{"embeddable":true,"href":"https:\/\/lambolivia.com\/es\/wp-json\/wp\/v2\/comments?post=278"}],"wp:featuredmedia":[{"embeddable":true,"href":"https:\/\/lambolivia.com\/es\/wp-json\/wp\/v2\/media\/284"}],"wp:attachment":[{"href":"https:\/\/lambolivia.com\/es\/wp-json\/wp\/v2\/media?parent=278"}],"wp:term":[{"taxonomy":"product_brand","embeddable":true,"href":"https:\/\/lambolivia.com\/es\/wp-json\/wp\/v2\/product_brand?post=278"},{"taxonomy":"product_cat","embeddable":true,"href":"https:\/\/lambolivia.com\/es\/wp-json\/wp\/v2\/product_cat?post=278"},{"taxonomy":"product_tag","embeddable":true,"href":"https:\/\/lambolivia.com\/es\/wp-json\/wp\/v2\/product_tag?post=278"}],"curies":[{"name":"wp","href":"https:\/\/api.w.org\/{rel}","templated":true}]}}