{"id":2609,"date":"2024-06-18T15:21:24","date_gmt":"2024-06-18T19:21:24","guid":{"rendered":"https:\/\/lambolivia.com\/?post_type=product&#038;p=2609"},"modified":"2025-10-24T16:54:39","modified_gmt":"2025-10-24T20:54:39","slug":"alpaca-sweater-jorge","status":"publish","type":"product","link":"https:\/\/lambolivia.com\/es\/producto\/alpaca-sweater-jorge\/","title":{"rendered":"Su\u00e9ter de Alpaca Jorge"},"content":{"rendered":"<p>Disfrute del lujo y la calidez con nuestro Su\u00e9ter de Alpaca Jorge. Confeccionado a mano con la suave y liviana fibra de alpaca, este su\u00e9ter combina elegancia y comodidad en cada hilo. La alpaca, famosa por su suavidad similar a la cachemira y su excepcional durabilidad, garantiza que te mantengas c\u00f3modo y elegante temporada tras temporada.<\/p>","protected":false},"excerpt":{"rendered":"<p>Experimente el lujo y la calidez con nuestro Su\u00e9ter de Alpaca Jorge, confeccionado con fibra de alpaca suave y liviana para brindar m\u00e1xima comodidad y estilo.<\/p>","protected":false},"featured_media":2611,"comment_status":"open","ping_status":"closed","template":"","meta":{"_monsterinsights_skip_tracking":false,"_monsterinsights_sitenote_active":false,"_monsterinsights_sitenote_note":"","_monsterinsights_sitenote_category":0},"product_brand":[],"product_cat":[24,26,84],"product_tag":[38,82,175],"class_list":{"0":"post-2609","1":"product","2":"type-product","3":"status-publish","4":"has-post-thumbnail","6":"product_cat-men","7":"product_cat-men-sweaters","8":"product_cat-sweaters","9":"product_tag-alpaca","10":"product_tag-alpaca-sweater","11":"product_tag-turtle-neck","13":"first","14":"instock","15":"shipping-taxable","16":"purchasable","17":"product-type-variable","18":"has-default-attributes","19":"rtwpvg-product"},"_links":{"self":[{"href":"https:\/\/lambolivia.com\/es\/wp-json\/wp\/v2\/product\/2609","targetHints":{"allow":["GET"]}}],"collection":[{"href":"https:\/\/lambolivia.com\/es\/wp-json\/wp\/v2\/product"}],"about":[{"href":"https:\/\/lambolivia.com\/es\/wp-json\/wp\/v2\/types\/product"}],"replies":[{"embeddable":true,"href":"https:\/\/lambolivia.com\/es\/wp-json\/wp\/v2\/comments?post=2609"}],"wp:featuredmedia":[{"embeddable":true,"href":"https:\/\/lambolivia.com\/es\/wp-json\/wp\/v2\/media\/2611"}],"wp:attachment":[{"href":"https:\/\/lambolivia.com\/es\/wp-json\/wp\/v2\/media?parent=2609"}],"wp:term":[{"taxonomy":"product_brand","embeddable":true,"href":"https:\/\/lambolivia.com\/es\/wp-json\/wp\/v2\/product_brand?post=2609"},{"taxonomy":"product_cat","embeddable":true,"href":"https:\/\/lambolivia.com\/es\/wp-json\/wp\/v2\/product_cat?post=2609"},{"taxonomy":"product_tag","embeddable":true,"href":"https:\/\/lambolivia.com\/es\/wp-json\/wp\/v2\/product_tag?post=2609"}],"curies":[{"name":"wp","href":"https:\/\/api.w.org\/{rel}","templated":true}]}}