{"id":2381,"date":"2024-06-14T15:33:58","date_gmt":"2024-06-14T19:33:58","guid":{"rendered":"https:\/\/lambolivia.com\/?post_type=product&#038;p=2381"},"modified":"2025-10-24T16:56:43","modified_gmt":"2025-10-24T20:56:43","slug":"alpaca-cardigan-aymara","status":"publish","type":"product","link":"https:\/\/lambolivia.com\/es\/producto\/alpaca-cardigan-aymara\/","title":{"rendered":"Sac\u00f3n de Alpaca Aymara"},"content":{"rendered":"<p>Sum\u00e9rgete en el rico tapiz cultural del pueblo Aymara con nuestro Sac\u00f3n de Alpaca Aymara. Cada pieza es un testimonio de la maestr\u00eda artesanal y la sabidur\u00eda ancestral transmitida de generaci\u00f3n en generaci\u00f3n. Confeccionado con precisi\u00f3n y cuidado, utilizando \u00fanicamente la mejor lana de alpaca procedente de las tierras altas andinas, este sac\u00f3n encarna la esencia de la herencia Aymara. Los intrincados patrones y motivos que adornan la tela rinden homenaje a la cultura Aymara, infundiendo a tu guardarropa un sentido de tradici\u00f3n y autenticidad. M\u00e1s all\u00e1 de su importancia cultural, el Sac\u00f3n de Alpaca Aymara ofrece comodidad y calidez incomparables, lo que lo convierte en una opci\u00f3n ideal para los d\u00edas fr\u00edos y las noches acogedoras. Disponible en varios tama\u00f1os, cada sac\u00f3n est\u00e1 confeccionado para garantizar el ajuste perfecto, permiti\u00e9ndole abrazar el esp\u00edritu de la elegancia Aymara con confianza y gracia. Eleve su estilo y honre el legado del pueblo Aymara con nuestro Sac\u00f3n de Alpaca Aymara, un s\u00edmbolo atemporal de orgullo cultural y sofisticaci\u00f3n sartorial.<\/p>","protected":false},"excerpt":{"rendered":"<p>\u00a1Eleva tu estilo con nuestro Sac\u00f3n de Alpaca Aymara! Confeccionado a mano con lana de alpaca de primera calidad, este c\u00e1rdigan irradia elegancia y calidez inspiradas en las tradiciones aymaras. Disponible en varios tama\u00f1os, es una adici\u00f3n vers\u00e1til a cualquier guardarropa.<\/p>","protected":false},"featured_media":2382,"comment_status":"open","ping_status":"closed","template":"","meta":{"_monsterinsights_skip_tracking":false,"_monsterinsights_sitenote_active":false,"_monsterinsights_sitenote_note":"","_monsterinsights_sitenote_category":0},"product_brand":[],"product_cat":[17,69],"product_tag":[38,159,51,158,41,150],"class_list":{"0":"post-2381","1":"product","2":"type-product","3":"status-publish","4":"has-post-thumbnail","6":"product_cat-women","7":"product_cat-cardigans","8":"product_tag-alpaca","9":"product_tag-aymara","10":"product_tag-baby-alpaca","11":"product_tag-baby-alpaca-wool","12":"product_tag-cardigan","13":"product_tag-warm","15":"first","16":"instock","17":"shipping-taxable","18":"purchasable","19":"product-type-variable","20":"has-default-attributes","21":"rtwpvg-product"},"_links":{"self":[{"href":"https:\/\/lambolivia.com\/es\/wp-json\/wp\/v2\/product\/2381","targetHints":{"allow":["GET"]}}],"collection":[{"href":"https:\/\/lambolivia.com\/es\/wp-json\/wp\/v2\/product"}],"about":[{"href":"https:\/\/lambolivia.com\/es\/wp-json\/wp\/v2\/types\/product"}],"replies":[{"embeddable":true,"href":"https:\/\/lambolivia.com\/es\/wp-json\/wp\/v2\/comments?post=2381"}],"wp:featuredmedia":[{"embeddable":true,"href":"https:\/\/lambolivia.com\/es\/wp-json\/wp\/v2\/media\/2382"}],"wp:attachment":[{"href":"https:\/\/lambolivia.com\/es\/wp-json\/wp\/v2\/media?parent=2381"}],"wp:term":[{"taxonomy":"product_brand","embeddable":true,"href":"https:\/\/lambolivia.com\/es\/wp-json\/wp\/v2\/product_brand?post=2381"},{"taxonomy":"product_cat","embeddable":true,"href":"https:\/\/lambolivia.com\/es\/wp-json\/wp\/v2\/product_cat?post=2381"},{"taxonomy":"product_tag","embeddable":true,"href":"https:\/\/lambolivia.com\/es\/wp-json\/wp\/v2\/product_tag?post=2381"}],"curies":[{"name":"wp","href":"https:\/\/api.w.org\/{rel}","templated":true}]}}