{"id":1696,"date":"2024-03-30T10:27:50","date_gmt":"2024-03-30T14:27:50","guid":{"rendered":"https:\/\/lambolivia.com\/?post_type=product&#038;p=1696"},"modified":"2025-08-11T21:34:52","modified_gmt":"2025-08-12T01:34:52","slug":"alpaca-set-apasanka","status":"publish","type":"product","link":"https:\/\/lambolivia.com\/es\/producto\/alpaca-set-apasanka\/","title":{"rendered":"Conjunto de Alpaca Apasanka"},"content":{"rendered":"<h3><strong>Conjunto de Alpaca Apasanka<\/strong><\/h3>\n<p>Eleva tu guardarropa de invierno a nuevas alturas de comodidad y sofisticaci\u00f3n con nuestro exclusivo Conjunto de Alpaca Apasanka. Confeccionado con cuidado con la mejor lana de alpaca, este exquisito conjunto consta de una bufanda suntuosamente suave, un gorro acogedor y guantes c\u00f3modos, dise\u00f1ados para mantenerte abrigado y elegante durante toda la temporada.<\/p>\n<p>Disfrute de la calidez incomparable y las propiedades aislantes de la lana de alpaca, conocida por su excepcional suavidad y durabilidad. Cada pieza de nuestro Conjunto de Alpaca Apasanka est\u00e1 elaborada por expertos para garantizar la m\u00e1xima comodidad y longevidad, lo que la convierte en la elecci\u00f3n perfecta para esos d\u00edas fr\u00edos y noches heladas.<\/p>\n<p>Ya sea que est\u00e9s recorriendo calles nevadas o disfrutando de aventuras al aire libre, nuestro Conjunto de Alpaca Apasanka ofrece la combinaci\u00f3n perfecta de moda y funcionalidad. Envu\u00e9lvete en lujo con la bufanda, prot\u00e9gete de los elementos con el sombrero y mant\u00e9n tus manos calientes con los guantes, todo mientras haces una declaraci\u00f3n de estilo audaz.<\/p>\n<p>Experimenta lo \u00faltimo en comodidad y estilo invernal con nuestro Conjunto de Alpaca Apasanka. Compre ahora y descubra el compa\u00f1ero perfecto para sus escapadas en climas fr\u00edos.<\/p>","protected":false},"excerpt":{"rendered":"<h3><strong>Conjunto de Alpaca Apasanka<\/strong><\/h3>\n<p>\u00a1Descubre lo \u00faltimo en calidez y estilo con nuestro Conjunto de Alpaca Apasanka! Este lujoso conjunto incluye una bufanda, un gorro y guantes, meticulosamente confeccionados con lana de alpaca de primera calidad. Disfrute de una comodidad y elegancia incomparables mientras desaf\u00eda el fr\u00edo de la moda. \u00a1Compra ahora y mejora tu guardarropa de invierno!<\/p>","protected":false},"featured_media":1691,"comment_status":"open","ping_status":"closed","template":"","meta":{"_monsterinsights_skip_tracking":false,"_monsterinsights_sitenote_active":false,"_monsterinsights_sitenote_note":"","_monsterinsights_sitenote_category":0},"product_brand":[],"product_cat":[30,140],"product_tag":[125,124,141,51],"class_list":{"0":"post-1696","1":"product","2":"type-product","3":"status-publish","4":"has-post-thumbnail","6":"product_cat-accessories","7":"product_cat-sets","8":"product_tag-alpaca-accesories","9":"product_tag-alpaca-garments","10":"product_tag-alpaca-set","11":"product_tag-baby-alpaca","13":"first","14":"instock","15":"shipping-taxable","16":"purchasable","17":"product-type-simple"},"_links":{"self":[{"href":"https:\/\/lambolivia.com\/es\/wp-json\/wp\/v2\/product\/1696","targetHints":{"allow":["GET"]}}],"collection":[{"href":"https:\/\/lambolivia.com\/es\/wp-json\/wp\/v2\/product"}],"about":[{"href":"https:\/\/lambolivia.com\/es\/wp-json\/wp\/v2\/types\/product"}],"replies":[{"embeddable":true,"href":"https:\/\/lambolivia.com\/es\/wp-json\/wp\/v2\/comments?post=1696"}],"wp:featuredmedia":[{"embeddable":true,"href":"https:\/\/lambolivia.com\/es\/wp-json\/wp\/v2\/media\/1691"}],"wp:attachment":[{"href":"https:\/\/lambolivia.com\/es\/wp-json\/wp\/v2\/media?parent=1696"}],"wp:term":[{"taxonomy":"product_brand","embeddable":true,"href":"https:\/\/lambolivia.com\/es\/wp-json\/wp\/v2\/product_brand?post=1696"},{"taxonomy":"product_cat","embeddable":true,"href":"https:\/\/lambolivia.com\/es\/wp-json\/wp\/v2\/product_cat?post=1696"},{"taxonomy":"product_tag","embeddable":true,"href":"https:\/\/lambolivia.com\/es\/wp-json\/wp\/v2\/product_tag?post=1696"}],"curies":[{"name":"wp","href":"https:\/\/api.w.org\/{rel}","templated":true}]}}