{"id":1661,"date":"2024-03-28T14:08:58","date_gmt":"2024-03-28T18:08:58","guid":{"rendered":"https:\/\/lambolivia.com\/?post_type=product&#038;p=1661"},"modified":"2025-10-24T17:05:55","modified_gmt":"2025-10-24T21:05:55","slug":"alpaca-headband-trenzas","status":"publish","type":"product","link":"https:\/\/lambolivia.com\/es\/producto\/alpaca-headband-trenzas\/","title":{"rendered":"Vincha de Alpaca Trenzas"},"content":{"rendered":"<h3><strong>Vincha de Alpaca Trenzas<\/strong><\/h3>\n<p>Experimenta la combinaci\u00f3n perfecta de calidez y estilo con nuestra Vincha de Alpaca Trenzas. Meticulosamente elaborada con cuidado y experiencia, esta vincha es un verdadero elemento esencial para el invierno. Fabricada con la mejor lana de alpaca procedente directamente de las tierras altas de los Andes, cada vincha ofrece una suavidad lujosa y una comodidad incomparable. El intrincado dise\u00f1o trenzado Trenzas a\u00f1ade un toque de sofisticaci\u00f3n, convirti\u00e9ndolo en un accesorio vers\u00e1til para cualquier conjunto de clima fr\u00edo. Ya sea que est\u00e9s yendo a las pistas o disfrutando de un paseo tranquilo, la Vincha de Alpaca Trenzas promete mantenerte c\u00f3modo y elegante en cada aventura invernal.<\/p>\n<p>Eleva tu guardarropa de invierno con la Vincha de Alpaca Trenzas. Fabricada a mano con precisi\u00f3n y atenci\u00f3n al detalle, esta vincha est\u00e1 dise\u00f1ada para mantenerte abrigado con estilo durante toda la temporada. La confecci\u00f3n de lana de alpaca de primera calidad proporciona un aislamiento superior, lo que garantiza que sus orejas permanezcan c\u00f3modas y protegidas del fr\u00edo. El patr\u00f3n trenzado Trenzas a\u00f1ade una elegancia atemporal a tu look, convirti\u00e9ndolo en el complemento perfecto para cualquier outfit. Abraza la belleza del invierno con estilo con la Vincha de Alpaca Trenzas.<\/p>","protected":false},"excerpt":{"rendered":"<h3><strong>Vincha de Alpaca Trenzas<\/strong><\/h3>\n<p>Mantente c\u00f3modo y a la moda con la Vincha de Alpaca Trenzas. Confeccionada con lana de alpaca de primera calidad, esta vincha ofrece calidez y elegancia inmejorables. Ya sea que est\u00e9s yendo a las pistas o haciendo recados en la ciudad, la diadema Alpaca Trenzas te mantiene elegante y c\u00f3moda durante todo el invierno.<\/p>","protected":false},"featured_media":1677,"comment_status":"open","ping_status":"closed","template":"","meta":{"_monsterinsights_skip_tracking":false,"_monsterinsights_sitenote_active":false,"_monsterinsights_sitenote_note":"","_monsterinsights_sitenote_category":0},"product_brand":[],"product_cat":[30,138],"product_tag":[125,124,139,51],"class_list":{"0":"post-1661","1":"product","2":"type-product","3":"status-publish","4":"has-post-thumbnail","6":"product_cat-accessories","7":"product_cat-headbands","8":"product_tag-alpaca-accesories","9":"product_tag-alpaca-garments","10":"product_tag-alpaca-headband","11":"product_tag-baby-alpaca","12":"pa_color-beige","13":"pa_color-cyan","14":"pa_color-purple","15":"pa_color-red","16":"pa_color-yellow","18":"first","19":"instock","20":"shipping-taxable","21":"purchasable","22":"product-type-variable","23":"has-default-attributes","24":"rtwpvg-product"},"_links":{"self":[{"href":"https:\/\/lambolivia.com\/es\/wp-json\/wp\/v2\/product\/1661","targetHints":{"allow":["GET"]}}],"collection":[{"href":"https:\/\/lambolivia.com\/es\/wp-json\/wp\/v2\/product"}],"about":[{"href":"https:\/\/lambolivia.com\/es\/wp-json\/wp\/v2\/types\/product"}],"replies":[{"embeddable":true,"href":"https:\/\/lambolivia.com\/es\/wp-json\/wp\/v2\/comments?post=1661"}],"wp:featuredmedia":[{"embeddable":true,"href":"https:\/\/lambolivia.com\/es\/wp-json\/wp\/v2\/media\/1677"}],"wp:attachment":[{"href":"https:\/\/lambolivia.com\/es\/wp-json\/wp\/v2\/media?parent=1661"}],"wp:term":[{"taxonomy":"product_brand","embeddable":true,"href":"https:\/\/lambolivia.com\/es\/wp-json\/wp\/v2\/product_brand?post=1661"},{"taxonomy":"product_cat","embeddable":true,"href":"https:\/\/lambolivia.com\/es\/wp-json\/wp\/v2\/product_cat?post=1661"},{"taxonomy":"product_tag","embeddable":true,"href":"https:\/\/lambolivia.com\/es\/wp-json\/wp\/v2\/product_tag?post=1661"}],"curies":[{"name":"wp","href":"https:\/\/api.w.org\/{rel}","templated":true}]}}