{"id":1631,"date":"2024-03-28T13:55:18","date_gmt":"2024-03-28T17:55:18","guid":{"rendered":"https:\/\/lambolivia.com\/?post_type=product&#038;p=1631"},"modified":"2025-10-24T17:06:49","modified_gmt":"2025-10-24T21:06:49","slug":"alpaca-headband-granizo","status":"publish","type":"product","link":"https:\/\/lambolivia.com\/es\/producto\/alpaca-headband-granizo\/","title":{"rendered":"Vincha de Alpaca Granizo"},"content":{"rendered":"<h3><strong>Vincha de Alpaca Granizo<\/strong><\/h3>\n<p>Elaborada con precisi\u00f3n y cuidado, esta vincha es el ep\u00edtome del estilo y la calidez. Fabricada con la mejor lana de alpaca procedente directamente de las tierras altas de los Andes, cada vincha ofrece una suavidad lujosa y una comodidad excepcional. El dise\u00f1o exclusivo de Granizo a\u00f1ade un estilo contempor\u00e1neo, convirti\u00e9ndolo en un accesorio destacado para cualquier conjunto de clima fr\u00edo. Ya sea que est\u00e9s esquiando o explorando las calles de la ciudad, la Vincha de Alpaca Granizo promete mantenerte c\u00f3modo y elegante en cada aventura invernal.<\/p>\n<p>Mejora tu apariencia de clima fr\u00edo con la Vincha de Alpaca Granizo. Fabricada a mano con experiencia y atenci\u00f3n al detalle, esta vincha est\u00e1 dise\u00f1ada para mantenerte abrigado con estilo durante toda la temporada. La construcci\u00f3n de lana de alpaca de primera calidad proporciona un aislamiento superior, lo que garantiza que sus o\u00eddos se mantengan c\u00f3modos y protegidos de los vientos cortantes y las temperaturas heladas. El patr\u00f3n Granizo a\u00f1ade un toque moderno a los accesorios tradicionales de invierno, convirti\u00e9ndolo en una opci\u00f3n vers\u00e1til tanto para actividades al aire libre como para el uso diario. Abraza la belleza del invierno con estilo con la Vincha de Alpaca Granizo.<\/p>","protected":false},"excerpt":{"rendered":"<h3><strong>Vincha de Alpaca Granizo<\/strong><\/h3>\n<p>Mantente c\u00f3modo y elegante con la Vincha de Alpaca Granizo. Confeccionada con lana de alpaca de primera calidad, esta vincha ofrece calidez y elegancia inigualables. Ya sea que est\u00e9s en las pistas o desafiando las fr\u00edas calles de la ciudad, la Vincha de Alpaca Granizo te mantiene a la moda y c\u00f3moda durante todo el invierno.<\/p>","protected":false},"featured_media":1635,"comment_status":"open","ping_status":"closed","template":"","meta":{"_monsterinsights_skip_tracking":false,"_monsterinsights_sitenote_active":false,"_monsterinsights_sitenote_note":"","_monsterinsights_sitenote_category":0},"product_brand":[],"product_cat":[30,138],"product_tag":[125,124,139,51],"class_list":{"0":"post-1631","1":"product","2":"type-product","3":"status-publish","4":"has-post-thumbnail","6":"product_cat-accessories","7":"product_cat-headbands","8":"product_tag-alpaca-accesories","9":"product_tag-alpaca-garments","10":"product_tag-alpaca-headband","11":"product_tag-baby-alpaca","12":"pa_color-black","13":"pa_color-cyan","14":"pa_color-latte","15":"pa_color-purple","16":"pa_color-yellow","18":"first","19":"instock","20":"shipping-taxable","21":"purchasable","22":"product-type-variable","23":"has-default-attributes","24":"rtwpvg-product"},"_links":{"self":[{"href":"https:\/\/lambolivia.com\/es\/wp-json\/wp\/v2\/product\/1631","targetHints":{"allow":["GET"]}}],"collection":[{"href":"https:\/\/lambolivia.com\/es\/wp-json\/wp\/v2\/product"}],"about":[{"href":"https:\/\/lambolivia.com\/es\/wp-json\/wp\/v2\/types\/product"}],"replies":[{"embeddable":true,"href":"https:\/\/lambolivia.com\/es\/wp-json\/wp\/v2\/comments?post=1631"}],"wp:featuredmedia":[{"embeddable":true,"href":"https:\/\/lambolivia.com\/es\/wp-json\/wp\/v2\/media\/1635"}],"wp:attachment":[{"href":"https:\/\/lambolivia.com\/es\/wp-json\/wp\/v2\/media?parent=1631"}],"wp:term":[{"taxonomy":"product_brand","embeddable":true,"href":"https:\/\/lambolivia.com\/es\/wp-json\/wp\/v2\/product_brand?post=1631"},{"taxonomy":"product_cat","embeddable":true,"href":"https:\/\/lambolivia.com\/es\/wp-json\/wp\/v2\/product_cat?post=1631"},{"taxonomy":"product_tag","embeddable":true,"href":"https:\/\/lambolivia.com\/es\/wp-json\/wp\/v2\/product_tag?post=1631"}],"curies":[{"name":"wp","href":"https:\/\/api.w.org\/{rel}","templated":true}]}}