{"id":1600,"date":"2024-03-28T13:30:15","date_gmt":"2024-03-28T17:30:15","guid":{"rendered":"https:\/\/lambolivia.com\/?post_type=product&#038;p=1600"},"modified":"2025-10-24T17:07:04","modified_gmt":"2025-10-24T21:07:04","slug":"alpaca-headband-classic","status":"publish","type":"product","link":"https:\/\/lambolivia.com\/es\/producto\/alpaca-headband-classic\/","title":{"rendered":"Vincha de Alpaca Cl\u00e1sica"},"content":{"rendered":"<h3><strong>Vincha de Alpaca Cl\u00e1sica<\/strong><\/h3>\n<p>Presentamos el ep\u00edtome de la elegancia y la funcionalidad: Vincha de Alpaca Cl\u00e1sica. Elaborada con meticulosa atenci\u00f3n al detalle, esta vincha es la fusi\u00f3n perfecta de estilo y calidez. Fabricada con la mejor lana de alpaca procedente directamente de las tierras altas de los Andes, cada vincha ofrece una suavidad y comodidad excepcionales. El dise\u00f1o cl\u00e1sico a\u00f1ade un encanto atemporal, lo que lo convierte en un accesorio vers\u00e1til para cualquier conjunto u ocasi\u00f3n. Ya sea que est\u00e9s en las pistas o paseando por las calles de la ciudad, la Vincha de Alpaca Cl\u00e1sica te garantiza estar c\u00f3modo y elegante en cada aventura.<\/p>\n<p>Eleva tu guardarropa de invierno con la Vincha de Alpaca Cl\u00e1sica. Fabricada a mano con experiencia y cuidado, esta diadema est\u00e1 dise\u00f1ada para mantenerte abrigado sin sacrificar el estilo. La confecci\u00f3n de lana de alpaca de primera calidad proporciona un aislamiento superior, lo que garantiza que sus orejas permanezcan c\u00f3modas y protegidas del fr\u00edo. El dise\u00f1o cl\u00e1sico a\u00f1ade un toque de sofisticaci\u00f3n, convirti\u00e9ndolo en el complemento perfecto para tu conjunto de invierno favorito. Ya sea que est\u00e9s desafiando los elementos o simplemente haciendo recados, la Vincha de Alpaca Cl\u00e1sica es el accesorio definitivo para abrazar la temporada con estilo.<\/p>\n<p>&nbsp;<\/p>","protected":false},"excerpt":{"rendered":"<h3><strong>Vincha de Alpaca Cl\u00e1sica<\/strong><\/h3>\n<p>Mant\u00e9ngase abrigado con estilo con la Vincha de Alpaca Cl\u00e1sica. Confeccionada con lana de alpaca de primera calidad, esta vincha ofrece comodidad y elegancia inmejorables. Ya sea que est\u00e9s en las pistas o disfrutando de un paseo tranquilo, la Vincha de Alpaca Cl\u00e1sica mantiene tus o\u00eddos c\u00f3modos y elegantes durante todo el invierno.<\/p>","protected":false},"featured_media":1616,"comment_status":"open","ping_status":"closed","template":"","meta":{"_monsterinsights_skip_tracking":false,"_monsterinsights_sitenote_active":false,"_monsterinsights_sitenote_note":"","_monsterinsights_sitenote_category":0},"product_brand":[],"product_cat":[30,138],"product_tag":[125,124,139,51],"class_list":{"0":"post-1600","1":"product","2":"type-product","3":"status-publish","4":"has-post-thumbnail","6":"product_cat-accessories","7":"product_cat-headbands","8":"product_tag-alpaca-accesories","9":"product_tag-alpaca-garments","10":"product_tag-alpaca-headband","11":"product_tag-baby-alpaca","12":"pa_color-black","13":"pa_color-cyan","14":"pa_color-latte","15":"pa_color-purple","16":"pa_color-red","17":"pa_color-yellow","19":"first","20":"instock","21":"shipping-taxable","22":"purchasable","23":"product-type-variable","24":"has-default-attributes","25":"rtwpvg-product"},"_links":{"self":[{"href":"https:\/\/lambolivia.com\/es\/wp-json\/wp\/v2\/product\/1600","targetHints":{"allow":["GET"]}}],"collection":[{"href":"https:\/\/lambolivia.com\/es\/wp-json\/wp\/v2\/product"}],"about":[{"href":"https:\/\/lambolivia.com\/es\/wp-json\/wp\/v2\/types\/product"}],"replies":[{"embeddable":true,"href":"https:\/\/lambolivia.com\/es\/wp-json\/wp\/v2\/comments?post=1600"}],"wp:featuredmedia":[{"embeddable":true,"href":"https:\/\/lambolivia.com\/es\/wp-json\/wp\/v2\/media\/1616"}],"wp:attachment":[{"href":"https:\/\/lambolivia.com\/es\/wp-json\/wp\/v2\/media?parent=1600"}],"wp:term":[{"taxonomy":"product_brand","embeddable":true,"href":"https:\/\/lambolivia.com\/es\/wp-json\/wp\/v2\/product_brand?post=1600"},{"taxonomy":"product_cat","embeddable":true,"href":"https:\/\/lambolivia.com\/es\/wp-json\/wp\/v2\/product_cat?post=1600"},{"taxonomy":"product_tag","embeddable":true,"href":"https:\/\/lambolivia.com\/es\/wp-json\/wp\/v2\/product_tag?post=1600"}],"curies":[{"name":"wp","href":"https:\/\/api.w.org\/{rel}","templated":true}]}}