{"id":1581,"date":"2024-03-28T13:04:10","date_gmt":"2024-03-28T17:04:10","guid":{"rendered":"https:\/\/lambolivia.com\/?post_type=product&#038;p=1581"},"modified":"2025-10-24T17:07:26","modified_gmt":"2025-10-24T21:07:26","slug":"alpaca-socks-lineas","status":"publish","type":"product","link":"https:\/\/lambolivia.com\/es\/producto\/alpaca-socks-lineas\/","title":{"rendered":"Medias de Alpaca Lineas"},"content":{"rendered":"<h3><strong>Medias de Alpaca Lineas<\/strong><\/h3>\n<p>Bienvenido a la cima de la comodidad y el estilo con nuestra colecci\u00f3n de Medias de Alpaca Lineas. Disfrute de la lujosa suavidad y calidez superior de estos calcetines, elaborados por expertos con la mejor lana de alpaca procedente de las tierras altas de los Andes. Cada par est\u00e1 tejido meticulosamente con precisi\u00f3n y cuidado, lo que garantiza una comodidad y durabilidad incomparables. El patr\u00f3n de Lineas a\u00f1ade un estilo contempor\u00e1neo, lo que convierte a estos calcetines en una pieza de moda para cualquier ocasi\u00f3n. Ya sea que est\u00e9 descansando en casa o saliendo al fresco aire invernal, las Medias de Alpaca Lineas prometen mantener sus pies c\u00f3modos y elegantes durante todo el d\u00eda.<\/p>\n<p>Sum\u00e9rgete en el m\u00e1ximo lujo con las Medias de Alpaca Lineas. Confeccionados con lana de alpaca de primera calidad, estas medias ofrecen una sensaci\u00f3n suntuosamente suave y una calidez excepcional. El dise\u00f1o Lineas, inspirado en las tendencias modernas, a\u00f1ade un toque de sofisticaci\u00f3n a tu atuendo diario. Perfectos para combinar con botas o descansar en la casa, las Medias de Alpaca Lineas son la combinaci\u00f3n perfecta de comodidad y estilo. Disfrute de la comodidad inigualable de la lana de alpaca y lleve su juego de calcetines a nuevas alturas.<\/p>","protected":false},"excerpt":{"rendered":"<h3><strong>Medias de Alpaca Lineas<\/strong><\/h3>\n<p>Experimenta el ep\u00edtome de la comodidad y el estilo con las Medias de Alpaca Lineas. Confeccionados con lana de alpaca de primera calidad y con un patr\u00f3n de Lineas contempor\u00e1neo, estos calcetines mantienen tus pies calientes y a la moda durante todo el d\u00eda. Ya sea que est\u00e9 relaj\u00e1ndose en casa o fuera de casa, las l\u00edneas de calcetines Alpaca ofrecen comodidad lujosa con un toque moderno.<\/p>","protected":false},"featured_media":1584,"comment_status":"open","ping_status":"closed","template":"","meta":{"_monsterinsights_skip_tracking":false,"_monsterinsights_sitenote_active":false,"_monsterinsights_sitenote_note":"","_monsterinsights_sitenote_category":0},"product_brand":[],"product_cat":[30,34],"product_tag":[125,124,106,51],"class_list":{"0":"post-1581","1":"product","2":"type-product","3":"status-publish","4":"has-post-thumbnail","6":"product_cat-accessories","7":"product_cat-socks","8":"product_tag-alpaca-accesories","9":"product_tag-alpaca-garments","10":"product_tag-alpaca-socks","11":"product_tag-baby-alpaca","12":"pa_color-dark-grey","13":"pa_color-grey","14":"pa_color-white","16":"first","17":"instock","18":"shipping-taxable","19":"purchasable","20":"product-type-variable","21":"has-default-attributes","22":"rtwpvg-product"},"_links":{"self":[{"href":"https:\/\/lambolivia.com\/es\/wp-json\/wp\/v2\/product\/1581","targetHints":{"allow":["GET"]}}],"collection":[{"href":"https:\/\/lambolivia.com\/es\/wp-json\/wp\/v2\/product"}],"about":[{"href":"https:\/\/lambolivia.com\/es\/wp-json\/wp\/v2\/types\/product"}],"replies":[{"embeddable":true,"href":"https:\/\/lambolivia.com\/es\/wp-json\/wp\/v2\/comments?post=1581"}],"wp:featuredmedia":[{"embeddable":true,"href":"https:\/\/lambolivia.com\/es\/wp-json\/wp\/v2\/media\/1584"}],"wp:attachment":[{"href":"https:\/\/lambolivia.com\/es\/wp-json\/wp\/v2\/media?parent=1581"}],"wp:term":[{"taxonomy":"product_brand","embeddable":true,"href":"https:\/\/lambolivia.com\/es\/wp-json\/wp\/v2\/product_brand?post=1581"},{"taxonomy":"product_cat","embeddable":true,"href":"https:\/\/lambolivia.com\/es\/wp-json\/wp\/v2\/product_cat?post=1581"},{"taxonomy":"product_tag","embeddable":true,"href":"https:\/\/lambolivia.com\/es\/wp-json\/wp\/v2\/product_tag?post=1581"}],"curies":[{"name":"wp","href":"https:\/\/api.w.org\/{rel}","templated":true}]}}