{"id":1509,"date":"2024-03-28T12:25:13","date_gmt":"2024-03-28T16:25:13","guid":{"rendered":"https:\/\/lambolivia.com\/?post_type=product&#038;p=1509"},"modified":"2025-08-11T21:37:15","modified_gmt":"2025-08-12T01:37:15","slug":"alpaca-gaiters-lineas","status":"publish","type":"product","link":"https:\/\/lambolivia.com\/es\/producto\/alpaca-gaiters-lineas\/","title":{"rendered":"Polainas de Alpaca Lineas"},"content":{"rendered":"<h3><strong>Polainas de Alpaca Lineas<\/strong><\/h3>\n<p>Presentamos el ep\u00edtome del estilo y la funcionalidad: Polainas de Alpaca Lineas. Elaboradas con precisi\u00f3n y cuidado, estas polainas son el accesorio perfecto para el aventurero moderno. Confeccionados con la mejor lana de alpaca procedente directamente de las tierras altas de los Andes, cada par ofrece calidez y comodidad incomparables. El dise\u00f1o Lineas a\u00f1ade un toque de sofisticaci\u00f3n, haciendo de estas polainas no s\u00f3lo una opci\u00f3n pr\u00e1ctica sino tambi\u00e9n una declaraci\u00f3n de moda. Ya sea que est\u00e9 caminando por monta\u00f1as cubiertas de nieve o navegando por calles urbanas, las Polainas de Alpaca Lineas brindan la combinaci\u00f3n perfecta de estilo y rendimiento para todas sus actividades al aire libre.<\/p>\n<p>Eleva tu experiencia al aire libre con las Polainas de Alpaca Lineas. Fabricadas a mano con experiencia y atenci\u00f3n al detalle, estas polainas est\u00e1n dise\u00f1adas para soportar las condiciones m\u00e1s duras y al mismo tiempo mantenerte elegante. La confecci\u00f3n de lana de alpaca de primera calidad ofrece un aislamiento excepcional, lo que garantiza que tus piernas se mantengan c\u00e1lidas y c\u00f3modas en cada aventura. El patr\u00f3n Lineas a\u00f1ade un toque contempor\u00e1neo al dise\u00f1o de polainas tradicionales, convirti\u00e9ndolas en un accesorio vers\u00e1til para cualquier entusiasta de las actividades al aire libre. Desde rutas de senderismo hasta pistas de esqu\u00ed, las Polainas de Alpaca Lineas son su opci\u00f3n ideal para disfrutar de una comodidad y un estilo inmejorables.<\/p>","protected":false},"excerpt":{"rendered":"<h3><strong>Polainas de Alpaca Lineas<\/strong><\/h3>\n<p>Mejora tu juego al aire libre con las Polainas de Alpaca Lineas. Confeccionadas con lana de alpaca de primera calidad, estas polainas ofrecen calidez y estilo superiores para todas tus aventuras. Ya sea que est\u00e9 recorriendo los senderos o explorando las calles de la ciudad, las Polainas de Alpaca Lineas lo mantienen c\u00f3modo y a la moda en cada paso del camino.<\/p>","protected":false},"featured_media":1513,"comment_status":"open","ping_status":"closed","template":"","meta":{"_monsterinsights_skip_tracking":false,"_monsterinsights_sitenote_active":false,"_monsterinsights_sitenote_note":"","_monsterinsights_sitenote_category":0},"product_brand":[],"product_cat":[30,34],"product_tag":[125,135,124,106,51],"class_list":{"0":"post-1509","1":"product","2":"type-product","3":"status-publish","4":"has-post-thumbnail","6":"product_cat-accessories","7":"product_cat-socks","8":"product_tag-alpaca-accesories","9":"product_tag-alpaca-gaiters","10":"product_tag-alpaca-garments","11":"product_tag-alpaca-socks","12":"product_tag-baby-alpaca","14":"first","15":"instock","16":"shipping-taxable","17":"purchasable","18":"product-type-simple"},"_links":{"self":[{"href":"https:\/\/lambolivia.com\/es\/wp-json\/wp\/v2\/product\/1509","targetHints":{"allow":["GET"]}}],"collection":[{"href":"https:\/\/lambolivia.com\/es\/wp-json\/wp\/v2\/product"}],"about":[{"href":"https:\/\/lambolivia.com\/es\/wp-json\/wp\/v2\/types\/product"}],"replies":[{"embeddable":true,"href":"https:\/\/lambolivia.com\/es\/wp-json\/wp\/v2\/comments?post=1509"}],"wp:featuredmedia":[{"embeddable":true,"href":"https:\/\/lambolivia.com\/es\/wp-json\/wp\/v2\/media\/1513"}],"wp:attachment":[{"href":"https:\/\/lambolivia.com\/es\/wp-json\/wp\/v2\/media?parent=1509"}],"wp:term":[{"taxonomy":"product_brand","embeddable":true,"href":"https:\/\/lambolivia.com\/es\/wp-json\/wp\/v2\/product_brand?post=1509"},{"taxonomy":"product_cat","embeddable":true,"href":"https:\/\/lambolivia.com\/es\/wp-json\/wp\/v2\/product_cat?post=1509"},{"taxonomy":"product_tag","embeddable":true,"href":"https:\/\/lambolivia.com\/es\/wp-json\/wp\/v2\/product_tag?post=1509"}],"curies":[{"name":"wp","href":"https:\/\/api.w.org\/{rel}","templated":true}]}}