{"id":1475,"date":"2024-03-28T12:05:50","date_gmt":"2024-03-28T16:05:50","guid":{"rendered":"https:\/\/lambolivia.com\/?post_type=product&#038;p=1475"},"modified":"2025-10-24T17:25:15","modified_gmt":"2025-10-24T21:25:15","slug":"alpaca-gloves-classic","status":"publish","type":"product","link":"https:\/\/lambolivia.com\/es\/producto\/alpaca-gloves-classic\/","title":{"rendered":"Guantes de Alpaca Cl\u00e1sicos"},"content":{"rendered":"<h3><strong>Guantes de Alpaca Cl\u00e1sicos<\/strong><\/h3>\n<p>Sum\u00e9rgete en el ep\u00edtome de la sofisticaci\u00f3n y calidez atemporales con nuestra colecci\u00f3n Guantes de Alpaca Cl\u00e1sicos. Estos guantes, que combinan una comodidad lujosa con un estilo duradero, est\u00e1n meticulosamente confeccionados con la mejor lana de alpaca, procedente directamente de la Cordillera de los Andes. Cada par est\u00e1 tejido a mano con habilidad por artesanos que se enorgullecen de su oficio, lo que garantiza una calidad impecable y atenci\u00f3n al detalle. Las propiedades naturales de la fibra de alpaca ofrecen una suavidad y un aislamiento incomparables, manteniendo tus manos c\u00f3modas incluso en los climas m\u00e1s fr\u00edos. Ya sea que est\u00e9 recorriendo las bulliciosas calles de la ciudad o escapando a la tranquilidad de la naturaleza, los Guantes Alpaca Cl\u00e1sicos brindan el equilibrio perfecto entre elegancia y funcionalidad para cada ocasi\u00f3n.<\/p>\n<p>Envuelve tus manos con opulenta calidez y sofisticaci\u00f3n con nuestra colecci\u00f3n Guantes de Alpaca Cl\u00e1sicos. Elaborados con precisi\u00f3n y cuidado, estos guantes personifican el lujo y la comodidad. Impecablemente confeccionados a mano con la mejor lana de alpaca, cada par cuenta con una artesan\u00eda exquisita y atenci\u00f3n al detalle. El dise\u00f1o atemporal garantiza versatilidad, lo que los convierte en el accesorio perfecto para cualquier atuendo, ya sea que asistas a un evento formal o disfrutes de una salida informal. Con su aislamiento superior y su tacto suave como la mantequilla, los Guantes Alpaca Cl\u00e1sicos elevan tu guardarropa de invierno a nuevas alturas de estilo y comodidad.<\/p>","protected":false},"excerpt":{"rendered":"<h3><strong>Guantes de Alpaca Cl\u00e1sicos<\/strong><\/h3>\n<p>Eleva tu guardarropa de invierno con los guantes Alpaca Cl\u00e1sicos. Confeccionados a mano con la mejor lana de alpaca, estos guantes ofrecen calidez y elegancia inigualables. Ya sea que est\u00e9 haciendo recados en la ciudad o disfrutando de aventuras al aire libre, los guantes Alpaca Cl\u00e1sicos son el ep\u00edtome del estilo y la comodidad para el sofisticado moderno.<\/p>","protected":false},"featured_media":1486,"comment_status":"open","ping_status":"closed","template":"","meta":{"_monsterinsights_skip_tracking":false,"_monsterinsights_sitenote_active":false,"_monsterinsights_sitenote_note":"","_monsterinsights_sitenote_category":0},"product_brand":[],"product_cat":[30,33],"product_tag":[125,124,134],"class_list":{"0":"post-1475","1":"product","2":"type-product","3":"status-publish","4":"has-post-thumbnail","6":"product_cat-accessories","7":"product_cat-gloves","8":"product_tag-alpaca-accesories","9":"product_tag-alpaca-garments","10":"product_tag-baby-alpaca-alpaca-gloves","11":"pa_color-black","12":"pa_color-cyan","13":"pa_color-latte","14":"pa_color-purple","15":"pa_color-red","16":"pa_color-yellow","18":"first","19":"instock","20":"shipping-taxable","21":"purchasable","22":"product-type-variable","23":"has-default-attributes","24":"rtwpvg-product"},"_links":{"self":[{"href":"https:\/\/lambolivia.com\/es\/wp-json\/wp\/v2\/product\/1475","targetHints":{"allow":["GET"]}}],"collection":[{"href":"https:\/\/lambolivia.com\/es\/wp-json\/wp\/v2\/product"}],"about":[{"href":"https:\/\/lambolivia.com\/es\/wp-json\/wp\/v2\/types\/product"}],"replies":[{"embeddable":true,"href":"https:\/\/lambolivia.com\/es\/wp-json\/wp\/v2\/comments?post=1475"}],"wp:featuredmedia":[{"embeddable":true,"href":"https:\/\/lambolivia.com\/es\/wp-json\/wp\/v2\/media\/1486"}],"wp:attachment":[{"href":"https:\/\/lambolivia.com\/es\/wp-json\/wp\/v2\/media?parent=1475"}],"wp:term":[{"taxonomy":"product_brand","embeddable":true,"href":"https:\/\/lambolivia.com\/es\/wp-json\/wp\/v2\/product_brand?post=1475"},{"taxonomy":"product_cat","embeddable":true,"href":"https:\/\/lambolivia.com\/es\/wp-json\/wp\/v2\/product_cat?post=1475"},{"taxonomy":"product_tag","embeddable":true,"href":"https:\/\/lambolivia.com\/es\/wp-json\/wp\/v2\/product_tag?post=1475"}],"curies":[{"name":"wp","href":"https:\/\/api.w.org\/{rel}","templated":true}]}}