{"id":1423,"date":"2024-03-27T13:59:06","date_gmt":"2024-03-27T17:59:06","guid":{"rendered":"https:\/\/lambolivia.com\/?post_type=product&#038;p=1423"},"modified":"2025-10-25T22:34:41","modified_gmt":"2025-10-26T02:34:41","slug":"alpaca-hooded-poncho-apasanka","status":"publish","type":"product","link":"https:\/\/lambolivia.com\/es\/producto\/alpaca-hooded-poncho-apasanka\/","title":{"rendered":"Poncho de Alpaca con Capucha Apasanka"},"content":{"rendered":"<h3>Poncho de Alpaca con Capucha Apasanka<\/h3>\n<p>Nuestro Poncho con Capucha de Alpaca Apasanka encarna la esencia de la artesan\u00eda boliviana y la calidad superior de la fibra de alpaca. Meticulosamente elaborada a mano por h\u00e1biles artesanos en Bolivia, cada pieza es un testimonio de las t\u00e9cnicas tradicionales transmitidas de generaci\u00f3n en generaci\u00f3n. Reconocida por su suavidad y durabilidad, la fibra de alpaca ofrece una experiencia de uso incomparable: c\u00e1lida, liviana y lujosamente suave al tacto. El dise\u00f1o vers\u00e1til de nuestro poncho lo convierte en un elemento b\u00e1sico de guardarropa para cualquier ocasi\u00f3n. La capucha a\u00f1ade una capa extra de comodidad y estilo, perfecta para protegerte del viento y el fr\u00edo mientras te mantiene elegante sin esfuerzo. Ya sea combinado con jeans para un look casual o drapeado sobre un vestido para darle un toque m\u00e1s sofisticado, el Poncho con Capucha de Alpaca Apasanka siempre agrega un toque de distinci\u00f3n a tu atuendo. Cada detalle de nuestro poncho ha sido cuidadosamente pensado, desde la selecci\u00f3n de la fibra de alpaca hasta los acabados finales. Estamos comprometidos con la calidad y autenticidad de nuestros productos, orgullosos de ofrecerte una pieza que no s\u00f3lo es bella sino tambi\u00e9n \u00e9tica y sostenible. Disfrute del lujo y la calidez de la fibra de alpaca boliviana con nuestro Poncho con Capucha de Alpaca Apasanka. Una pieza atemporal que te acompa\u00f1ar\u00e1 durante muchas temporadas aportando estilo y comodidad inigualables.<\/p>","protected":false},"excerpt":{"rendered":"<p>.Experimenta calidez y estilo con nuestro Poncho con Capucha de Alpaca Apasanka. Confeccionado a mano en Bolivia con fibra de alpaca de primera calidad, este poncho combina comodidad y elegancia sin esfuerzo. Perfecto para a\u00f1adir un toque de sofisticaci\u00f3n a cualquier conjunto.<\/p>","protected":false},"featured_media":1424,"comment_status":"open","ping_status":"closed","template":"","meta":{"_monsterinsights_skip_tracking":false,"_monsterinsights_sitenote_active":false,"_monsterinsights_sitenote_note":"","_monsterinsights_sitenote_category":0},"product_brand":[],"product_cat":[17,20,85],"product_tag":[119,45,133,132],"class_list":{"0":"post-1423","1":"product","2":"type-product","3":"status-publish","4":"has-post-thumbnail","6":"product_cat-women","7":"product_cat-women-ponchos","8":"product_cat-ponchos","9":"product_tag-alpaca-clothing","10":"product_tag-alpaca-wool","11":"product_tag-best-quality","12":"product_tag-lam-bolivia","14":"first","15":"instock","16":"shipping-taxable","17":"purchasable","18":"product-type-variable","19":"has-default-attributes","20":"rtwpvg-product"},"_links":{"self":[{"href":"https:\/\/lambolivia.com\/es\/wp-json\/wp\/v2\/product\/1423","targetHints":{"allow":["GET"]}}],"collection":[{"href":"https:\/\/lambolivia.com\/es\/wp-json\/wp\/v2\/product"}],"about":[{"href":"https:\/\/lambolivia.com\/es\/wp-json\/wp\/v2\/types\/product"}],"replies":[{"embeddable":true,"href":"https:\/\/lambolivia.com\/es\/wp-json\/wp\/v2\/comments?post=1423"}],"wp:featuredmedia":[{"embeddable":true,"href":"https:\/\/lambolivia.com\/es\/wp-json\/wp\/v2\/media\/1424"}],"wp:attachment":[{"href":"https:\/\/lambolivia.com\/es\/wp-json\/wp\/v2\/media?parent=1423"}],"wp:term":[{"taxonomy":"product_brand","embeddable":true,"href":"https:\/\/lambolivia.com\/es\/wp-json\/wp\/v2\/product_brand?post=1423"},{"taxonomy":"product_cat","embeddable":true,"href":"https:\/\/lambolivia.com\/es\/wp-json\/wp\/v2\/product_cat?post=1423"},{"taxonomy":"product_tag","embeddable":true,"href":"https:\/\/lambolivia.com\/es\/wp-json\/wp\/v2\/product_tag?post=1423"}],"curies":[{"name":"wp","href":"https:\/\/api.w.org\/{rel}","templated":true}]}}