{"id":1417,"date":"2024-03-26T18:20:27","date_gmt":"2024-03-26T22:20:27","guid":{"rendered":"https:\/\/lambolivia.com\/?post_type=product&#038;p=1417"},"modified":"2025-10-26T11:52:50","modified_gmt":"2025-10-26T15:52:50","slug":"alpaca-poncho-sunny","status":"publish","type":"product","link":"https:\/\/lambolivia.com\/es\/producto\/alpaca-poncho-sunny\/","title":{"rendered":"Poncho de Alpaca Sunny"},"content":{"rendered":"<h3>Poncho de Alpaca Sunny<\/h3>\n<p>Abrace la sofisticaci\u00f3n y la comodidad con nuestro Poncho Sunny de alpaca, una fusi\u00f3n de estilo y calidez. Del\u00e9itese con la exquisita artesan\u00eda de la fibra de alpaca superior, que define el lujo con su elegante forma y suntuosa textura. Ya sea sobre los hombros para una velada nocturna o en capas para una salida informal, el poncho Sunny emana elegancia sin esfuerzo. Disfrute de la comodidad y la calidad incomparables de la fibra de alpaca y eleve su conjunto con nuestro poncho de alpaca Sunny.<\/p>","protected":false},"excerpt":{"rendered":"<p>Explore la elegancia y la calidez con nuestro Poncho de Alpaca Sunny. Confeccionado a mano con fibra de alpaca de primera calidad, este poncho ofrece una lujosa suavidad y un encanto atemporal.<\/p>","protected":false},"featured_media":1418,"comment_status":"open","ping_status":"closed","template":"","meta":{"_monsterinsights_skip_tracking":false,"_monsterinsights_sitenote_active":false,"_monsterinsights_sitenote_note":"","_monsterinsights_sitenote_category":0},"product_brand":[],"product_cat":[17,20,85],"product_tag":[91],"class_list":{"0":"post-1417","1":"product","2":"type-product","3":"status-publish","4":"has-post-thumbnail","6":"product_cat-women","7":"product_cat-women-ponchos","8":"product_cat-ponchos","9":"product_tag-alpaca-poncho","11":"first","12":"instock","13":"shipping-taxable","14":"purchasable","15":"product-type-variable","16":"has-default-attributes","17":"rtwpvg-product"},"_links":{"self":[{"href":"https:\/\/lambolivia.com\/es\/wp-json\/wp\/v2\/product\/1417","targetHints":{"allow":["GET"]}}],"collection":[{"href":"https:\/\/lambolivia.com\/es\/wp-json\/wp\/v2\/product"}],"about":[{"href":"https:\/\/lambolivia.com\/es\/wp-json\/wp\/v2\/types\/product"}],"replies":[{"embeddable":true,"href":"https:\/\/lambolivia.com\/es\/wp-json\/wp\/v2\/comments?post=1417"}],"wp:featuredmedia":[{"embeddable":true,"href":"https:\/\/lambolivia.com\/es\/wp-json\/wp\/v2\/media\/1418"}],"wp:attachment":[{"href":"https:\/\/lambolivia.com\/es\/wp-json\/wp\/v2\/media?parent=1417"}],"wp:term":[{"taxonomy":"product_brand","embeddable":true,"href":"https:\/\/lambolivia.com\/es\/wp-json\/wp\/v2\/product_brand?post=1417"},{"taxonomy":"product_cat","embeddable":true,"href":"https:\/\/lambolivia.com\/es\/wp-json\/wp\/v2\/product_cat?post=1417"},{"taxonomy":"product_tag","embeddable":true,"href":"https:\/\/lambolivia.com\/es\/wp-json\/wp\/v2\/product_tag?post=1417"}],"curies":[{"name":"wp","href":"https:\/\/api.w.org\/{rel}","templated":true}]}}