{"id":1384,"date":"2024-03-26T17:17:49","date_gmt":"2024-03-26T21:17:49","guid":{"rendered":"https:\/\/lambolivia.com\/?post_type=product&#038;p=1384"},"modified":"2025-08-11T21:42:51","modified_gmt":"2025-08-12T01:42:51","slug":"alpaca-hat-potosi-roll","status":"publish","type":"product","link":"https:\/\/lambolivia.com\/es\/producto\/alpaca-hat-potosi-roll\/","title":{"rendered":"Gorro de Alpaca con Rollo Potosi"},"content":{"rendered":"<h3><strong>Gorro de Alpaca con Rollo Potosi<\/strong><\/h3>\n<p>Bienvenido al ep\u00edtome de la elegancia andina y la sofisticaci\u00f3n moderna con nuestro Gorro de Alpaca Potos\u00ed con Rollo, una mezcla armoniosa de tradici\u00f3n y estilo contempor\u00e1neo. Cada gorro est\u00e1 meticulosamente elaborado a mano por expertos artesanos, honrando siglos de herencia y artesan\u00eda al tiempo que adopta las \u00faltimas tendencias en moda. Utilizando la mejor lana de alpaca, obtenida de manera sostenible de las pr\u00edstinas tierras altas de los Andes, el Gorro de Alpaca Potosi con Rollo promete suavidad, calidez y durabilidad incomparables.<\/p>\n<p>Inspir\u00e1ndose en los majestuosos picos de los Andes y la vibrante cultura de la regi\u00f3n, este gorro presenta un ala enrollada \u00fanica que agrega un toque moderno a su silueta cl\u00e1sica. Los patrones intrincados y los ricos tonos rinden homenaje a los ricos tapices de los textiles andinos, mientras que el ala enrollada irradia una sensaci\u00f3n de estilo y sofisticaci\u00f3n contempor\u00e1neos. Ya sea que est\u00e9 explorando el aire libre o disfrutando de un tranquilo paseo por la ciudad, el Gorro de Alpaca Potosi con Rollo garantiza estilo y comodidad en cualquier entorno.<\/p>\n<p>Experimente la lujosa comodidad y la elegancia atemporal de la lana de alpaca con nuestro Gorro de Alpaca Potosi con Rollo. Del\u00e9itese con la suntuosa suavidad y la calidez liviana que solo las fibras de alpaca pueden brindar. Mejora tu guardarropa de invierno con un gorro que combina a la perfecci\u00f3n herencia con innovaci\u00f3n, tradici\u00f3n con modernidad. Haz una declaraci\u00f3n con el Gorro de Alpaca Potosi con Rollo y abraza el esp\u00edritu de aventura y estilo.<\/p>","protected":false},"excerpt":{"rendered":"<h3><strong>Gorro de Alpaca con Rollo Potosi<\/strong><\/h3>\n<p>Presentamos nuestro Gorro de Alpaca Potosi con Rollo, donde la tradici\u00f3n se une al estilo contempor\u00e1neo con un toque diferente. Confeccionado con lana de alpaca de primera calidad y con un exclusivo ala enrollada, este gorro ofrece un dise\u00f1o inspirado en la herencia y una sofisticaci\u00f3n moderna. Eleva tu look invernal con la lujosa calidez y la elegancia atemporal del Gorro de Alpaca Potosi con Rollo.<\/p>","protected":false},"featured_media":1388,"comment_status":"open","ping_status":"closed","template":"","meta":{"_monsterinsights_skip_tracking":false,"_monsterinsights_sitenote_active":false,"_monsterinsights_sitenote_note":"","_monsterinsights_sitenote_category":0},"product_brand":[],"product_cat":[30,32],"product_tag":[125,124,108,51],"class_list":{"0":"post-1384","1":"product","2":"type-product","3":"status-publish","4":"has-post-thumbnail","6":"product_cat-accessories","7":"product_cat-hats","8":"product_tag-alpaca-accesories","9":"product_tag-alpaca-garments","10":"product_tag-alpaca-hat","11":"product_tag-baby-alpaca","13":"first","14":"instock","15":"shipping-taxable","16":"purchasable","17":"product-type-simple"},"_links":{"self":[{"href":"https:\/\/lambolivia.com\/es\/wp-json\/wp\/v2\/product\/1384","targetHints":{"allow":["GET"]}}],"collection":[{"href":"https:\/\/lambolivia.com\/es\/wp-json\/wp\/v2\/product"}],"about":[{"href":"https:\/\/lambolivia.com\/es\/wp-json\/wp\/v2\/types\/product"}],"replies":[{"embeddable":true,"href":"https:\/\/lambolivia.com\/es\/wp-json\/wp\/v2\/comments?post=1384"}],"wp:featuredmedia":[{"embeddable":true,"href":"https:\/\/lambolivia.com\/es\/wp-json\/wp\/v2\/media\/1388"}],"wp:attachment":[{"href":"https:\/\/lambolivia.com\/es\/wp-json\/wp\/v2\/media?parent=1384"}],"wp:term":[{"taxonomy":"product_brand","embeddable":true,"href":"https:\/\/lambolivia.com\/es\/wp-json\/wp\/v2\/product_brand?post=1384"},{"taxonomy":"product_cat","embeddable":true,"href":"https:\/\/lambolivia.com\/es\/wp-json\/wp\/v2\/product_cat?post=1384"},{"taxonomy":"product_tag","embeddable":true,"href":"https:\/\/lambolivia.com\/es\/wp-json\/wp\/v2\/product_tag?post=1384"}],"curies":[{"name":"wp","href":"https:\/\/api.w.org\/{rel}","templated":true}]}}