{"id":1368,"date":"2024-03-26T16:57:40","date_gmt":"2024-03-26T20:57:40","guid":{"rendered":"https:\/\/lambolivia.com\/?post_type=product&#038;p=1368"},"modified":"2025-10-24T17:26:12","modified_gmt":"2025-10-24T21:26:12","slug":"alpaca-hat-potosi-eared","status":"publish","type":"product","link":"https:\/\/lambolivia.com\/es\/producto\/alpaca-hat-potosi-eared\/","title":{"rendered":"Gorro de Alpaca con Orejas Potosi"},"content":{"rendered":"<h3><strong>Gorro de Alpaca con Orejas Potosi<\/strong><\/h3>\n<p>Emb\u00e1rquese en un viaje de elegancia atemporal y calidez acogedora con nuestro Gorro de Alpaca Potos\u00ed con Orejas, una fusi\u00f3n de herencia andina y estilo contempor\u00e1neo. Elaborado a mano con meticuloso cuidado y atenci\u00f3n al detalle por expertos artesanos, cada gorro es una obra maestra de artesan\u00eda y calidad. Elaborado con la mejor lana de alpaca, obtenida de manera sustentable en las tierras altas de los Andes, el Gorro de Alpaca Potosi con Orejas encarna la combinaci\u00f3n perfecta de lujo, comodidad y tradici\u00f3n.<\/p>\n<p>Inspirado en la majestuosa belleza de los picos andinos y la vibrante cultura de la regi\u00f3n, este gorro presenta las ic\u00f3nicas orejeras que ofrecen un gui\u00f1o a la herencia y una calidez pr\u00e1ctica. Los patrones intrincados y los colores vibrantes rinden homenaje a los ricos tapices de los textiles andinos, mientras que el dise\u00f1o de orejas a\u00f1ade un toque divertido a su silueta cl\u00e1sica. Ya sea que est\u00e9s conquistando pistas nevadas o paseando por las calles de la ciudad, el Gorro de Alpaca Potosi con Orejas garantiza estilo y comodidad acogedora en cualquier entorno.<\/p>\n<p>Experimenta la inigualable suavidad, calidez y durabilidad de la lana de alpaca con nuestro Gorro de Alpaca Potos\u00ed con Orejas. Del\u00e9itese con la textura suntuosa y el aislamiento liviano que solo las fibras de alpaca pueden brindar. Mejora tu guardarropa de invierno con un sombrero que combina a la perfecci\u00f3n tradici\u00f3n con modernidad, herencia con innovaci\u00f3n. Haz una declaraci\u00f3n con el Gorro de Alpaca Potosi con Orejas y abraza el esp\u00edritu de aventura y estilo.<\/p>","protected":false},"excerpt":{"rendered":"<h3><strong>Gorro de Alpaca con Orejas Potosi<\/strong><\/h3>\n<p>Presentamos nuestro Gorro de Alpaca Potos\u00ed con Orejas, donde la tradici\u00f3n se une al estilo contempor\u00e1neo con un toque divertido. Confeccionado con lana de alpaca de primera calidad y con orejeras ic\u00f3nicas, este gorro ofrece un dise\u00f1o inspirado en la herencia y comodidad moderna. Eleva tu look invernal con la lujosa calidez y la elegancia atemporal del Gorro de Alpaca Potos\u00ed con Orejas.<\/p>","protected":false},"featured_media":1378,"comment_status":"open","ping_status":"closed","template":"","meta":{"_monsterinsights_skip_tracking":false,"_monsterinsights_sitenote_active":false,"_monsterinsights_sitenote_note":"","_monsterinsights_sitenote_category":0},"product_brand":[],"product_cat":[30,32],"product_tag":[125,124,108,51],"class_list":{"0":"post-1368","1":"product","2":"type-product","3":"status-publish","4":"has-post-thumbnail","6":"product_cat-accessories","7":"product_cat-hats","8":"product_tag-alpaca-accesories","9":"product_tag-alpaca-garments","10":"product_tag-alpaca-hat","11":"product_tag-baby-alpaca","12":"pa_color-black","13":"pa_color-blue","14":"pa_color-dark-grey","16":"first","17":"instock","18":"shipping-taxable","19":"purchasable","20":"product-type-variable","21":"has-default-attributes","22":"rtwpvg-product"},"_links":{"self":[{"href":"https:\/\/lambolivia.com\/es\/wp-json\/wp\/v2\/product\/1368","targetHints":{"allow":["GET"]}}],"collection":[{"href":"https:\/\/lambolivia.com\/es\/wp-json\/wp\/v2\/product"}],"about":[{"href":"https:\/\/lambolivia.com\/es\/wp-json\/wp\/v2\/types\/product"}],"replies":[{"embeddable":true,"href":"https:\/\/lambolivia.com\/es\/wp-json\/wp\/v2\/comments?post=1368"}],"wp:featuredmedia":[{"embeddable":true,"href":"https:\/\/lambolivia.com\/es\/wp-json\/wp\/v2\/media\/1378"}],"wp:attachment":[{"href":"https:\/\/lambolivia.com\/es\/wp-json\/wp\/v2\/media?parent=1368"}],"wp:term":[{"taxonomy":"product_brand","embeddable":true,"href":"https:\/\/lambolivia.com\/es\/wp-json\/wp\/v2\/product_brand?post=1368"},{"taxonomy":"product_cat","embeddable":true,"href":"https:\/\/lambolivia.com\/es\/wp-json\/wp\/v2\/product_cat?post=1368"},{"taxonomy":"product_tag","embeddable":true,"href":"https:\/\/lambolivia.com\/es\/wp-json\/wp\/v2\/product_tag?post=1368"}],"curies":[{"name":"wp","href":"https:\/\/api.w.org\/{rel}","templated":true}]}}