{"id":1363,"date":"2024-03-26T16:44:14","date_gmt":"2024-03-26T20:44:14","guid":{"rendered":"https:\/\/lambolivia.com\/?post_type=product&#038;p=1363"},"modified":"2025-10-29T22:54:49","modified_gmt":"2025-10-30T02:54:49","slug":"alpaca-hat-apasanka-roll","status":"publish","type":"product","link":"https:\/\/lambolivia.com\/es\/producto\/alpaca-hat-apasanka-roll\/","title":{"rendered":"Gorro de Alpaca con Rollo Apasanka"},"content":{"rendered":"<h3><strong>Gorro de Alpaca con Rollo Apasanka<\/strong><\/h3>\n<p>Abrace la fusi\u00f3n de tradici\u00f3n e innovaci\u00f3n con nuestro Gorro de Alpaca con Rollo Apasanka, un toque contempor\u00e1neo a un dise\u00f1o andino cl\u00e1sico. Elaborado a mano con meticulosa atenci\u00f3n al detalle por h\u00e1biles artesanos, cada gorro es un testimonio del rico patrimonio cultural y la exquisita artesan\u00eda de la regi\u00f3n andina. Confeccionado con la mejor lana de alpaca, obtenida de forma sostenible en las pr\u00edstinas tierras altas, el Gorro de Alpaca con Rollo Apasanka ofrece una suavidad, calidez y durabilidad inigualables.<\/p>\n<p>Inspirado en el ic\u00f3nico dise\u00f1o de Apasanka, este sombrero presenta un ala enrollada \u00fanica que agrega un toque moderno a su silueta tradicional. Los patrones intrincados y los colores vibrantes rinden homenaje a los ricos tapices de los textiles andinos, mientras que el ala enrollada a\u00f1ade un toque de estilo contempor\u00e1neo. Ya sea que est\u00e9s esquiando o explorando las calles de la ciudad, el Gorro de Alpaca con Rollo Apasanka garantiza estilo y comodidad acogedora en cualquier entorno.<\/p>\n<p>Experimente la lujosa comodidad y el estilo atemporal de la lana de alpaca con nuestro Gorro de Alpaca con Rollo Apasanka. Del\u00e9itese con la suntuosa suavidad y la calidez liviana que solo las fibras de alpaca pueden brindar. Mejora tu guardarropa de invierno con un sombrero que combina a la perfecci\u00f3n herencia con innovaci\u00f3n, tradici\u00f3n con modernidad. Haz una declaraci\u00f3n con el Gorro de Alpaca con Rollo Apasanka y descubre por qu\u00e9 es el m\u00e1ximo s\u00edmbolo de la elegancia andina.<\/p>","protected":false},"excerpt":{"rendered":"<p>Presentamos nuestro Gorro de Alpaca con Rollo Apasanka, donde la tradici\u00f3n se une al estilo moderno con un toque diferente. Confeccionado con lana de alpaca de primera calidad y con un exclusivo ala enrollada, este sombrero ofrece un dise\u00f1o inspirado en la herencia y un estilo contempor\u00e1neo. Eleva tu look invernal con la lujosa comodidad y la elegancia atemporal del Gorro de Alpaca con Rollo Apasanka.<\/p>","protected":false},"featured_media":1367,"comment_status":"open","ping_status":"closed","template":"","meta":{"_monsterinsights_skip_tracking":false,"_monsterinsights_sitenote_active":false,"_monsterinsights_sitenote_note":"","_monsterinsights_sitenote_category":0},"product_brand":[],"product_cat":[30,32],"product_tag":[125,124,108,51],"class_list":{"0":"post-1363","1":"product","2":"type-product","3":"status-publish","4":"has-post-thumbnail","6":"product_cat-accessories","7":"product_cat-hats","8":"product_tag-alpaca-accesories","9":"product_tag-alpaca-garments","10":"product_tag-alpaca-hat","11":"product_tag-baby-alpaca","13":"first","14":"instock","15":"shipping-taxable","16":"purchasable","17":"product-type-simple"},"_links":{"self":[{"href":"https:\/\/lambolivia.com\/es\/wp-json\/wp\/v2\/product\/1363","targetHints":{"allow":["GET"]}}],"collection":[{"href":"https:\/\/lambolivia.com\/es\/wp-json\/wp\/v2\/product"}],"about":[{"href":"https:\/\/lambolivia.com\/es\/wp-json\/wp\/v2\/types\/product"}],"replies":[{"embeddable":true,"href":"https:\/\/lambolivia.com\/es\/wp-json\/wp\/v2\/comments?post=1363"}],"wp:featuredmedia":[{"embeddable":true,"href":"https:\/\/lambolivia.com\/es\/wp-json\/wp\/v2\/media\/1367"}],"wp:attachment":[{"href":"https:\/\/lambolivia.com\/es\/wp-json\/wp\/v2\/media?parent=1363"}],"wp:term":[{"taxonomy":"product_brand","embeddable":true,"href":"https:\/\/lambolivia.com\/es\/wp-json\/wp\/v2\/product_brand?post=1363"},{"taxonomy":"product_cat","embeddable":true,"href":"https:\/\/lambolivia.com\/es\/wp-json\/wp\/v2\/product_cat?post=1363"},{"taxonomy":"product_tag","embeddable":true,"href":"https:\/\/lambolivia.com\/es\/wp-json\/wp\/v2\/product_tag?post=1363"}],"curies":[{"name":"wp","href":"https:\/\/api.w.org\/{rel}","templated":true}]}}