{"id":1347,"date":"2024-03-26T16:37:53","date_gmt":"2024-03-26T20:37:53","guid":{"rendered":"https:\/\/lambolivia.com\/?post_type=product&#038;p=1347"},"modified":"2025-10-24T17:29:04","modified_gmt":"2025-10-24T21:29:04","slug":"alpaca-hat-apasanka-eared","status":"publish","type":"product","link":"https:\/\/lambolivia.com\/es\/producto\/alpaca-hat-apasanka-eared\/","title":{"rendered":"Gorro de Alpaca con Orejas Apasanka"},"content":{"rendered":"<h3><strong>Gorro de Alpaca con Orejas Apasanka<\/strong><\/h3>\n<p>Ingrese a un mundo de calidez incomparable y estilo encantador con nuestro Gorro de Alpaca Apasanka con Orejas, una verdadera obra maestra de artesan\u00eda andina y dise\u00f1o contempor\u00e1neo. Meticulosamente elaborado a mano por expertos artesanos utilizando la mejor lana de alpaca, obtenida de manera sostenible de las majestuosas tierras altas andinas, cada gorro encarna la combinaci\u00f3n perfecta de lujo, comodidad y herencia. El Gorro de Alpaca Apasanka con Orejas no es s\u00f3lo un accesorio; es un s\u00edmbolo de elegancia atemporal y aventura invernal.<\/p>\n<p>Inspirado en el dise\u00f1o tradicional de Apasanka, este sombrero presenta las ic\u00f3nicas orejeras que ofrecen un gui\u00f1o a la herencia y una calidez pr\u00e1ctica. Combinado con patrones intrincados y colores vibrantes, el Gorro de Alpaca Apasanka con Orejas agrega un toque de encanto ex\u00f3tico y sofisticaci\u00f3n a cualquier conjunto de invierno. Ya sea que est\u00e9 explorando paisajes nevados o bebiendo chocolate caliente junto a la chimenea, este sombrero garantiza estilo y comodidad acogedora.<\/p>\n<p>Experimenta la incomparable suavidad, calidez y durabilidad de la lana de alpaca con nuestro Gorro de Alpaca Apasanka con Orejas. Del\u00e9itese con la textura suntuosa y el aislamiento liviano que solo las fibras de alpaca pueden brindar. Mejora tu guardarropa de invierno con un sombrero que combina a la perfecci\u00f3n tradici\u00f3n con modernidad, comodidad con estilo. Haz una declaraci\u00f3n con el Gorro de Alpaca Apasanka con Orejas y abraza el esp\u00edritu de aventura en cada paso.<\/p>","protected":false},"excerpt":{"rendered":"<h3><strong>Gorro de Alpaca con Orejas Apasanka<\/strong><\/h3>\n<p>Presentamos nuestro Gorro de Alpaca Apasanka con Orejas, donde la tradici\u00f3n se une al estilo contempor\u00e1neo con un toque de aventura. Confeccionado con lana de alpaca de primera calidad y con orejeras ic\u00f3nicas, este gorro combina un dise\u00f1o inspirado en la herencia con comodidad moderna para crear el accesorio de invierno definitivo. Eleva tu look invernal con el encanto ex\u00f3tico y la calidez acogedora del Gorro de Alpaca Apasanka con Orejas.<\/p>","protected":false},"featured_media":1359,"comment_status":"open","ping_status":"closed","template":"","meta":{"_monsterinsights_skip_tracking":false,"_monsterinsights_sitenote_active":false,"_monsterinsights_sitenote_note":"","_monsterinsights_sitenote_category":0},"product_brand":[],"product_cat":[30,32],"product_tag":[125,124,108,51],"class_list":{"0":"post-1347","1":"product","2":"type-product","3":"status-publish","4":"has-post-thumbnail","6":"product_cat-accessories","7":"product_cat-hats","8":"product_tag-alpaca-accesories","9":"product_tag-alpaca-garments","10":"product_tag-alpaca-hat","11":"product_tag-baby-alpaca","12":"pa_color-black","13":"pa_color-red","15":"first","16":"instock","17":"shipping-taxable","18":"purchasable","19":"product-type-variable","20":"has-default-attributes","21":"rtwpvg-product"},"_links":{"self":[{"href":"https:\/\/lambolivia.com\/es\/wp-json\/wp\/v2\/product\/1347","targetHints":{"allow":["GET"]}}],"collection":[{"href":"https:\/\/lambolivia.com\/es\/wp-json\/wp\/v2\/product"}],"about":[{"href":"https:\/\/lambolivia.com\/es\/wp-json\/wp\/v2\/types\/product"}],"replies":[{"embeddable":true,"href":"https:\/\/lambolivia.com\/es\/wp-json\/wp\/v2\/comments?post=1347"}],"wp:featuredmedia":[{"embeddable":true,"href":"https:\/\/lambolivia.com\/es\/wp-json\/wp\/v2\/media\/1359"}],"wp:attachment":[{"href":"https:\/\/lambolivia.com\/es\/wp-json\/wp\/v2\/media?parent=1347"}],"wp:term":[{"taxonomy":"product_brand","embeddable":true,"href":"https:\/\/lambolivia.com\/es\/wp-json\/wp\/v2\/product_brand?post=1347"},{"taxonomy":"product_cat","embeddable":true,"href":"https:\/\/lambolivia.com\/es\/wp-json\/wp\/v2\/product_cat?post=1347"},{"taxonomy":"product_tag","embeddable":true,"href":"https:\/\/lambolivia.com\/es\/wp-json\/wp\/v2\/product_tag?post=1347"}],"curies":[{"name":"wp","href":"https:\/\/api.w.org\/{rel}","templated":true}]}}