{"id":1270,"date":"2024-03-26T14:54:33","date_gmt":"2024-03-26T18:54:33","guid":{"rendered":"https:\/\/lambolivia.com\/?post_type=product&#038;p=1270"},"modified":"2025-10-24T17:28:48","modified_gmt":"2025-10-24T21:28:48","slug":"alpaca-hat-classic-eared","status":"publish","type":"product","link":"https:\/\/lambolivia.com\/es\/producto\/alpaca-hat-classic-eared\/","title":{"rendered":"Gorro de Alpaca con Orejas Cl\u00e1sico"},"content":{"rendered":"<h3><strong>Gorro de Alpaca con Orejas Cl\u00e1sico<\/strong><\/h3>\n<p>Experimente el ep\u00edtome de la elegancia atemporal y el encanto acogedor con nuestro Gorro de Alpaca Cl\u00e1sico con Orejas, una fusi\u00f3n de artesan\u00eda tradicional y estilo contempor\u00e1neo. Confeccionado a mano con precisi\u00f3n y cuidado utilizando la mejor lana de alpaca procedente de las tierras altas de los Andes, cada gorro es un testimonio de nuestra dedicaci\u00f3n a la calidad, la comodidad y la moda \u00e9tica. El Gorro de Alpaca Cl\u00e1sico con Orejas es m\u00e1s que un simple accesorio de invierno; es un s\u00edmbolo de sofisticaci\u00f3n duradera y calidez duradera.<\/p>\n<p>Inspir\u00e1ndose en elementos de dise\u00f1o cl\u00e1sicos y a\u00f1adiendo un toque divertido, este gorro cuenta con adorables orejeras que no solo a\u00f1aden un toque de fantas\u00eda sino que tambi\u00e9n brindan calidez y protecci\u00f3n adicionales contra el fr\u00edo. Ya sea que est\u00e9s esquiando o paseando por las calles de la ciudad, el Gorro de Alpaca Cl\u00e1sico con Orejas seguramente llamar\u00e1 la atenci\u00f3n y te mantendr\u00e1 c\u00f3modo con estilo.<\/p>\n<p>Disfrute de la lujosa suavidad y la calidez liviana de la lana de alpaca con nuestro Gorro de Alpaca Cl\u00e1sico con Orejas. Del\u00e9itese con la textura mantecosa y la durabilidad excepcional que solo las fibras de alpaca pueden brindar. Mejora tu guardarropa de invierno con un gorro que combina a la perfecci\u00f3n la elegancia atemporal con la comodidad moderna. Haz una declaraci\u00f3n con el Gorro de Alpaca Cl\u00e1sico con Orejas y abraza la alegr\u00eda del invierno con estilo.<\/p>\n<p>&nbsp;<\/p>","protected":false},"excerpt":{"rendered":"<h3><strong>Gorro de Alpaca con Orejas Cl\u00e1sico<\/strong><\/h3>\n<p>Presentamos nuestro Gorro de Alpaca Cl\u00e1sico con Orejas, donde la sofisticaci\u00f3n cl\u00e1sica se combina con un encanto divertido. Confeccionado con lana de alpaca de primera calidad y con adorables orejeras, este gorro es tan elegante como acogedor. Eleva tu look invernal con la elegancia atemporal y la calidez irresistible del Gorro de Alpaca Cl\u00e1sico con Orejas<\/p>","protected":false},"featured_media":1315,"comment_status":"open","ping_status":"closed","template":"","meta":{"_monsterinsights_skip_tracking":false,"_monsterinsights_sitenote_active":false,"_monsterinsights_sitenote_note":"","_monsterinsights_sitenote_category":0},"product_brand":[],"product_cat":[30,32],"product_tag":[125,124,108,51],"class_list":{"0":"post-1270","1":"product","2":"type-product","3":"status-publish","4":"has-post-thumbnail","6":"product_cat-accessories","7":"product_cat-hats","8":"product_tag-alpaca-accesories","9":"product_tag-alpaca-garments","10":"product_tag-alpaca-hat","11":"product_tag-baby-alpaca","12":"pa_color-black","13":"pa_color-cyan","14":"pa_color-latte","15":"pa_color-purple","16":"pa_color-red","17":"pa_color-yellow","19":"first","20":"instock","21":"shipping-taxable","22":"purchasable","23":"product-type-variable","24":"has-default-attributes","25":"rtwpvg-product"},"_links":{"self":[{"href":"https:\/\/lambolivia.com\/es\/wp-json\/wp\/v2\/product\/1270","targetHints":{"allow":["GET"]}}],"collection":[{"href":"https:\/\/lambolivia.com\/es\/wp-json\/wp\/v2\/product"}],"about":[{"href":"https:\/\/lambolivia.com\/es\/wp-json\/wp\/v2\/types\/product"}],"replies":[{"embeddable":true,"href":"https:\/\/lambolivia.com\/es\/wp-json\/wp\/v2\/comments?post=1270"}],"wp:featuredmedia":[{"embeddable":true,"href":"https:\/\/lambolivia.com\/es\/wp-json\/wp\/v2\/media\/1315"}],"wp:attachment":[{"href":"https:\/\/lambolivia.com\/es\/wp-json\/wp\/v2\/media?parent=1270"}],"wp:term":[{"taxonomy":"product_brand","embeddable":true,"href":"https:\/\/lambolivia.com\/es\/wp-json\/wp\/v2\/product_brand?post=1270"},{"taxonomy":"product_cat","embeddable":true,"href":"https:\/\/lambolivia.com\/es\/wp-json\/wp\/v2\/product_cat?post=1270"},{"taxonomy":"product_tag","embeddable":true,"href":"https:\/\/lambolivia.com\/es\/wp-json\/wp\/v2\/product_tag?post=1270"}],"curies":[{"name":"wp","href":"https:\/\/api.w.org\/{rel}","templated":true}]}}