{"id":1236,"date":"2024-03-26T14:13:14","date_gmt":"2024-03-26T18:13:14","guid":{"rendered":"https:\/\/lambolivia.com\/?post_type=product&#038;p=1236"},"modified":"2025-10-24T17:28:16","modified_gmt":"2025-10-24T21:28:16","slug":"alpaca-hat-classic","status":"publish","type":"product","link":"https:\/\/lambolivia.com\/es\/producto\/alpaca-hat-classic\/","title":{"rendered":"Gorro de Alpaca Cl\u00e1sico"},"content":{"rendered":"<h3><strong>Gorro de Alpaca Cl\u00e1sico<\/strong><\/h3>\n<p>Ingrese a un mundo de elegancia atemporal y comodidad incomparable con nuestro Gorro de Alpaca Cl\u00e1sico, una verdadera encarnaci\u00f3n del lujo y la sofisticaci\u00f3n. Meticulosamente elaborado con la mejor lana de alpaca, obtenida de manera sostenible de las pr\u00edstinas tierras altas de los Andes, cada gorro es un testimonio de nuestro compromiso con la calidad, la artesan\u00eda y la moda \u00e9tica. El Gorro de Alpaca Cl\u00e1sico no es s\u00f3lo un accesorio; es una pieza de declaraci\u00f3n que trasciende las tendencias y resiste la prueba del tiempo.<\/p>\n<p>Inspirada en el atractivo duradero del dise\u00f1o cl\u00e1sico, esta gorro presenta una silueta elegante y una est\u00e9tica minimalista que irradia estilo y refinamiento sin esfuerzo. Ya sea que est\u00e9s desafiando el fr\u00edo invernal o simplemente agregando un toque de sofisticaci\u00f3n a tu look diario, el Gorro de Alpaca Cl\u00e1sico es el compa\u00f1ero perfecto para cualquier ocasi\u00f3n. Su calidez ligera y su suavidad mantecosa hacen que sea un placer usarlo, mientras que su dise\u00f1o atemporal garantiza que seguir\u00e1 siendo un elemento b\u00e1sico en su guardarropa en los a\u00f1os venideros.<\/p>\n<p>Experimente la comodidad y el lujo inigualables de la lana de alpaca con nuestro Gorro de Alpaca Cl\u00e1sico. Del\u00e9itese con la suntuosa suavidad, la calidez liviana y la durabilidad excepcional que solo las fibras de alpaca pueden brindar. Eleve su guardarropa de invierno con un sombrero que encarna elegancia discreta y calidad incomparable. Haz una declaraci\u00f3n con el Gorro de Alpaca Cl\u00e1sico y descubre por qu\u00e9 es el s\u00edmbolo supremo de sofisticaci\u00f3n atemporal.<\/p>","protected":false},"excerpt":{"rendered":"<h3><strong>Gorro de Alpaca Cl\u00e1sico<\/strong><\/h3>\n<p>Presentamos nuestro Gorro de Alpaca Cl\u00e1sico, donde la elegancia atemporal se combina con una comodidad incomparable. Confeccionado con lana de alpaca de primera calidad, este sombrero combina una lujosa suavidad con una calidez ligera para ser el accesorio perfecto para el invierno. Eleva tu estilo con la discreta elegancia del Gorro de Alpaca Cl\u00e1sico<\/p>","protected":false},"featured_media":1250,"comment_status":"open","ping_status":"closed","template":"","meta":{"_monsterinsights_skip_tracking":false,"_monsterinsights_sitenote_active":false,"_monsterinsights_sitenote_note":"","_monsterinsights_sitenote_category":0},"product_brand":[],"product_cat":[30,32],"product_tag":[125,124,108,51],"class_list":{"0":"post-1236","1":"product","2":"type-product","3":"status-publish","4":"has-post-thumbnail","6":"product_cat-accessories","7":"product_cat-hats","8":"product_tag-alpaca-accesories","9":"product_tag-alpaca-garments","10":"product_tag-alpaca-hat","11":"product_tag-baby-alpaca","12":"pa_color-black","13":"pa_color-cyan","14":"pa_color-latte","15":"pa_color-purple","16":"pa_color-red","17":"pa_color-yellow","19":"first","20":"instock","21":"shipping-taxable","22":"purchasable","23":"product-type-variable","24":"has-default-attributes","25":"rtwpvg-product"},"_links":{"self":[{"href":"https:\/\/lambolivia.com\/es\/wp-json\/wp\/v2\/product\/1236","targetHints":{"allow":["GET"]}}],"collection":[{"href":"https:\/\/lambolivia.com\/es\/wp-json\/wp\/v2\/product"}],"about":[{"href":"https:\/\/lambolivia.com\/es\/wp-json\/wp\/v2\/types\/product"}],"replies":[{"embeddable":true,"href":"https:\/\/lambolivia.com\/es\/wp-json\/wp\/v2\/comments?post=1236"}],"wp:featuredmedia":[{"embeddable":true,"href":"https:\/\/lambolivia.com\/es\/wp-json\/wp\/v2\/media\/1250"}],"wp:attachment":[{"href":"https:\/\/lambolivia.com\/es\/wp-json\/wp\/v2\/media?parent=1236"}],"wp:term":[{"taxonomy":"product_brand","embeddable":true,"href":"https:\/\/lambolivia.com\/es\/wp-json\/wp\/v2\/product_brand?post=1236"},{"taxonomy":"product_cat","embeddable":true,"href":"https:\/\/lambolivia.com\/es\/wp-json\/wp\/v2\/product_cat?post=1236"},{"taxonomy":"product_tag","embeddable":true,"href":"https:\/\/lambolivia.com\/es\/wp-json\/wp\/v2\/product_tag?post=1236"}],"curies":[{"name":"wp","href":"https:\/\/api.w.org\/{rel}","templated":true}]}}