{"id":1221,"date":"2024-03-26T13:15:17","date_gmt":"2024-03-26T17:15:17","guid":{"rendered":"https:\/\/lambolivia.com\/?post_type=product&#038;p=1221"},"modified":"2025-10-29T22:58:48","modified_gmt":"2025-10-30T02:58:48","slug":"alpaca-hat-beannie","status":"publish","type":"product","link":"https:\/\/lambolivia.com\/es\/producto\/alpaca-hat-beannie\/","title":{"rendered":"Gorro de Alpaca Beannie"},"content":{"rendered":"<h3><strong>Gorro de Alpaca Beannie<\/strong><\/h3>\n<p>Ingrese al reino de la elegancia atemporal y la calidez incomparable con nuestro Gorro de Alpaca Beannie, un verdadero testimonio de la exquisita artesan\u00eda y la lujosa comodidad de los textiles andinos. Meticulosamente confeccionado a mano por expertos artesanos utilizando la mejor lana de alpaca, obtenida de forma sostenible de las tierras altas de los Andes, cada gorro es una obra maestra de estilo y sofisticaci\u00f3n. El Gorro de Alpaca Beannie no es s\u00f3lo un accesorio; es una pieza destacada que encarna el rico patrimonio cultural y la belleza natural de la regi\u00f3n andina.<\/p>\n<p>Inspirado en la energ\u00eda vibrante y la cultura vibrante de La Paz, la bulliciosa capital ubicada en el coraz\u00f3n de los Andes, el Gorro de Alpaca Beannie presenta un dise\u00f1o elegante y moderno que captura la esencia de la elegancia urbana. Su silueta cl\u00e1sica est\u00e1 adornada con texturas sutiles y una elegancia discreta, lo que lo convierte en el compa\u00f1ero perfecto para cualquier ocasi\u00f3n, ya sea que est\u00e9s explorando las calles de la ciudad o escapando al aire libre.<\/p>\n<p>Experimente la suavidad, calidez y durabilidad inigualables de la lana de alpaca con nuestro Gorro de Alpaca Beannie. Abrace la lujosa comodidad y el estilo atemporal de este exquisito accesorio, sabiendo que cada sombrero representa un compromiso con la sostenibilidad y la moda \u00e9tica. Mejora tu guardarropa de invierno con un gorro que no solo luzca bien sino que tambi\u00e9n se sienta bien, tanto por dentro como por fuera. Haz una declaraci\u00f3n, causa una impresi\u00f3n, hazlo tuyo con el Gorro de Alpaca Beannie.<\/p>","protected":false},"excerpt":{"rendered":"<h3><strong>Gorro de Alpaca Beannie<\/strong><\/h3>\n<p>Presentamos nuestro Gorro de Alpaca Beannie, donde el estilo se une a la calidez en perfecta armon\u00eda. Confeccionado con lana de alpaca de primera calidad e inspirado en la energ\u00eda vibrante de La Paz, este gorro es un accesorio imprescindible para la persona que va a la moda. Eleva tu look invernal con la lujosa comodidad y la elegancia atemporal del Gorro de Alpaca Beannie.<\/p>","protected":false},"featured_media":1224,"comment_status":"open","ping_status":"closed","template":"","meta":{"_monsterinsights_skip_tracking":false,"_monsterinsights_sitenote_active":false,"_monsterinsights_sitenote_note":"","_monsterinsights_sitenote_category":0},"product_brand":[],"product_cat":[30,32],"product_tag":[125,124,108,51],"class_list":{"0":"post-1221","1":"product","2":"type-product","3":"status-publish","4":"has-post-thumbnail","6":"product_cat-accessories","7":"product_cat-hats","8":"product_tag-alpaca-accesories","9":"product_tag-alpaca-garments","10":"product_tag-alpaca-hat","11":"product_tag-baby-alpaca","12":"pa_color-black","13":"pa_color-brown","14":"pa_color-grey","15":"pa_color-latte","16":"pa_color-red","17":"pa_color-white","19":"first","20":"instock","21":"shipping-taxable","22":"purchasable","23":"product-type-variable","24":"has-default-attributes","25":"rtwpvg-product"},"_links":{"self":[{"href":"https:\/\/lambolivia.com\/es\/wp-json\/wp\/v2\/product\/1221","targetHints":{"allow":["GET"]}}],"collection":[{"href":"https:\/\/lambolivia.com\/es\/wp-json\/wp\/v2\/product"}],"about":[{"href":"https:\/\/lambolivia.com\/es\/wp-json\/wp\/v2\/types\/product"}],"replies":[{"embeddable":true,"href":"https:\/\/lambolivia.com\/es\/wp-json\/wp\/v2\/comments?post=1221"}],"wp:featuredmedia":[{"embeddable":true,"href":"https:\/\/lambolivia.com\/es\/wp-json\/wp\/v2\/media\/1224"}],"wp:attachment":[{"href":"https:\/\/lambolivia.com\/es\/wp-json\/wp\/v2\/media?parent=1221"}],"wp:term":[{"taxonomy":"product_brand","embeddable":true,"href":"https:\/\/lambolivia.com\/es\/wp-json\/wp\/v2\/product_brand?post=1221"},{"taxonomy":"product_cat","embeddable":true,"href":"https:\/\/lambolivia.com\/es\/wp-json\/wp\/v2\/product_cat?post=1221"},{"taxonomy":"product_tag","embeddable":true,"href":"https:\/\/lambolivia.com\/es\/wp-json\/wp\/v2\/product_tag?post=1221"}],"curies":[{"name":"wp","href":"https:\/\/api.w.org\/{rel}","templated":true}]}}