{"id":1171,"date":"2024-03-26T12:16:21","date_gmt":"2024-03-26T16:16:21","guid":{"rendered":"https:\/\/lambolivia.com\/?post_type=product&#038;p=1171"},"modified":"2026-04-25T18:13:59","modified_gmt":"2026-04-25T22:13:59","slug":"alpaca-hat-la-paz","status":"publish","type":"product","link":"https:\/\/lambolivia.com\/es\/producto\/alpaca-hat-la-paz\/","title":{"rendered":"Gorro de Alpaca con Orejas La Paz"},"content":{"rendered":"<h3><strong>Gorro de Alpaca con Orejas La Paz<\/strong><\/h3>\n<p>Ingrese al reino de la elegancia atemporal y la comodidad incomparable con nuestro Gorro de Alpaca La Paz con Orejas, una fusi\u00f3n de herencia andina y sofisticaci\u00f3n moderna. Elaborados a mano con precisi\u00f3n y cuidado por h\u00e1biles artesanos, cada gorro encarna el rico tapiz cultural de la regi\u00f3n andina al tiempo que adopta elementos de dise\u00f1o contempor\u00e1neo. Elaborado con la mejor lana de alpaca, procedente de forma sostenible de las llanuras de gran altitud de los Andes, el Gorro de Alpaca La Paz es un testimonio de nuestro compromiso con la calidad, la sostenibilidad y la moda \u00e9tica.<\/p>\n<p>Inspirada en la energ\u00eda vibrante y la diversidad cultural de La Paz, la bulliciosa capital de Bolivia ubicada en lo alto de las monta\u00f1as de los Andes, esta gorra captura el esp\u00edritu de aventura urbana y belleza natural. Su silueta elegante y dise\u00f1o minimalista irradian un estilo sin esfuerzo, mientras que la lujosa suavidad y la calidez ligera de la lana de alpaca garantizan una comodidad incomparable en cualquier clima.<\/p>\n<p>Experimenta el lujo de la lana de alpaca como nunca antes con nuestro Gorro de Alpaca La Paz. Ya sea que est\u00e9s explorando las calles de la ciudad o escapando al aire libre, este gorro promete mantenerte c\u00f3modo y elegante dondequiera que vayas. Mejore su guardarropa de invierno con un gorro que no solo se vea bien sino que tambi\u00e9n se sienta bien, sabiendo que cada compra respalda pr\u00e1cticas sustentables y empodera a las comunidades artesanales de la regi\u00f3n andina.<\/p>","protected":false},"excerpt":{"rendered":"<h3><strong>Gorro de Alpaca con Orejas La Paz<\/strong><\/h3>\n<p>Presentamos nuestro Gorro de Alpaca La Paz con Orejas, donde el estilo se combina con la sostenibilidad con un toque de estilo urbano. Confeccionado con lana de alpaca de primera calidad e inspirado en la energ\u00eda vibrante de la capital de Bolivia, este gorro es un accesorio imprescindible para el aventurero moderno. Eleva tu look invernal con la lujosa comodidad y la elegancia atemporal del Gorro de Alpaca La Paz con Orejas.<\/p>","protected":false},"featured_media":1177,"comment_status":"open","ping_status":"closed","template":"","meta":{"_monsterinsights_skip_tracking":false,"_monsterinsights_sitenote_active":false,"_monsterinsights_sitenote_note":"","_monsterinsights_sitenote_category":0},"product_brand":[],"product_cat":[32,30],"product_tag":[125,124,108,51],"class_list":{"0":"post-1171","1":"product","2":"type-product","3":"status-publish","4":"has-post-thumbnail","6":"product_cat-hats","7":"product_cat-accessories","8":"product_tag-alpaca-accesories","9":"product_tag-alpaca-garments","10":"product_tag-alpaca-hat","11":"product_tag-baby-alpaca","12":"pa_color-beige","13":"pa_color-black","14":"pa_color-cyan","15":"pa_color-purple","16":"pa_color-red","17":"pa_color-yellow","19":"first","20":"instock","21":"shipping-taxable","22":"purchasable","23":"product-type-variable","24":"has-default-attributes","25":"rtwpvg-product"},"_links":{"self":[{"href":"https:\/\/lambolivia.com\/es\/wp-json\/wp\/v2\/product\/1171","targetHints":{"allow":["GET"]}}],"collection":[{"href":"https:\/\/lambolivia.com\/es\/wp-json\/wp\/v2\/product"}],"about":[{"href":"https:\/\/lambolivia.com\/es\/wp-json\/wp\/v2\/types\/product"}],"replies":[{"embeddable":true,"href":"https:\/\/lambolivia.com\/es\/wp-json\/wp\/v2\/comments?post=1171"}],"wp:featuredmedia":[{"embeddable":true,"href":"https:\/\/lambolivia.com\/es\/wp-json\/wp\/v2\/media\/1177"}],"wp:attachment":[{"href":"https:\/\/lambolivia.com\/es\/wp-json\/wp\/v2\/media?parent=1171"}],"wp:term":[{"taxonomy":"product_brand","embeddable":true,"href":"https:\/\/lambolivia.com\/es\/wp-json\/wp\/v2\/product_brand?post=1171"},{"taxonomy":"product_cat","embeddable":true,"href":"https:\/\/lambolivia.com\/es\/wp-json\/wp\/v2\/product_cat?post=1171"},{"taxonomy":"product_tag","embeddable":true,"href":"https:\/\/lambolivia.com\/es\/wp-json\/wp\/v2\/product_tag?post=1171"}],"curies":[{"name":"wp","href":"https:\/\/api.w.org\/{rel}","templated":true}]}}