{"id":1140,"date":"2024-03-26T11:43:53","date_gmt":"2024-03-26T15:43:53","guid":{"rendered":"https:\/\/lambolivia.com\/?post_type=product&#038;p=1140"},"modified":"2025-10-24T17:27:39","modified_gmt":"2025-10-24T21:27:39","slug":"alpaca-hat-granizo","status":"publish","type":"product","link":"https:\/\/lambolivia.com\/es\/producto\/alpaca-hat-granizo\/","title":{"rendered":"Gorro de Alpaca Granizo"},"content":{"rendered":"<h3><strong>Gorro de Alpaca Granizo<\/strong><\/h3>\n<p>Descripci\u00f3n larga: Ingrese a un reino de calidez y estilo incomparables con nuestro Gorro de Alpaca Granizo, una verdadera obra maestra de artesan\u00eda andina y dise\u00f1o contempor\u00e1neo. Cada gorro est\u00e1 elaborado a mano con mucho cari\u00f1o por expertos artesanos que utilizan la mejor lana de alpaca, obtenida de forma sostenible en las regiones de gran altitud de los Andes. El Gorro de Alpaca Granizo es m\u00e1s que un simple accesorio; es un s\u00edmbolo de calidad, comodidad y elegancia.<\/p>\n<p>Inspirado en la belleza cruda y el poder ind\u00f3mito de una tormenta de granizo en las monta\u00f1as andinas, el Gorro de Alpaca Granizo presenta un dise\u00f1o llamativo que captura la esencia de la furia y la belleza de la naturaleza. Atrevido, din\u00e1mico y elegante sin esfuerzo, este gorro seguramente har\u00e1 una declaraci\u00f3n dondequiera que vaya. Ya sea que est\u00e9s conquistando picos nevados o navegando por las calles de la ciudad, el Gorro de Alpaca Granizo promete mantenerte abrigado y elegante en cualquier entorno.<\/p>\n<p>Experimenta la inigualable suavidad, calidez y durabilidad de la lana de alpaca con nuestro Gorro de Alpaca Granizo. Sum\u00e9rgete en la lujosa comodidad y el estilo atemporal de este exquisito accesorio, sabiendo que cada gorro representa un compromiso con la sostenibilidad y la moda \u00e9tica. Mejora tu guardarropa de invierno con un sombrero que no solo luzca bien sino que tambi\u00e9n se sienta bien, tanto por dentro como por fuera.<\/p>","protected":false},"excerpt":{"rendered":"<h3><strong>Gorro de Alpaca Granizo<\/strong><\/h3>\n<p>Presentamos nuestro Gorro de Alpaca Granizo, donde la naturaleza se une a la moda en perfecta armon\u00eda. Confeccionado con lana de alpaca de primera calidad e inspirado en la cruda belleza de una granizada, este gorro es tan elegante como funcional. Eleva tu look invernal con la comodidad inigualable y el dise\u00f1o contempor\u00e1neo del Gorro de Alpaca Granizo.<\/p>","protected":false},"featured_media":1145,"comment_status":"open","ping_status":"closed","template":"","meta":{"_monsterinsights_skip_tracking":false,"_monsterinsights_sitenote_active":false,"_monsterinsights_sitenote_note":"","_monsterinsights_sitenote_category":0},"product_brand":[],"product_cat":[30,32],"product_tag":[125,124,108,51],"class_list":{"0":"post-1140","1":"product","2":"type-product","3":"status-publish","4":"has-post-thumbnail","6":"product_cat-accessories","7":"product_cat-hats","8":"product_tag-alpaca-accesories","9":"product_tag-alpaca-garments","10":"product_tag-alpaca-hat","11":"product_tag-baby-alpaca","12":"pa_color-beige","13":"pa_color-black","14":"pa_color-cyan","15":"pa_color-purple","16":"pa_color-red","17":"pa_color-yellow","19":"first","20":"instock","21":"shipping-taxable","22":"purchasable","23":"product-type-variable","24":"has-default-attributes","25":"rtwpvg-product"},"_links":{"self":[{"href":"https:\/\/lambolivia.com\/es\/wp-json\/wp\/v2\/product\/1140","targetHints":{"allow":["GET"]}}],"collection":[{"href":"https:\/\/lambolivia.com\/es\/wp-json\/wp\/v2\/product"}],"about":[{"href":"https:\/\/lambolivia.com\/es\/wp-json\/wp\/v2\/types\/product"}],"replies":[{"embeddable":true,"href":"https:\/\/lambolivia.com\/es\/wp-json\/wp\/v2\/comments?post=1140"}],"wp:featuredmedia":[{"embeddable":true,"href":"https:\/\/lambolivia.com\/es\/wp-json\/wp\/v2\/media\/1145"}],"wp:attachment":[{"href":"https:\/\/lambolivia.com\/es\/wp-json\/wp\/v2\/media?parent=1140"}],"wp:term":[{"taxonomy":"product_brand","embeddable":true,"href":"https:\/\/lambolivia.com\/es\/wp-json\/wp\/v2\/product_brand?post=1140"},{"taxonomy":"product_cat","embeddable":true,"href":"https:\/\/lambolivia.com\/es\/wp-json\/wp\/v2\/product_cat?post=1140"},{"taxonomy":"product_tag","embeddable":true,"href":"https:\/\/lambolivia.com\/es\/wp-json\/wp\/v2\/product_tag?post=1140"}],"curies":[{"name":"wp","href":"https:\/\/api.w.org\/{rel}","templated":true}]}}