{"id":1135,"date":"2024-03-26T11:17:33","date_gmt":"2024-03-26T15:17:33","guid":{"rendered":"https:\/\/lambolivia.com\/?post_type=product&#038;p=1135"},"modified":"2025-08-11T21:47:38","modified_gmt":"2025-08-12T01:47:38","slug":"alpaca-hat-flor-de-quinua","status":"publish","type":"product","link":"https:\/\/lambolivia.com\/es\/producto\/alpaca-hat-flor-de-quinua\/","title":{"rendered":"Gorro de Alpaca con Orejas Flor de Quinua"},"content":{"rendered":"<h3><strong>Gorro de Alpaca con Orejas Flor de Quinua<\/strong><\/h3>\n<p>Sum\u00e9rgete en un mundo de sofisticaci\u00f3n y belleza natural incomparable con nuestro Gorro de Alpaca Flor de Quinua, una verdadera obra maestra de artesan\u00eda andina y lujo sustentable. Cada gorro est\u00e1 meticulosamente elaborado a mano por expertos artesanos que utilizan la mejor lana de alpaca, obtenida de forma sostenible en las tierras altas de los Andes. El Gorro de Alpaca Flor de Quinua no solo representa un estilo y una elegancia exquisitos, sino que tambi\u00e9n representa nuestro compromiso de preservar la artesan\u00eda tradicional y apoyar a las comunidades locales.<\/p>\n<p>Inspirado en la delicada belleza de la flor de quinua, s\u00edmbolo de resistencia y vitalidad en la regi\u00f3n andina, el Gorro de Alpaca Flor de Quinua presenta un impresionante motivo floral que captura la esencia de la gracia y el encanto naturales. Cada gorro, tejido intrincadamente con cuidado y precisi\u00f3n, es una obra de arte que muestra el encanto atemporal de los textiles andinos y el rico patrimonio cultural de la regi\u00f3n.<\/p>\n<p>Experimenta la inigualable suavidad, calidez y durabilidad de la lana de alpaca con nuestro Gorro de Alpaca Flor de Quinua. Ya sea que est\u00e9 explorando el aire libre o simplemente disfrutando de un tranquilo paseo por la ciudad, este gorro promete mantenerlo c\u00f3modo y elegante en cualquier entorno. Mejora tu guardarropa de invierno con un gorro que no solo luzca bien sino que tambi\u00e9n sienta bien, sabiendo que representa un compromiso con la sostenibilidad y la moda \u00e9tica.<\/p>","protected":false},"excerpt":{"rendered":"<h3><strong>Gorro de Alpaca con Orejas Flor de Quinua<\/strong><\/h3>\n<p>Presentamos nuestro Gorro de Alpaca Flor de Quinua, donde la elegancia se une a la sustentabilidad en perfecta armon\u00eda. Confeccionado con lana de alpaca de primera calidad y adornado con un impresionante motivo floral, este gorro es imprescindible para la fashionista con conciencia ecol\u00f3gica. Eleva tu estilo invernal con la lujosa comodidad y la belleza natural del Gorro de Alpaca Flor de Quinua.<\/p>","protected":false},"featured_media":1139,"comment_status":"open","ping_status":"closed","template":"","meta":{"_monsterinsights_skip_tracking":false,"_monsterinsights_sitenote_active":false,"_monsterinsights_sitenote_note":"","_monsterinsights_sitenote_category":0},"product_brand":[],"product_cat":[30,32],"product_tag":[125,124,108,51],"class_list":{"0":"post-1135","1":"product","2":"type-product","3":"status-publish","4":"has-post-thumbnail","6":"product_cat-accessories","7":"product_cat-hats","8":"product_tag-alpaca-accesories","9":"product_tag-alpaca-garments","10":"product_tag-alpaca-hat","11":"product_tag-baby-alpaca","13":"first","14":"instock","15":"shipping-taxable","16":"purchasable","17":"product-type-simple"},"_links":{"self":[{"href":"https:\/\/lambolivia.com\/es\/wp-json\/wp\/v2\/product\/1135","targetHints":{"allow":["GET"]}}],"collection":[{"href":"https:\/\/lambolivia.com\/es\/wp-json\/wp\/v2\/product"}],"about":[{"href":"https:\/\/lambolivia.com\/es\/wp-json\/wp\/v2\/types\/product"}],"replies":[{"embeddable":true,"href":"https:\/\/lambolivia.com\/es\/wp-json\/wp\/v2\/comments?post=1135"}],"wp:featuredmedia":[{"embeddable":true,"href":"https:\/\/lambolivia.com\/es\/wp-json\/wp\/v2\/media\/1139"}],"wp:attachment":[{"href":"https:\/\/lambolivia.com\/es\/wp-json\/wp\/v2\/media?parent=1135"}],"wp:term":[{"taxonomy":"product_brand","embeddable":true,"href":"https:\/\/lambolivia.com\/es\/wp-json\/wp\/v2\/product_brand?post=1135"},{"taxonomy":"product_cat","embeddable":true,"href":"https:\/\/lambolivia.com\/es\/wp-json\/wp\/v2\/product_cat?post=1135"},{"taxonomy":"product_tag","embeddable":true,"href":"https:\/\/lambolivia.com\/es\/wp-json\/wp\/v2\/product_tag?post=1135"}],"curies":[{"name":"wp","href":"https:\/\/api.w.org\/{rel}","templated":true}]}}