{"id":1122,"date":"2024-03-26T11:10:55","date_gmt":"2024-03-26T15:10:55","guid":{"rendered":"https:\/\/lambolivia.com\/?post_type=product&#038;p=1122"},"modified":"2025-10-29T23:00:52","modified_gmt":"2025-10-30T03:00:52","slug":"alpaca-hat-walisuma","status":"publish","type":"product","link":"https:\/\/lambolivia.com\/es\/producto\/alpaca-hat-walisuma\/","title":{"rendered":"Gorro de Alpaca Walisuma"},"content":{"rendered":"<h3><strong>Gorro de Alpaca Walisuma<\/strong><\/h3>\n<p>Ingrese a un mundo de lujo incomparable y estilo atemporal con nuestro Gorro de Alpaca Walisuma, una verdadera encarnaci\u00f3n de la herencia andina y la sofisticaci\u00f3n moderna. Elaborado con meticuloso cuidado y atenci\u00f3n al detalle, cada gorro es una obra maestra de la artesan\u00eda, que muestra la mejor lana de alpaca procedente de las pr\u00edstinas tierras altas de los Andes. El Gorro de Alpaca Walisuma no es s\u00f3lo un accesorio; es un s\u00edmbolo de calidad, comodidad y elegancia.<\/p>\n<p>Inspirado en el rico tapiz cultural de la regi\u00f3n andina, el Gorro de Alpaca Walisuma presenta una combinaci\u00f3n \u00fanica de motivos tradicionales y elementos de dise\u00f1o contempor\u00e1neo. Su intrincado patr\u00f3n walisuma, derivado de antiguos s\u00edmbolos andinos, a\u00f1ade un toque de m\u00edstica y encanto a este accesorio atemporal. Ya sea que est\u00e9s desafiando los elementos en una aventura invernal o simplemente paseando por las calles de la ciudad, el Gorro de Alpaca Walisuma promete mantenerte abrigado y elegante dondequiera que vayas.<\/p>\n<p>Experimenta la incomparable suavidad y calidez de la lana de alpaca con nuestro Gorro de Alpaca Walisuma. Disfrute del lujoso confort y la sofisticaci\u00f3n que s\u00f3lo las fibras m\u00e1s finas pueden proporcionar. Mejora tu guardarropa de invierno con un gorro que combina sin esfuerzo tradici\u00f3n e innovaci\u00f3n, herencia y modernidad. Haz una declaraci\u00f3n con el Gorro de Alpaca Walisuma y deja que tu estilo hable por s\u00ed solo.<\/p>","protected":false},"excerpt":{"rendered":"<h3><strong>Gorro de Alpaca Walisuma<\/strong><\/h3>\n<p>Te presentamos nuestro Gorro de Alpaca Walisuma, donde la tradici\u00f3n se une a la elegancia en perfecta armon\u00eda. Confeccionado con lana de alpaca de primera calidad y adornado con intrincados patrones de walisuma, este gorro es imprescindible para los entusiastas de la moda m\u00e1s exigentes. Eleva tu look invernal con la lujosa comodidad y el estilo atemporal del Gorro de Alpaca Walisuma.<\/p>","protected":false},"featured_media":1123,"comment_status":"open","ping_status":"closed","template":"","meta":{"_monsterinsights_skip_tracking":false,"_monsterinsights_sitenote_active":false,"_monsterinsights_sitenote_note":"","_monsterinsights_sitenote_category":0},"product_brand":[],"product_cat":[30,32],"product_tag":[125,124,108,51],"class_list":{"0":"post-1122","1":"product","2":"type-product","3":"status-publish","4":"has-post-thumbnail","6":"product_cat-accessories","7":"product_cat-hats","8":"product_tag-alpaca-accesories","9":"product_tag-alpaca-garments","10":"product_tag-alpaca-hat","11":"product_tag-baby-alpaca","12":"pa_color-blue","13":"pa_color-red","15":"first","16":"instock","17":"shipping-taxable","18":"purchasable","19":"product-type-variable","20":"has-default-attributes","21":"rtwpvg-product"},"_links":{"self":[{"href":"https:\/\/lambolivia.com\/es\/wp-json\/wp\/v2\/product\/1122","targetHints":{"allow":["GET"]}}],"collection":[{"href":"https:\/\/lambolivia.com\/es\/wp-json\/wp\/v2\/product"}],"about":[{"href":"https:\/\/lambolivia.com\/es\/wp-json\/wp\/v2\/types\/product"}],"replies":[{"embeddable":true,"href":"https:\/\/lambolivia.com\/es\/wp-json\/wp\/v2\/comments?post=1122"}],"wp:featuredmedia":[{"embeddable":true,"href":"https:\/\/lambolivia.com\/es\/wp-json\/wp\/v2\/media\/1123"}],"wp:attachment":[{"href":"https:\/\/lambolivia.com\/es\/wp-json\/wp\/v2\/media?parent=1122"}],"wp:term":[{"taxonomy":"product_brand","embeddable":true,"href":"https:\/\/lambolivia.com\/es\/wp-json\/wp\/v2\/product_brand?post=1122"},{"taxonomy":"product_cat","embeddable":true,"href":"https:\/\/lambolivia.com\/es\/wp-json\/wp\/v2\/product_cat?post=1122"},{"taxonomy":"product_tag","embeddable":true,"href":"https:\/\/lambolivia.com\/es\/wp-json\/wp\/v2\/product_tag?post=1122"}],"curies":[{"name":"wp","href":"https:\/\/api.w.org\/{rel}","templated":true}]}}