{"id":1117,"date":"2024-03-26T10:24:59","date_gmt":"2024-03-26T14:24:59","guid":{"rendered":"https:\/\/lambolivia.com\/?post_type=product&#038;p=1117"},"modified":"2025-08-11T21:49:21","modified_gmt":"2025-08-12T01:49:21","slug":"alpaca-hat-lineas","status":"publish","type":"product","link":"https:\/\/lambolivia.com\/es\/producto\/alpaca-hat-lineas\/","title":{"rendered":"Gorro de Alpaca Lineas"},"content":{"rendered":"<h3><strong>Gorro de Alpaca Lineas<\/strong><\/h3>\n<p>Emb\u00e1rcate en un viaje de sofisticaci\u00f3n y calidez con nuestro Gorro de Alpaca Lineas, un pin\u00e1culo de artesan\u00eda y elegancia contempor\u00e1nea. Elaborado a mano con precisi\u00f3n y cuidado, cada gorro es un testimonio de la rica tradici\u00f3n de los textiles andinos y el encanto perdurable de la lana de alpaca. Elaborado con las mejores fibras provenientes de las tierras altas de los Andes, el Gorro de Alpaca Lineas no es solo un accesorio, sino una pieza llamativa que combina a la perfecci\u00f3n estilo y funcionalidad.<\/p>\n<p>Inspir\u00e1ndose en los impresionantes paisajes y la vibrante cultura de los Andes, el Gorro de Alpaca Lineas presenta una interpretaci\u00f3n moderna de las t\u00e9cnicas de tejido tradicionales. Su elegante silueta est\u00e1 adornada con l\u00edneas atrevidas y patrones geom\u00e9tricos, a\u00f1adiendo un toque de sofisticaci\u00f3n e intriga a cualquier conjunto. Ya sea que est\u00e9 explorando la jungla urbana o buscando aventuras al aire libre, esta gorra es su compa\u00f1era ideal para brindar comodidad y estilo incomparables.<\/p>\n<p>Experimenta el lujo de la lana de alpaca como nunca antes con nuestro Gorro de Alpaca Lineas. Del\u00e9itese con la incomparable suavidad, calidez liviana y durabilidad que solo las fibras de alpaca pueden brindar. Eleva tu guardarropa de invierno con un sombrero que irradia elegancia natural y un atractivo atemporal. Haz una declaraci\u00f3n, causa una impresi\u00f3n, hazlo tuyo con el Gorro de Alpaca Lineas.<\/p>","protected":false},"excerpt":{"rendered":"<h3><strong>Gorro de Alpaca Lineas<\/strong><\/h3>\n<p>Presentamos nuestras Gorro de Alpaca Lineas, donde el estilo se une a la calidez en perfecta armon\u00eda. Confeccionado con la mejor lana de alpaca y con atrevidos patrones geom\u00e9tricos, este gorro es un accesorio imprescindible para el aventurero a la moda. Eleva tu look invernal con la lujosa comodidad y la elegancia contempor\u00e1nea del Gorro de Alpaca Lineas.<\/p>","protected":false},"featured_media":1120,"comment_status":"open","ping_status":"closed","template":"","meta":{"_monsterinsights_skip_tracking":false,"_monsterinsights_sitenote_active":false,"_monsterinsights_sitenote_note":"","_monsterinsights_sitenote_category":0},"product_brand":[],"product_cat":[30,32],"product_tag":[125,124,108,51],"class_list":{"0":"post-1117","1":"product","2":"type-product","3":"status-publish","4":"has-post-thumbnail","6":"product_cat-accessories","7":"product_cat-hats","8":"product_tag-alpaca-accesories","9":"product_tag-alpaca-garments","10":"product_tag-alpaca-hat","11":"product_tag-baby-alpaca","13":"first","14":"instock","15":"shipping-taxable","16":"purchasable","17":"product-type-simple"},"_links":{"self":[{"href":"https:\/\/lambolivia.com\/es\/wp-json\/wp\/v2\/product\/1117","targetHints":{"allow":["GET"]}}],"collection":[{"href":"https:\/\/lambolivia.com\/es\/wp-json\/wp\/v2\/product"}],"about":[{"href":"https:\/\/lambolivia.com\/es\/wp-json\/wp\/v2\/types\/product"}],"replies":[{"embeddable":true,"href":"https:\/\/lambolivia.com\/es\/wp-json\/wp\/v2\/comments?post=1117"}],"wp:featuredmedia":[{"embeddable":true,"href":"https:\/\/lambolivia.com\/es\/wp-json\/wp\/v2\/media\/1120"}],"wp:attachment":[{"href":"https:\/\/lambolivia.com\/es\/wp-json\/wp\/v2\/media?parent=1117"}],"wp:term":[{"taxonomy":"product_brand","embeddable":true,"href":"https:\/\/lambolivia.com\/es\/wp-json\/wp\/v2\/product_brand?post=1117"},{"taxonomy":"product_cat","embeddable":true,"href":"https:\/\/lambolivia.com\/es\/wp-json\/wp\/v2\/product_cat?post=1117"},{"taxonomy":"product_tag","embeddable":true,"href":"https:\/\/lambolivia.com\/es\/wp-json\/wp\/v2\/product_tag?post=1117"}],"curies":[{"name":"wp","href":"https:\/\/api.w.org\/{rel}","templated":true}]}}