{"id":1112,"date":"2024-03-26T10:15:13","date_gmt":"2024-03-26T14:15:13","guid":{"rendered":"https:\/\/lambolivia.com\/?post_type=product&#038;p=1112"},"modified":"2025-08-11T21:49:27","modified_gmt":"2025-08-12T01:49:27","slug":"alpaca-hat-potosi","status":"publish","type":"product","link":"https:\/\/lambolivia.com\/es\/producto\/alpaca-hat-potosi\/","title":{"rendered":"Gorro de Alpaca Potosi"},"content":{"rendered":"<h3><strong>Gorro de Alpaca Potosi<\/strong><\/h3>\n<p>Ingrese a un mundo de lujo incomparable y elegancia atemporal con nuestro Gorro de Alpaca Potos\u00ed, una verdadera obra maestra de artesan\u00eda y estilo refinado. Elaborado con meticulosa atenci\u00f3n al detalle, cada gorro es un testimonio del rico patrimonio cultural y la calidad incomparable de los textiles andinos. Confeccionado con la mejor lana de alpaca, venerada por su exquisita suavidad, calidez liviana y durabilidad excepcional, el Gorro de Alpaca Potos\u00ed promete elevar su guardarropa de invierno a nuevas alturas de sofisticaci\u00f3n y comodidad.<\/p>\n<p>Inspirado en los majestuosos picos de los Andes y las vibrantes tradiciones del tejido andino, el Gorro de Alpaca Potos\u00ed presenta una combinaci\u00f3n \u00fanica de dise\u00f1o contempor\u00e1neo y encanto atemporal. Su silueta cl\u00e1sica est\u00e1 adornada con patrones intrincados y texturas sutiles, a\u00f1adiendo un toque de elegancia discreta a cualquier conjunto. Ya sea que est\u00e9s explorando paisajes cubiertos de nieve o disfrutando de un tranquilo paseo por las calles de la ciudad, este gorro seguramente llamar\u00e1 la atenci\u00f3n y te mantendr\u00e1 c\u00f3modo y elegante durante toda la temporada.<\/p>\n<p>Experimenta el lujo inigualable de la lana de alpaca con nuestro Gorro de Alpaca Potos\u00ed. Abrace la exquisita suavidad, abrace la calidez incomparable y abrace el atractivo atemporal de la moda andina. Mejora tu look invernal con un gorro que combina a la perfecci\u00f3n tradici\u00f3n e innovaci\u00f3n, comodidad y estilo. Descubre la uni\u00f3n perfecta entre herencia y modernidad con nuestro Gorro de Alpaca Potos\u00ed y haz una declaraci\u00f3n dondequiera que vayas.<\/p>","protected":false},"excerpt":{"rendered":"<h3><strong>Gorro de Alpaca Potosi<\/strong><\/h3>\n<p>Presentamos nuestro Gorro de Alpaca Potosi, el ep\u00edtome de la elegancia invernal. Confeccionado con lana de alpaca de primera calidad, este gorro combina una suavidad lujosa con una calidez ligera para crear el accesorio definitivo para el clima fr\u00edo. Eleva tu estilo y mantente c\u00f3modo durante toda la temporada con la elegancia atemporal del Gorro de Alpaca Potosi.<\/p>","protected":false},"featured_media":1116,"comment_status":"open","ping_status":"closed","template":"","meta":{"_monsterinsights_skip_tracking":false,"_monsterinsights_sitenote_active":false,"_monsterinsights_sitenote_note":"","_monsterinsights_sitenote_category":0},"product_brand":[],"product_cat":[30,32],"product_tag":[125,124,108,51],"class_list":{"0":"post-1112","1":"product","2":"type-product","3":"status-publish","4":"has-post-thumbnail","6":"product_cat-accessories","7":"product_cat-hats","8":"product_tag-alpaca-accesories","9":"product_tag-alpaca-garments","10":"product_tag-alpaca-hat","11":"product_tag-baby-alpaca","13":"first","14":"instock","15":"shipping-taxable","16":"purchasable","17":"product-type-simple"},"_links":{"self":[{"href":"https:\/\/lambolivia.com\/es\/wp-json\/wp\/v2\/product\/1112","targetHints":{"allow":["GET"]}}],"collection":[{"href":"https:\/\/lambolivia.com\/es\/wp-json\/wp\/v2\/product"}],"about":[{"href":"https:\/\/lambolivia.com\/es\/wp-json\/wp\/v2\/types\/product"}],"replies":[{"embeddable":true,"href":"https:\/\/lambolivia.com\/es\/wp-json\/wp\/v2\/comments?post=1112"}],"wp:featuredmedia":[{"embeddable":true,"href":"https:\/\/lambolivia.com\/es\/wp-json\/wp\/v2\/media\/1116"}],"wp:attachment":[{"href":"https:\/\/lambolivia.com\/es\/wp-json\/wp\/v2\/media?parent=1112"}],"wp:term":[{"taxonomy":"product_brand","embeddable":true,"href":"https:\/\/lambolivia.com\/es\/wp-json\/wp\/v2\/product_brand?post=1112"},{"taxonomy":"product_cat","embeddable":true,"href":"https:\/\/lambolivia.com\/es\/wp-json\/wp\/v2\/product_cat?post=1112"},{"taxonomy":"product_tag","embeddable":true,"href":"https:\/\/lambolivia.com\/es\/wp-json\/wp\/v2\/product_tag?post=1112"}],"curies":[{"name":"wp","href":"https:\/\/api.w.org\/{rel}","templated":true}]}}