{"id":1101,"date":"2024-03-26T10:05:25","date_gmt":"2024-03-26T14:05:25","guid":{"rendered":"https:\/\/lambolivia.com\/?post_type=product&#038;p=1101"},"modified":"2025-10-25T11:48:44","modified_gmt":"2025-10-25T15:48:44","slug":"alpaca-hat-apasanka","status":"publish","type":"product","link":"https:\/\/lambolivia.com\/es\/producto\/alpaca-hat-apasanka\/","title":{"rendered":"Gorro de Alpaca Apasanka"},"content":{"rendered":"<h3><strong>Gorro de Alpaca Apasanka<\/strong><\/h3>\n<p>Disfrute del lujo y la calidez con nuestro Gorro de Alpaca Apasanka, un verdadero testimonio del arte y la herencia de la artesan\u00eda andina. Meticulosamente elaborado a mano por expertos artesanos, cada sombrero encarna siglos de tradici\u00f3n y experiencia, lo que garantiza una calidad y comodidad incomparables. Elaborado con la mejor lana de alpaca, venerada por su suntuosa suavidad, excepcional durabilidad y notables propiedades aislantes, el Gorro de alpaca Apasanka se erige como un modelo de excelencia en la moda invernal.<\/p>\n<p>Sum\u00e9rgete en la exquisita textura y calidez de la lana de alpaca mientras te pones nuestro Gorro de Alpaca Apasanka. Dise\u00f1ado para envolverte con comodidad y al mismo tiempo irradiar elegancia sin esfuerzo, este sombrero es el compa\u00f1ero perfecto para los d\u00edas fr\u00edos y las noches heladas. El dise\u00f1o de Apasanka, inspirado en el rico tapiz cultural de la regi\u00f3n andina, muestra patrones intrincados y tonos vibrantes, haciendo de cada sombrero una obra de arte \u00fanica.<\/p>\n<p>Ya sea que est\u00e9 atravesando paisajes cubiertos de nieve, bebiendo chocolate junto a la chimenea o navegando por la jungla urbana, nuestro Gorro de Alpaca Apasanka garantiza estilo y funcionalidad. Su ajuste ce\u00f1ido y su construcci\u00f3n acogedora brindan un agradable refugio contra el fr\u00edo, mientras que su atractivo atemporal agrega un toque de sofisticaci\u00f3n a cualquier conjunto.<\/p>\n<p>Eleva tu guardarropa de invierno con el lujo incomparable de la lana de alpaca. Abraza la calidez, abraza el estilo y abraza la herencia con nuestro Gorro de Alpaca Apasanka. Experimente la m\u00e1xima fusi\u00f3n de tradici\u00f3n, comodidad y elegancia, y descubra por qu\u00e9 la lana de alpaca es el ep\u00edtome del placer invernal.<\/p>","protected":false},"excerpt":{"rendered":"<h3><strong>Gorro de Alpaca Apasanka<\/strong><\/h3>\n<p>Envu\u00e9lvete de lujo con nuestro Gorro de Alpaca Apasanka. Confeccionado a mano con lana de alpaca de primera calidad, este sombrero combina un estilo exquisito con una calidez inmejorable. Eleva tu look invernal con la suavidad y sofisticaci\u00f3n de la alpaca.<\/p>","protected":false},"featured_media":1107,"comment_status":"open","ping_status":"closed","template":"","meta":{"_monsterinsights_skip_tracking":false,"_monsterinsights_sitenote_active":false,"_monsterinsights_sitenote_note":"","_monsterinsights_sitenote_category":0},"product_brand":[],"product_cat":[30,32],"product_tag":[125,124,108,51],"class_list":{"0":"post-1101","1":"product","2":"type-product","3":"status-publish","4":"has-post-thumbnail","6":"product_cat-accessories","7":"product_cat-hats","8":"product_tag-alpaca-accesories","9":"product_tag-alpaca-garments","10":"product_tag-alpaca-hat","11":"product_tag-baby-alpaca","12":"pa_color-black","13":"pa_color-dark-grey","15":"first","16":"instock","17":"shipping-taxable","18":"purchasable","19":"product-type-variable","20":"has-default-attributes","21":"rtwpvg-product"},"_links":{"self":[{"href":"https:\/\/lambolivia.com\/es\/wp-json\/wp\/v2\/product\/1101","targetHints":{"allow":["GET"]}}],"collection":[{"href":"https:\/\/lambolivia.com\/es\/wp-json\/wp\/v2\/product"}],"about":[{"href":"https:\/\/lambolivia.com\/es\/wp-json\/wp\/v2\/types\/product"}],"replies":[{"embeddable":true,"href":"https:\/\/lambolivia.com\/es\/wp-json\/wp\/v2\/comments?post=1101"}],"wp:featuredmedia":[{"embeddable":true,"href":"https:\/\/lambolivia.com\/es\/wp-json\/wp\/v2\/media\/1107"}],"wp:attachment":[{"href":"https:\/\/lambolivia.com\/es\/wp-json\/wp\/v2\/media?parent=1101"}],"wp:term":[{"taxonomy":"product_brand","embeddable":true,"href":"https:\/\/lambolivia.com\/es\/wp-json\/wp\/v2\/product_brand?post=1101"},{"taxonomy":"product_cat","embeddable":true,"href":"https:\/\/lambolivia.com\/es\/wp-json\/wp\/v2\/product_cat?post=1101"},{"taxonomy":"product_tag","embeddable":true,"href":"https:\/\/lambolivia.com\/es\/wp-json\/wp\/v2\/product_tag?post=1101"}],"curies":[{"name":"wp","href":"https:\/\/api.w.org\/{rel}","templated":true}]}}