{"id":1068,"date":"2024-03-25T17:15:24","date_gmt":"2024-03-25T21:15:24","guid":{"rendered":"https:\/\/lambolivia.com\/?post_type=product&#038;p=1068"},"modified":"2025-08-11T21:50:23","modified_gmt":"2025-08-12T01:50:23","slug":"alpaca-scarf-apasanka","status":"publish","type":"product","link":"https:\/\/lambolivia.com\/es\/producto\/alpaca-scarf-apasanka\/","title":{"rendered":"Bufanda de Alpaca Apasanka"},"content":{"rendered":"<h3><strong>Bufanda de Alpaca Apasanka<\/strong><\/h3>\n<p>Emb\u00e1rcate en un viaje de elegancia incomparable con nuestra Bufanda de Alpaca Apasanka, una fusi\u00f3n de estilo atemporal y encanto contempor\u00e1neo. Inspirada en el rico patrimonio cultural de la regi\u00f3n andina, esta bufanda rinde homenaje a los patrones intrincados y los colores vibrantes de los textiles tradicionales, al tiempo que agrega un toque moderno que seguramente llamar\u00e1 la atenci\u00f3n dondequiera que vaya.<\/p>\n<p>Confeccionada con la mejor lana de alpaca boliviana, cada Bufanda de Alpaca Apasanka es un testimonio de la exquisita artesan\u00eda y la belleza natural de las fibras de alpaca. Meticulosamente tejida a mano por expertos artesanos, la bufanda cuenta con una suavidad lujosa y una calidez ligera insuperable, lo que garantiza que te mantengas elegante y acogedor en cualquier clima.<\/p>\n<p>Envu\u00e9lvete en la suntuosa comodidad de la Bufanda de Alpaca Apasanka mientras navegas en tus aventuras diarias. Ya sea que est\u00e9 haciendo recados por la ciudad o disfrutando de un tranquilo paseo por el campo, deje que esta bufanda sea su accesorio ideal para lograr una elegancia natural y una sofisticaci\u00f3n innegable.<\/p>\n<p>Eleva tu guardarropa de invierno con el encanto atemporal de la Bufanda de Alpaca Apasanka. Con su dise\u00f1o vers\u00e1til y calidad incomparable, es el complemento perfecto para cualquier conjunto, a\u00f1adiendo un toque de estilo andino a tu look.<\/p>","protected":false},"excerpt":{"rendered":"<h3><strong>Bufanda de Alpaca Apasanka<\/strong><\/h3>\n<p>Experimenta la elegancia atemporal con nuestra Bufanda de Alpaca Apasanka. Confeccionado con la mejor lana de alpaca boliviana, combina patrones andinos tradicionales con un estilo moderno. Realza tu conjunto invernal con este lujoso accesorio, perfecto para cualquier ocasi\u00f3n.<\/p>","protected":false},"featured_media":1069,"comment_status":"open","ping_status":"closed","template":"","meta":{"_monsterinsights_skip_tracking":false,"_monsterinsights_sitenote_active":false,"_monsterinsights_sitenote_note":"","_monsterinsights_sitenote_category":0},"product_brand":[],"product_cat":[30,31],"product_tag":[125,124,122,51],"class_list":{"0":"post-1068","1":"product","2":"type-product","3":"status-publish","4":"has-post-thumbnail","6":"product_cat-accessories","7":"product_cat-scarves","8":"product_tag-alpaca-accesories","9":"product_tag-alpaca-garments","10":"product_tag-alpaca-scarf","11":"product_tag-baby-alpaca","13":"first","14":"instock","15":"shipping-taxable","16":"purchasable","17":"product-type-simple"},"_links":{"self":[{"href":"https:\/\/lambolivia.com\/es\/wp-json\/wp\/v2\/product\/1068","targetHints":{"allow":["GET"]}}],"collection":[{"href":"https:\/\/lambolivia.com\/es\/wp-json\/wp\/v2\/product"}],"about":[{"href":"https:\/\/lambolivia.com\/es\/wp-json\/wp\/v2\/types\/product"}],"replies":[{"embeddable":true,"href":"https:\/\/lambolivia.com\/es\/wp-json\/wp\/v2\/comments?post=1068"}],"wp:featuredmedia":[{"embeddable":true,"href":"https:\/\/lambolivia.com\/es\/wp-json\/wp\/v2\/media\/1069"}],"wp:attachment":[{"href":"https:\/\/lambolivia.com\/es\/wp-json\/wp\/v2\/media?parent=1068"}],"wp:term":[{"taxonomy":"product_brand","embeddable":true,"href":"https:\/\/lambolivia.com\/es\/wp-json\/wp\/v2\/product_brand?post=1068"},{"taxonomy":"product_cat","embeddable":true,"href":"https:\/\/lambolivia.com\/es\/wp-json\/wp\/v2\/product_cat?post=1068"},{"taxonomy":"product_tag","embeddable":true,"href":"https:\/\/lambolivia.com\/es\/wp-json\/wp\/v2\/product_tag?post=1068"}],"curies":[{"name":"wp","href":"https:\/\/api.w.org\/{rel}","templated":true}]}}