{"id":1062,"date":"2024-03-25T17:04:17","date_gmt":"2024-03-25T21:04:17","guid":{"rendered":"https:\/\/lambolivia.com\/?post_type=product&#038;p=1062"},"modified":"2025-08-11T21:50:31","modified_gmt":"2025-08-12T01:50:31","slug":"alpaca-scarf-half-uyuni","status":"publish","type":"product","link":"https:\/\/lambolivia.com\/es\/producto\/alpaca-scarf-half-uyuni\/","title":{"rendered":"Bufanda de Alpaca Medio Uyuni"},"content":{"rendered":"<h3><strong>Bufanda de Alpaca Medio Uyuni<\/strong><\/h3>\n<p>Presentamos nuestra Bufanda de Alpaca Medio Uyuni, una cautivadora fusi\u00f3n de dise\u00f1o contempor\u00e1neo y elegancia atemporal. Inspirada en la belleza sobrenatural del Salar de Uyuni de Bolivia, esta bufanda resume los fascinantes contrastes y los paisajes et\u00e9reos del salar m\u00e1s grande del mundo.<\/p>\n<p>Confeccionada con la mejor lana de alpaca boliviana, la Bufanda de Alpaca Medio Uyuni combina una lujosa suavidad con una calidez incomparable, lo que garantiza que te mantengas elegante y acogedor en cualquier clima. Su exclusivo dise\u00f1o mitad y mitad refleja la sorprendente dualidad del Salar de Uyuni, donde el cielo se encuentra con la tierra en una impresionante exhibici\u00f3n de belleza natural.<\/p>\n<p>Envu\u00e9lvete en el suntuoso abrazo de la Bufanda de Alpaca Medio Uyuni y emb\u00e1rcate en un viaje de estilo y sofisticaci\u00f3n. Ya sea que est\u00e9 explorando junglas urbanas o escapando a la tranquilidad de la naturaleza, deje que esta bufanda sea su compa\u00f1era elegante y agregue un toque de estilo boliviano a cada conjunto.<\/p>\n<p>Eleva tu guardarropa de invierno con el encanto vanguardista de la Bufanda de Alpaca Medio Uyuni. Experimente el encanto de las maravillas naturales de Bolivia y haga una declaraci\u00f3n de estilo audaz dondequiera que vaya.<\/p>","protected":false},"excerpt":{"rendered":"<h3><strong>Bufanda de Alpaca Medio Uyuni<\/strong><\/h3>\n<p>Experimenta la cautivadora belleza del Salar de Uyuni de Bolivia con nuestra Bufanda de Alpaca Medio Uyuni. Confeccionado con la mejor lana de alpaca, combina un dise\u00f1o contempor\u00e1neo con una elegancia atemporal. Eleva tu estilo invernal con este accesorio \u00fanico, perfecto para hacer una declaraci\u00f3n de moda audaz.<\/p>","protected":false},"featured_media":1064,"comment_status":"open","ping_status":"closed","template":"","meta":{"_monsterinsights_skip_tracking":false,"_monsterinsights_sitenote_active":false,"_monsterinsights_sitenote_note":"","_monsterinsights_sitenote_category":0},"product_brand":[],"product_cat":[30,31],"product_tag":[125,124,122,51],"class_list":{"0":"post-1062","1":"product","2":"type-product","3":"status-publish","4":"has-post-thumbnail","6":"product_cat-accessories","7":"product_cat-scarves","8":"product_tag-alpaca-accesories","9":"product_tag-alpaca-garments","10":"product_tag-alpaca-scarf","11":"product_tag-baby-alpaca","13":"first","14":"instock","15":"shipping-taxable","16":"purchasable","17":"product-type-simple"},"_links":{"self":[{"href":"https:\/\/lambolivia.com\/es\/wp-json\/wp\/v2\/product\/1062","targetHints":{"allow":["GET"]}}],"collection":[{"href":"https:\/\/lambolivia.com\/es\/wp-json\/wp\/v2\/product"}],"about":[{"href":"https:\/\/lambolivia.com\/es\/wp-json\/wp\/v2\/types\/product"}],"replies":[{"embeddable":true,"href":"https:\/\/lambolivia.com\/es\/wp-json\/wp\/v2\/comments?post=1062"}],"wp:featuredmedia":[{"embeddable":true,"href":"https:\/\/lambolivia.com\/es\/wp-json\/wp\/v2\/media\/1064"}],"wp:attachment":[{"href":"https:\/\/lambolivia.com\/es\/wp-json\/wp\/v2\/media?parent=1062"}],"wp:term":[{"taxonomy":"product_brand","embeddable":true,"href":"https:\/\/lambolivia.com\/es\/wp-json\/wp\/v2\/product_brand?post=1062"},{"taxonomy":"product_cat","embeddable":true,"href":"https:\/\/lambolivia.com\/es\/wp-json\/wp\/v2\/product_cat?post=1062"},{"taxonomy":"product_tag","embeddable":true,"href":"https:\/\/lambolivia.com\/es\/wp-json\/wp\/v2\/product_tag?post=1062"}],"curies":[{"name":"wp","href":"https:\/\/api.w.org\/{rel}","templated":true}]}}