{"id":1031,"date":"2024-03-25T16:50:51","date_gmt":"2024-03-25T20:50:51","guid":{"rendered":"https:\/\/lambolivia.com\/?post_type=product&#038;p=1031"},"modified":"2025-10-25T11:49:14","modified_gmt":"2025-10-25T15:49:14","slug":"alpaca-scarf-la-paz","status":"publish","type":"product","link":"https:\/\/lambolivia.com\/es\/producto\/alpaca-scarf-la-paz\/","title":{"rendered":"Bufanda de Alpaca La Paz"},"content":{"rendered":"<h3><strong>Bufanda de Alpaca La Paz<\/strong><\/h3>\n<p>Eleve su conjunto de invierno a nuevas alturas de sofisticaci\u00f3n con nuestra Bufanda de Alpaca La Paz, un tributo a la energ\u00eda vibrante y la riqueza cultural de la capital de Bolivia. Inspirada en las bulliciosas calles y los majestuosos paisajes de La Paz, esta bufanda encarna el esp\u00edritu de elegancia urbana y encanto andino.<\/p>\n<p>Eleve su conjunto de invierno a nuevas alturas de sofisticaci\u00f3n con nuestra Bufanda de Alpaca La Paz, un tributo a la energ\u00eda vibrante y la riqueza cultural de la capital de Bolivia. Inspirada en las bulliciosas calles y los majestuosos paisajes de La Paz, esta bufanda encarna el esp\u00edritu de elegancia urbana y encanto andino.<\/p>\n<p>Envu\u00e9lvete en la lujosa calidez de la Bufanda de Alpaca La Paz mientras navegas por las vibrantes calles y los bulliciosos mercados de la ciudad. Su naturaleza liviana pero aislante lo convierte en el accesorio perfecto tanto para el trabajo como para el ocio, lo que le garantiza estar elegante y acogedor dondequiera que vaya.<\/p>\n<p>Eleva tu guardarropa de invierno con el encanto cosmopolita de la Bufanda de Alpaca La Paz. Ya sea que est\u00e9 explorando lugares hist\u00f3ricos o reuni\u00e9ndose con amigos para tomar un caf\u00e9, deje que esta bufanda sea su compa\u00f1era elegante y agregue un toque de estilo boliviano a cada conjunto.<\/p>","protected":false},"excerpt":{"rendered":"<h3><strong>Bufanda de Alpaca La Paz<\/strong><\/h3>\n<p>Experimente el encanto cosmopolita de la capital de Bolivia con nuestra Bufanda de Alpaca La Paz. Confeccionado con la mejor lana de alpaca, combina la elegancia urbana con el encanto andino. Eleva tu estilo invernal con este lujoso accesorio, perfecto para cualquier ocasi\u00f3n.<\/p>","protected":false},"featured_media":1034,"comment_status":"open","ping_status":"closed","template":"","meta":{"_monsterinsights_skip_tracking":false,"_monsterinsights_sitenote_active":false,"_monsterinsights_sitenote_note":"","_monsterinsights_sitenote_category":0},"product_brand":[],"product_cat":[30,31],"product_tag":[125,124,122,51],"class_list":{"0":"post-1031","1":"product","2":"type-product","3":"status-publish","4":"has-post-thumbnail","6":"product_cat-accessories","7":"product_cat-scarves","8":"product_tag-alpaca-accesories","9":"product_tag-alpaca-garments","10":"product_tag-alpaca-scarf","11":"product_tag-baby-alpaca","12":"pa_color-beige","13":"pa_color-black","14":"pa_color-cyan","15":"pa_color-purple","16":"pa_color-red","17":"pa_color-yellow","19":"first","20":"instock","21":"shipping-taxable","22":"purchasable","23":"product-type-variable","24":"has-default-attributes","25":"rtwpvg-product"},"_links":{"self":[{"href":"https:\/\/lambolivia.com\/es\/wp-json\/wp\/v2\/product\/1031","targetHints":{"allow":["GET"]}}],"collection":[{"href":"https:\/\/lambolivia.com\/es\/wp-json\/wp\/v2\/product"}],"about":[{"href":"https:\/\/lambolivia.com\/es\/wp-json\/wp\/v2\/types\/product"}],"replies":[{"embeddable":true,"href":"https:\/\/lambolivia.com\/es\/wp-json\/wp\/v2\/comments?post=1031"}],"wp:featuredmedia":[{"embeddable":true,"href":"https:\/\/lambolivia.com\/es\/wp-json\/wp\/v2\/media\/1034"}],"wp:attachment":[{"href":"https:\/\/lambolivia.com\/es\/wp-json\/wp\/v2\/media?parent=1031"}],"wp:term":[{"taxonomy":"product_brand","embeddable":true,"href":"https:\/\/lambolivia.com\/es\/wp-json\/wp\/v2\/product_brand?post=1031"},{"taxonomy":"product_cat","embeddable":true,"href":"https:\/\/lambolivia.com\/es\/wp-json\/wp\/v2\/product_cat?post=1031"},{"taxonomy":"product_tag","embeddable":true,"href":"https:\/\/lambolivia.com\/es\/wp-json\/wp\/v2\/product_tag?post=1031"}],"curies":[{"name":"wp","href":"https:\/\/api.w.org\/{rel}","templated":true}]}}