{"id":1008,"date":"2024-03-25T15:59:27","date_gmt":"2024-03-25T19:59:27","guid":{"rendered":"https:\/\/lambolivia.com\/?post_type=product&#038;p=1008"},"modified":"2025-11-26T13:52:27","modified_gmt":"2025-11-26T17:52:27","slug":"alpaca-scarf-uyuni","status":"publish","type":"product","link":"https:\/\/lambolivia.com\/es\/producto\/alpaca-scarf-uyuni\/","title":{"rendered":"Bufanda de Alpaca Uyuni"},"content":{"rendered":"<h3><strong>Bufanda de Alpaca Uyuni<\/strong><\/h3>\n<p>Emb\u00e1rcate en un viaje de serenidad y elegancia con nuestra Bufanda de Alpaca Uyuni, inspirada en los impresionantes paisajes del Salar de Uyuni de Bolivia. Confeccionada con la mejor lana de alpaca boliviana, esta bufanda captura la belleza et\u00e9rea y la tranquilidad del salar m\u00e1s grande del mundo, invit\u00e1ndote a envolverte en un capullo de lujo, comodidad y estilo.<\/p>\n<p>Cada Bufanda de Alpaca Uyuni est\u00e1 meticulosamente tejida a mano por expertos artesanos, lo que garantiza una calidad excepcional y atenci\u00f3n al detalle. Las delicadas texturas y los tonos sutiles del pa\u00f1uelo evocan la fascinante interacci\u00f3n de luces y sombras que adorna la vasta extensi\u00f3n del Salar de Uyuni, creando una sensaci\u00f3n de elegancia atemporal y discreta sofisticaci\u00f3n.<\/p>\n<p>Envu\u00e9lvete en la sublime belleza de la Bufanda de Alpaca Uyuni mientras navegas por el ajetreo y el bullicio de la vida diaria. Su naturaleza ligera pero aislante lo convierte en el accesorio perfecto tanto para el trabajo como para el ocio, aportando un toque de lujo refinado a cualquier conjunto.<\/p>\n<p>Eleva tu guardarropa de invierno con el encanto sereno de la Bufanda de Alpaca Uyuni. Ya sea que est\u00e9s explorando paisajes urbanos o escapando a la tranquilidad de la naturaleza, deja que esta bufanda sea tu compa\u00f1era elegante en cada viaje.<\/p>","protected":false},"excerpt":{"rendered":"<h3><strong>Bufanda de Alpaca Uyuni<\/strong><\/h3>\n<p>Experimente la belleza sublime del Salar de Uyuni de Bolivia con nuestra Bufanda de Alpaca Uyuni. Confeccionado con la mejor lana de alpaca boliviana, lo envuelve en una comodidad lujosa y una elegancia discreta. Eleva tu estilo invernal con este sereno accesorio, perfecto para cualquier ocasi\u00f3n.<\/p>","protected":false},"featured_media":1010,"comment_status":"open","ping_status":"closed","template":"","meta":{"_monsterinsights_skip_tracking":false,"_monsterinsights_sitenote_active":false,"_monsterinsights_sitenote_note":"","_monsterinsights_sitenote_category":0},"product_brand":[],"product_cat":[30,31],"product_tag":[128,124,122,51],"class_list":{"0":"post-1008","1":"product","2":"type-product","3":"status-publish","4":"has-post-thumbnail","6":"product_cat-accessories","7":"product_cat-scarves","8":"product_tag-alpaca-accesoriess","9":"product_tag-alpaca-garments","10":"product_tag-alpaca-scarf","11":"product_tag-baby-alpaca","12":"pa_color-green","13":"pa_color-yellow","15":"first","16":"instock","17":"shipping-taxable","18":"purchasable","19":"product-type-variable","20":"has-default-attributes","21":"rtwpvg-product"},"_links":{"self":[{"href":"https:\/\/lambolivia.com\/es\/wp-json\/wp\/v2\/product\/1008","targetHints":{"allow":["GET"]}}],"collection":[{"href":"https:\/\/lambolivia.com\/es\/wp-json\/wp\/v2\/product"}],"about":[{"href":"https:\/\/lambolivia.com\/es\/wp-json\/wp\/v2\/types\/product"}],"replies":[{"embeddable":true,"href":"https:\/\/lambolivia.com\/es\/wp-json\/wp\/v2\/comments?post=1008"}],"wp:featuredmedia":[{"embeddable":true,"href":"https:\/\/lambolivia.com\/es\/wp-json\/wp\/v2\/media\/1010"}],"wp:attachment":[{"href":"https:\/\/lambolivia.com\/es\/wp-json\/wp\/v2\/media?parent=1008"}],"wp:term":[{"taxonomy":"product_brand","embeddable":true,"href":"https:\/\/lambolivia.com\/es\/wp-json\/wp\/v2\/product_brand?post=1008"},{"taxonomy":"product_cat","embeddable":true,"href":"https:\/\/lambolivia.com\/es\/wp-json\/wp\/v2\/product_cat?post=1008"},{"taxonomy":"product_tag","embeddable":true,"href":"https:\/\/lambolivia.com\/es\/wp-json\/wp\/v2\/product_tag?post=1008"}],"curies":[{"name":"wp","href":"https:\/\/api.w.org\/{rel}","templated":true}]}}